{"id":7404,"date":"2020-03-06T13:13:53","date_gmt":"2020-03-06T11:13:53","guid":{"rendered":"https:\/\/www.ombudsman.hr\/hr\/?page_id=7404"},"modified":"2025-08-28T16:06:44","modified_gmt":"2025-08-28T14:06:44","slug":"zaposljavanje","status":"publish","type":"page","link":"https:\/\/www.ombudsman.hr\/hr\/zaposljavanje\/","title":{"rendered":"Zapo\u0161ljavanje"},"content":{"rendered":"\t\t<div data-elementor-type=\"wp-page\" data-elementor-id=\"7404\" class=\"elementor elementor-7404\" data-elementor-post-type=\"page\">\n\t\t\t\t\t\t<section class=\"elementor-section elementor-top-section elementor-element elementor-element-8a774e2 elementor-section-height-min-height elementor-section-boxed elementor-section-height-default elementor-section-items-middle\" data-id=\"8a774e2\" data-element_type=\"section\" data-e-type=\"section\" data-settings=\"{&quot;background_background&quot;:&quot;classic&quot;}\">\n\t\t\t\t\t\t<div class=\"elementor-container elementor-column-gap-default\">\n\t\t\t\t\t<div class=\"elementor-column elementor-col-100 elementor-top-column elementor-element elementor-element-8712a56\" data-id=\"8712a56\" data-element_type=\"column\" data-e-type=\"column\">\n\t\t\t<div class=\"elementor-widget-wrap elementor-element-populated\">\n\t\t\t\t\t\t<div class=\"elementor-element elementor-element-18de2c2 elementor-widget elementor-widget-heading\" data-id=\"18de2c2\" data-element_type=\"widget\" data-e-type=\"widget\" data-widget_type=\"heading.default\">\n\t\t\t\t<div class=\"elementor-widget-container\">\n\t\t\t\t\t<h1 class=\"elementor-heading-title elementor-size-default\">Zapo\u0161ljavanje<\/h1>\t\t\t\t<\/div>\n\t\t\t\t<\/div>\n\t\t\t\t\t<\/div>\n\t\t<\/div>\n\t\t\t\t\t<\/div>\n\t\t<\/section>\n\t\t\t\t<section class=\"elementor-section elementor-top-section elementor-element elementor-element-e71a1bb elementor-section-boxed elementor-section-height-default elementor-section-height-default\" data-id=\"e71a1bb\" data-element_type=\"section\" data-e-type=\"section\">\n\t\t\t\t\t\t<div class=\"elementor-container elementor-column-gap-default\">\n\t\t\t\t\t<div class=\"elementor-column elementor-col-100 elementor-top-column elementor-element elementor-element-1df20f3\" data-id=\"1df20f3\" data-element_type=\"column\" data-e-type=\"column\">\n\t\t\t<div class=\"elementor-widget-wrap elementor-element-populated\">\n\t\t\t\t\t\t<div class=\"elementor-element elementor-element-e9b88e6 elementor-grid-4 elementor-grid-tablet-2 elementor-grid-mobile-1 elementor-posts--thumbnail-top elementor-widget elementor-widget-posts\" data-id=\"e9b88e6\" data-element_type=\"widget\" data-e-type=\"widget\" data-settings=\"{&quot;classic_columns&quot;:&quot;4&quot;,&quot;pagination_type&quot;:&quot;load_more_infinite_scroll&quot;,&quot;classic_columns_tablet&quot;:&quot;2&quot;,&quot;classic_columns_mobile&quot;:&quot;1&quot;,&quot;classic_row_gap&quot;:{&quot;unit&quot;:&quot;px&quot;,&quot;size&quot;:35,&quot;sizes&quot;:[]},&quot;classic_row_gap_tablet&quot;:{&quot;unit&quot;:&quot;px&quot;,&quot;size&quot;:&quot;&quot;,&quot;sizes&quot;:[]},&quot;classic_row_gap_mobile&quot;:{&quot;unit&quot;:&quot;px&quot;,&quot;size&quot;:&quot;&quot;,&quot;sizes&quot;:[]},&quot;load_more_spinner&quot;:{&quot;value&quot;:&quot;fas fa-spinner&quot;,&quot;library&quot;:&quot;fa-solid&quot;}}\" data-widget_type=\"posts.classic\">\n\t\t\t\t<div class=\"elementor-widget-container\">\n\t\t\t\t\t\t\t<div class=\"elementor-posts-container elementor-posts elementor-posts--skin-classic elementor-grid\" role=\"list\">\n\t\t\t\t<article class=\"elementor-post elementor-grid-item post-23057 post type-post status-publish format-standard has-post-thumbnail hentry category-novosti category-zaposljavanje\" role=\"listitem\">\n\t\t\t\t<a class=\"elementor-post__thumbnail__link\" href=\"https:\/\/www.ombudsman.hr\/hr\/obavijest-o-internom-oglasu\/\" tabindex=\"-1\" >\n\t\t\t<div class=\"elementor-post__thumbnail\"><img fetchpriority=\"high\" decoding=\"async\" width=\"362\" height=\"277\" src=\"https:\/\/www.ombudsman.hr\/wp-content\/uploads\/2022\/12\/Logo.bez_.naziva.png\" class=\"attachment-full size-full wp-image-15085\" alt=\"Logo pu\u010dke pravobraniteljice\" srcset=\"https:\/\/www.ombudsman.hr\/wp-content\/uploads\/2022\/12\/Logo.bez_.naziva.png 362w, https:\/\/www.ombudsman.hr\/wp-content\/uploads\/2022\/12\/Logo.bez_.naziva-300x230.png 300w\" sizes=\"(max-width: 362px) 100vw, 362px\" \/><\/div>\n\t\t<\/a>\n\t\t\t\t<div class=\"elementor-post__text\">\n\t\t\t\t<h3 class=\"elementor-post__title\">\n\t\t\t<a href=\"https:\/\/www.ombudsman.hr\/hr\/obavijest-o-internom-oglasu\/\" >\n\t\t\t\tObavijest o internom oglasu\t\t\t<\/a>\n\t\t<\/h3>\n\t\t\t\t<div class=\"elementor-post__meta-data\">\n\t\t\t\t\t<span class=\"elementor-post-date\">\n\t\t\t13.03.2026.\t\t<\/span>\n\t\t\t\t<\/div>\n\t\t\n\t\t<a class=\"elementor-post__read-more\" href=\"https:\/\/www.ombudsman.hr\/hr\/obavijest-o-internom-oglasu\/\" aria-label=\"Read more about Obavijest o internom oglasu\" tabindex=\"-1\" >\n\t\t\tVi\u0161e \u00bb\t\t<\/a>\n\n\t\t\t\t<\/div>\n\t\t\t\t<\/article>\n\t\t\t\t<article class=\"elementor-post elementor-grid-item post-22679 post type-post status-publish format-standard has-post-thumbnail hentry category-novosti category-zaposljavanje\" role=\"listitem\">\n\t\t\t\t<a class=\"elementor-post__thumbnail__link\" href=\"https:\/\/www.ombudsman.hr\/hr\/odluka-o-obustavi-postupka-javnog-natjecaja-za-prijam-u-drzavnu-sluzbu-na-neodredeno-vrijeme\/\" tabindex=\"-1\" >\n\t\t\t<div class=\"elementor-post__thumbnail\"><img fetchpriority=\"high\" decoding=\"async\" width=\"362\" height=\"277\" src=\"https:\/\/www.ombudsman.hr\/wp-content\/uploads\/2022\/12\/Logo.bez_.naziva.png\" class=\"attachment-full size-full wp-image-15085\" alt=\"Logo pu\u010dke pravobraniteljice\" srcset=\"https:\/\/www.ombudsman.hr\/wp-content\/uploads\/2022\/12\/Logo.bez_.naziva.png 362w, https:\/\/www.ombudsman.hr\/wp-content\/uploads\/2022\/12\/Logo.bez_.naziva-300x230.png 300w\" sizes=\"(max-width: 362px) 100vw, 362px\" \/><\/div>\n\t\t<\/a>\n\t\t\t\t<div class=\"elementor-post__text\">\n\t\t\t\t<h3 class=\"elementor-post__title\">\n\t\t\t<a href=\"https:\/\/www.ombudsman.hr\/hr\/odluka-o-obustavi-postupka-javnog-natjecaja-za-prijam-u-drzavnu-sluzbu-na-neodredeno-vrijeme\/\" >\n\t\t\t\tOdluka o obustavi postupka Javnog natje\u010daja za prijam u dr\u017eavnu slu\u017ebu na neodre\u0111eno vrijeme\t\t\t<\/a>\n\t\t<\/h3>\n\t\t\t\t<div class=\"elementor-post__meta-data\">\n\t\t\t\t\t<span class=\"elementor-post-date\">\n\t\t\t12.12.2025.\t\t<\/span>\n\t\t\t\t<\/div>\n\t\t\n\t\t<a class=\"elementor-post__read-more\" href=\"https:\/\/www.ombudsman.hr\/hr\/odluka-o-obustavi-postupka-javnog-natjecaja-za-prijam-u-drzavnu-sluzbu-na-neodredeno-vrijeme\/\" aria-label=\"Read more about Odluka o obustavi postupka Javnog natje\u010daja za prijam u dr\u017eavnu slu\u017ebu na neodre\u0111eno vrijeme\" tabindex=\"-1\" >\n\t\t\tVi\u0161e \u00bb\t\t<\/a>\n\n\t\t\t\t<\/div>\n\t\t\t\t<\/article>\n\t\t\t\t<article class=\"elementor-post elementor-grid-item post-22265 post type-post status-publish format-standard has-post-thumbnail hentry category-novosti category-zaposljavanje\" role=\"listitem\">\n\t\t\t\t<a class=\"elementor-post__thumbnail__link\" href=\"https:\/\/www.ombudsman.hr\/hr\/obavijest-o-javnom-natjecaju\/\" tabindex=\"-1\" >\n\t\t\t<div class=\"elementor-post__thumbnail\"><img fetchpriority=\"high\" decoding=\"async\" width=\"362\" height=\"277\" src=\"https:\/\/www.ombudsman.hr\/wp-content\/uploads\/2022\/12\/Logo.bez_.naziva.png\" class=\"attachment-full size-full wp-image-15085\" alt=\"Logo pu\u010dke pravobraniteljice\" srcset=\"https:\/\/www.ombudsman.hr\/wp-content\/uploads\/2022\/12\/Logo.bez_.naziva.png 362w, https:\/\/www.ombudsman.hr\/wp-content\/uploads\/2022\/12\/Logo.bez_.naziva-300x230.png 300w\" sizes=\"(max-width: 362px) 100vw, 362px\" \/><\/div>\n\t\t<\/a>\n\t\t\t\t<div class=\"elementor-post__text\">\n\t\t\t\t<h3 class=\"elementor-post__title\">\n\t\t\t<a href=\"https:\/\/www.ombudsman.hr\/hr\/obavijest-o-javnom-natjecaju\/\" >\n\t\t\t\tObavijest o javnom natje\u010daju\t\t\t<\/a>\n\t\t<\/h3>\n\t\t\t\t<div class=\"elementor-post__meta-data\">\n\t\t\t\t\t<span class=\"elementor-post-date\">\n\t\t\t16.09.2025.\t\t<\/span>\n\t\t\t\t<\/div>\n\t\t\n\t\t<a class=\"elementor-post__read-more\" href=\"https:\/\/www.ombudsman.hr\/hr\/obavijest-o-javnom-natjecaju\/\" aria-label=\"Read more about Obavijest o javnom natje\u010daju\" tabindex=\"-1\" >\n\t\t\tVi\u0161e \u00bb\t\t<\/a>\n\n\t\t\t\t<\/div>\n\t\t\t\t<\/article>\n\t\t\t\t<article class=\"elementor-post elementor-grid-item post-21525 post type-post status-publish format-standard has-post-thumbnail hentry category-zaposljavanje\" role=\"listitem\">\n\t\t\t\t<a class=\"elementor-post__thumbnail__link\" href=\"https:\/\/www.ombudsman.hr\/hr\/rjesenja-o-prijmu-u-drzavnu-sluzbu\/\" tabindex=\"-1\" >\n\t\t\t<div class=\"elementor-post__thumbnail\"><img fetchpriority=\"high\" decoding=\"async\" width=\"362\" height=\"277\" src=\"https:\/\/www.ombudsman.hr\/wp-content\/uploads\/2022\/12\/Logo.bez_.naziva.png\" class=\"attachment-full size-full wp-image-15085\" alt=\"Logo pu\u010dke pravobraniteljice\" srcset=\"https:\/\/www.ombudsman.hr\/wp-content\/uploads\/2022\/12\/Logo.bez_.naziva.png 362w, https:\/\/www.ombudsman.hr\/wp-content\/uploads\/2022\/12\/Logo.bez_.naziva-300x230.png 300w\" sizes=\"(max-width: 362px) 100vw, 362px\" \/><\/div>\n\t\t<\/a>\n\t\t\t\t<div class=\"elementor-post__text\">\n\t\t\t\t<h3 class=\"elementor-post__title\">\n\t\t\t<a href=\"https:\/\/www.ombudsman.hr\/hr\/rjesenja-o-prijmu-u-drzavnu-sluzbu\/\" >\n\t\t\t\tRje\u0161enja o prijmu u dr\u017eavnu slu\u017ebu\t\t\t<\/a>\n\t\t<\/h3>\n\t\t\t\t<div class=\"elementor-post__meta-data\">\n\t\t\t\t\t<span class=\"elementor-post-date\">\n\t\t\t30.12.2024.\t\t<\/span>\n\t\t\t\t<\/div>\n\t\t\n\t\t<a class=\"elementor-post__read-more\" href=\"https:\/\/www.ombudsman.hr\/hr\/rjesenja-o-prijmu-u-drzavnu-sluzbu\/\" aria-label=\"Read more about Rje\u0161enja o prijmu u dr\u017eavnu slu\u017ebu\" tabindex=\"-1\" >\n\t\t\tVi\u0161e \u00bb\t\t<\/a>\n\n\t\t\t\t<\/div>\n\t\t\t\t<\/article>\n\t\t\t\t<article class=\"elementor-post elementor-grid-item post-21506 post type-post status-publish format-standard has-post-thumbnail hentry category-novosti category-zaposljavanje\" role=\"listitem\">\n\t\t\t\t<a class=\"elementor-post__thumbnail__link\" href=\"https:\/\/www.ombudsman.hr\/hr\/obavijest-o-rezultatima-druge-faze-pisanog-testiranja-engleski-jezik-i-poziv-na-razgovor-intervju\/\" tabindex=\"-1\" >\n\t\t\t<div class=\"elementor-post__thumbnail\"><img fetchpriority=\"high\" decoding=\"async\" width=\"362\" height=\"277\" src=\"https:\/\/www.ombudsman.hr\/wp-content\/uploads\/2022\/12\/Logo.bez_.naziva.png\" class=\"attachment-full size-full wp-image-15085\" alt=\"Logo pu\u010dke pravobraniteljice\" srcset=\"https:\/\/www.ombudsman.hr\/wp-content\/uploads\/2022\/12\/Logo.bez_.naziva.png 362w, https:\/\/www.ombudsman.hr\/wp-content\/uploads\/2022\/12\/Logo.bez_.naziva-300x230.png 300w\" sizes=\"(max-width: 362px) 100vw, 362px\" \/><\/div>\n\t\t<\/a>\n\t\t\t\t<div class=\"elementor-post__text\">\n\t\t\t\t<h3 class=\"elementor-post__title\">\n\t\t\t<a href=\"https:\/\/www.ombudsman.hr\/hr\/obavijest-o-rezultatima-druge-faze-pisanog-testiranja-engleski-jezik-i-poziv-na-razgovor-intervju\/\" >\n\t\t\t\tObavijest o rezultatima druge faze pisanog testiranja (engleski jezik) i poziv na razgovor (intervju)\t\t\t<\/a>\n\t\t<\/h3>\n\t\t\t\t<div class=\"elementor-post__meta-data\">\n\t\t\t\t\t<span class=\"elementor-post-date\">\n\t\t\t05.12.2024.\t\t<\/span>\n\t\t\t\t<\/div>\n\t\t\n\t\t<a class=\"elementor-post__read-more\" href=\"https:\/\/www.ombudsman.hr\/hr\/obavijest-o-rezultatima-druge-faze-pisanog-testiranja-engleski-jezik-i-poziv-na-razgovor-intervju\/\" aria-label=\"Read more about Obavijest o rezultatima druge faze pisanog testiranja (engleski jezik) i poziv na razgovor (intervju)\" tabindex=\"-1\" >\n\t\t\tVi\u0161e \u00bb\t\t<\/a>\n\n\t\t\t\t<\/div>\n\t\t\t\t<\/article>\n\t\t\t\t<article class=\"elementor-post elementor-grid-item post-21501 post type-post status-publish format-standard has-post-thumbnail hentry category-zaposljavanje\" role=\"listitem\">\n\t\t\t\t<a class=\"elementor-post__thumbnail__link\" href=\"https:\/\/www.ombudsman.hr\/hr\/obavijest-o-rezultatima-prve-faze-pisanog-testiranja-provjere-znanja-sposobnosti-i-vje-tina\/\" tabindex=\"-1\" >\n\t\t\t<div class=\"elementor-post__thumbnail\"><img fetchpriority=\"high\" decoding=\"async\" width=\"362\" height=\"277\" src=\"https:\/\/www.ombudsman.hr\/wp-content\/uploads\/2022\/12\/Logo.bez_.naziva.png\" class=\"attachment-full size-full wp-image-15085\" alt=\"Logo pu\u010dke pravobraniteljice\" srcset=\"https:\/\/www.ombudsman.hr\/wp-content\/uploads\/2022\/12\/Logo.bez_.naziva.png 362w, https:\/\/www.ombudsman.hr\/wp-content\/uploads\/2022\/12\/Logo.bez_.naziva-300x230.png 300w\" sizes=\"(max-width: 362px) 100vw, 362px\" \/><\/div>\n\t\t<\/a>\n\t\t\t\t<div class=\"elementor-post__text\">\n\t\t\t\t<h3 class=\"elementor-post__title\">\n\t\t\t<a href=\"https:\/\/www.ombudsman.hr\/hr\/obavijest-o-rezultatima-prve-faze-pisanog-testiranja-provjere-znanja-sposobnosti-i-vje-tina\/\" >\n\t\t\t\tObavijest o rezultatima prve faze pisanog testiranja provjere znanja, sposobnosti i vje\u0161tina\t\t\t<\/a>\n\t\t<\/h3>\n\t\t\t\t<div class=\"elementor-post__meta-data\">\n\t\t\t\t\t<span class=\"elementor-post-date\">\n\t\t\t28.11.2024.\t\t<\/span>\n\t\t\t\t<\/div>\n\t\t\n\t\t<a class=\"elementor-post__read-more\" href=\"https:\/\/www.ombudsman.hr\/hr\/obavijest-o-rezultatima-prve-faze-pisanog-testiranja-provjere-znanja-sposobnosti-i-vje-tina\/\" aria-label=\"Read more about Obavijest o rezultatima prve faze pisanog testiranja provjere znanja, sposobnosti i vje\u0161tina\" tabindex=\"-1\" >\n\t\t\tVi\u0161e \u00bb\t\t<\/a>\n\n\t\t\t\t<\/div>\n\t\t\t\t<\/article>\n\t\t\t\t<article class=\"elementor-post elementor-grid-item post-21491 post type-post status-publish format-standard has-post-thumbnail hentry category-zaposljavanje\" role=\"listitem\">\n\t\t\t\t<a class=\"elementor-post__thumbnail__link\" href=\"https:\/\/www.ombudsman.hr\/hr\/obavijest-o-testiranju\/\" tabindex=\"-1\" >\n\t\t\t<div class=\"elementor-post__thumbnail\"><img fetchpriority=\"high\" decoding=\"async\" width=\"362\" height=\"277\" src=\"https:\/\/www.ombudsman.hr\/wp-content\/uploads\/2022\/12\/Logo.bez_.naziva.png\" class=\"attachment-full size-full wp-image-15085\" alt=\"Logo pu\u010dke pravobraniteljice\" srcset=\"https:\/\/www.ombudsman.hr\/wp-content\/uploads\/2022\/12\/Logo.bez_.naziva.png 362w, https:\/\/www.ombudsman.hr\/wp-content\/uploads\/2022\/12\/Logo.bez_.naziva-300x230.png 300w\" sizes=\"(max-width: 362px) 100vw, 362px\" \/><\/div>\n\t\t<\/a>\n\t\t\t\t<div class=\"elementor-post__text\">\n\t\t\t\t<h3 class=\"elementor-post__title\">\n\t\t\t<a href=\"https:\/\/www.ombudsman.hr\/hr\/obavijest-o-testiranju\/\" >\n\t\t\t\tObavijest o testiranju\t\t\t<\/a>\n\t\t<\/h3>\n\t\t\t\t<div class=\"elementor-post__meta-data\">\n\t\t\t\t\t<span class=\"elementor-post-date\">\n\t\t\t22.11.2024.\t\t<\/span>\n\t\t\t\t<\/div>\n\t\t\n\t\t<a class=\"elementor-post__read-more\" href=\"https:\/\/www.ombudsman.hr\/hr\/obavijest-o-testiranju\/\" aria-label=\"Read more about Obavijest o testiranju\" tabindex=\"-1\" >\n\t\t\tVi\u0161e \u00bb\t\t<\/a>\n\n\t\t\t\t<\/div>\n\t\t\t\t<\/article>\n\t\t\t\t<article class=\"elementor-post elementor-grid-item post-21464 post type-post status-publish format-standard has-post-thumbnail hentry category-natjecaji-interni-oglasi category-novosti category-zaposljavanje\" role=\"listitem\">\n\t\t\t\t<a class=\"elementor-post__thumbnail__link\" href=\"https:\/\/www.ombudsman.hr\/hr\/javni-natjecaj-za-prijam-u-drzavnu-sluzbu-na-neodredeno-vrijeme-u-ured-pucke-pravobraniteljice\/\" tabindex=\"-1\" >\n\t\t\t<div class=\"elementor-post__thumbnail\"><img fetchpriority=\"high\" decoding=\"async\" width=\"362\" height=\"277\" src=\"https:\/\/www.ombudsman.hr\/wp-content\/uploads\/2022\/12\/Logo.bez_.naziva.png\" class=\"attachment-full size-full wp-image-15085\" alt=\"Logo pu\u010dke pravobraniteljice\" srcset=\"https:\/\/www.ombudsman.hr\/wp-content\/uploads\/2022\/12\/Logo.bez_.naziva.png 362w, https:\/\/www.ombudsman.hr\/wp-content\/uploads\/2022\/12\/Logo.bez_.naziva-300x230.png 300w\" sizes=\"(max-width: 362px) 100vw, 362px\" \/><\/div>\n\t\t<\/a>\n\t\t\t\t<div class=\"elementor-post__text\">\n\t\t\t\t<h3 class=\"elementor-post__title\">\n\t\t\t<a href=\"https:\/\/www.ombudsman.hr\/hr\/javni-natjecaj-za-prijam-u-drzavnu-sluzbu-na-neodredeno-vrijeme-u-ured-pucke-pravobraniteljice\/\" >\n\t\t\t\tJavni natje\u010daj za prijam u dr\u017eavnu slu\u017ebu na neodre\u0111eno vrijeme u Ured pu\u010dke pravobraniteljice\t\t\t<\/a>\n\t\t<\/h3>\n\t\t\t\t<div class=\"elementor-post__meta-data\">\n\t\t\t\t\t<span class=\"elementor-post-date\">\n\t\t\t09.10.2024.\t\t<\/span>\n\t\t\t\t<\/div>\n\t\t\n\t\t<a class=\"elementor-post__read-more\" href=\"https:\/\/www.ombudsman.hr\/hr\/javni-natjecaj-za-prijam-u-drzavnu-sluzbu-na-neodredeno-vrijeme-u-ured-pucke-pravobraniteljice\/\" aria-label=\"Read more about Javni natje\u010daj za prijam u dr\u017eavnu slu\u017ebu na neodre\u0111eno vrijeme u Ured pu\u010dke pravobraniteljice\" tabindex=\"-1\" >\n\t\t\tVi\u0161e \u00bb\t\t<\/a>\n\n\t\t\t\t<\/div>\n\t\t\t\t<\/article>\n\t\t\t\t<article class=\"elementor-post elementor-grid-item post-18230 post type-post status-publish format-standard has-post-thumbnail hentry category-zaposljavanje\" role=\"listitem\">\n\t\t\t\t<a class=\"elementor-post__thumbnail__link\" href=\"https:\/\/www.ombudsman.hr\/hr\/javni-poziv-za-izbor-zamjenika-zamjenice-pu-ke-pravobraniteljice\/\" tabindex=\"-1\" >\n\t\t\t<div class=\"elementor-post__thumbnail\"><img fetchpriority=\"high\" decoding=\"async\" width=\"362\" height=\"277\" src=\"https:\/\/www.ombudsman.hr\/wp-content\/uploads\/2022\/12\/Logo.bez_.naziva.png\" class=\"attachment-full size-full wp-image-15085\" alt=\"Logo pu\u010dke pravobraniteljice\" srcset=\"https:\/\/www.ombudsman.hr\/wp-content\/uploads\/2022\/12\/Logo.bez_.naziva.png 362w, https:\/\/www.ombudsman.hr\/wp-content\/uploads\/2022\/12\/Logo.bez_.naziva-300x230.png 300w\" sizes=\"(max-width: 362px) 100vw, 362px\" \/><\/div>\n\t\t<\/a>\n\t\t\t\t<div class=\"elementor-post__text\">\n\t\t\t\t<h3 class=\"elementor-post__title\">\n\t\t\t<a href=\"https:\/\/www.ombudsman.hr\/hr\/javni-poziv-za-izbor-zamjenika-zamjenice-pu-ke-pravobraniteljice\/\" >\n\t\t\t\tJavni poziv za izbor zamjenika\/zamjenice pu\u010dke pravobraniteljice\t\t\t<\/a>\n\t\t<\/h3>\n\t\t\t\t<div class=\"elementor-post__meta-data\">\n\t\t\t\t\t<span class=\"elementor-post-date\">\n\t\t\t08.12.2023.\t\t<\/span>\n\t\t\t\t<\/div>\n\t\t\n\t\t<a class=\"elementor-post__read-more\" href=\"https:\/\/www.ombudsman.hr\/hr\/javni-poziv-za-izbor-zamjenika-zamjenice-pu-ke-pravobraniteljice\/\" aria-label=\"Read more about Javni poziv za izbor zamjenika\/zamjenice pu\u010dke pravobraniteljice\" tabindex=\"-1\" >\n\t\t\tVi\u0161e \u00bb\t\t<\/a>\n\n\t\t\t\t<\/div>\n\t\t\t\t<\/article>\n\t\t\t\t<article class=\"elementor-post elementor-grid-item post-17844 post type-post status-publish format-standard has-post-thumbnail hentry category-novosti category-zaposljavanje\" role=\"listitem\">\n\t\t\t\t<a class=\"elementor-post__thumbnail__link\" href=\"https:\/\/www.ombudsman.hr\/hr\/poziv-na-iskazivanje-interesa-za-premjestaj-u-ured-pucke-pravobrnaiteljice\/\" tabindex=\"-1\" >\n\t\t\t<div class=\"elementor-post__thumbnail\"><img fetchpriority=\"high\" decoding=\"async\" width=\"362\" height=\"277\" src=\"https:\/\/www.ombudsman.hr\/wp-content\/uploads\/2022\/12\/Logo.bez_.naziva.png\" class=\"attachment-full size-full wp-image-15085\" alt=\"Logo pu\u010dke pravobraniteljice\" srcset=\"https:\/\/www.ombudsman.hr\/wp-content\/uploads\/2022\/12\/Logo.bez_.naziva.png 362w, https:\/\/www.ombudsman.hr\/wp-content\/uploads\/2022\/12\/Logo.bez_.naziva-300x230.png 300w\" sizes=\"(max-width: 362px) 100vw, 362px\" \/><\/div>\n\t\t<\/a>\n\t\t\t\t<div class=\"elementor-post__text\">\n\t\t\t\t<h3 class=\"elementor-post__title\">\n\t\t\t<a href=\"https:\/\/www.ombudsman.hr\/hr\/poziv-na-iskazivanje-interesa-za-premjestaj-u-ured-pucke-pravobrnaiteljice\/\" >\n\t\t\t\tPoziv na iskazivanje interesa za premje\u0161taj u Ured pu\u010dke pravobraniteljice\t\t\t<\/a>\n\t\t<\/h3>\n\t\t\t\t<div class=\"elementor-post__meta-data\">\n\t\t\t\t\t<span class=\"elementor-post-date\">\n\t\t\t26.09.2023.\t\t<\/span>\n\t\t\t\t<\/div>\n\t\t\n\t\t<a class=\"elementor-post__read-more\" href=\"https:\/\/www.ombudsman.hr\/hr\/poziv-na-iskazivanje-interesa-za-premjestaj-u-ured-pucke-pravobrnaiteljice\/\" aria-label=\"Read more about Poziv na iskazivanje interesa za premje\u0161taj u Ured pu\u010dke pravobraniteljice\" tabindex=\"-1\" >\n\t\t\tVi\u0161e \u00bb\t\t<\/a>\n\n\t\t\t\t<\/div>\n\t\t\t\t<\/article>\n\t\t\t\t<article class=\"elementor-post elementor-grid-item post-17259 post type-post status-publish format-standard has-post-thumbnail hentry category-novosti category-zaposljavanje\" role=\"listitem\">\n\t\t\t\t<a class=\"elementor-post__thumbnail__link\" href=\"https:\/\/www.ombudsman.hr\/hr\/rjesenje-o-prijmu-u-drzavnu-sluzbu-na-odredeno-vrijeme-2\/\" tabindex=\"-1\" >\n\t\t\t<div class=\"elementor-post__thumbnail\"><img fetchpriority=\"high\" decoding=\"async\" width=\"362\" height=\"277\" src=\"https:\/\/www.ombudsman.hr\/wp-content\/uploads\/2022\/12\/Logo.bez_.naziva.png\" class=\"attachment-full size-full wp-image-15085\" alt=\"Logo pu\u010dke pravobraniteljice\" srcset=\"https:\/\/www.ombudsman.hr\/wp-content\/uploads\/2022\/12\/Logo.bez_.naziva.png 362w, https:\/\/www.ombudsman.hr\/wp-content\/uploads\/2022\/12\/Logo.bez_.naziva-300x230.png 300w\" sizes=\"(max-width: 362px) 100vw, 362px\" \/><\/div>\n\t\t<\/a>\n\t\t\t\t<div class=\"elementor-post__text\">\n\t\t\t\t<h3 class=\"elementor-post__title\">\n\t\t\t<a href=\"https:\/\/www.ombudsman.hr\/hr\/rjesenje-o-prijmu-u-drzavnu-sluzbu-na-odredeno-vrijeme-2\/\" >\n\t\t\t\tRje\u0161enje o prijmu u dr\u017eavnu slu\u017ebu na odre\u0111eno vrijeme\t\t\t<\/a>\n\t\t<\/h3>\n\t\t\t\t<div class=\"elementor-post__meta-data\">\n\t\t\t\t\t<span class=\"elementor-post-date\">\n\t\t\t24.08.2023.\t\t<\/span>\n\t\t\t\t<\/div>\n\t\t\n\t\t<a class=\"elementor-post__read-more\" href=\"https:\/\/www.ombudsman.hr\/hr\/rjesenje-o-prijmu-u-drzavnu-sluzbu-na-odredeno-vrijeme-2\/\" aria-label=\"Read more about Rje\u0161enje o prijmu u dr\u017eavnu slu\u017ebu na odre\u0111eno vrijeme\" tabindex=\"-1\" >\n\t\t\tVi\u0161e \u00bb\t\t<\/a>\n\n\t\t\t\t<\/div>\n\t\t\t\t<\/article>\n\t\t\t\t<article class=\"elementor-post elementor-grid-item post-17200 post type-post status-publish format-standard has-post-thumbnail hentry category-novosti category-zaposljavanje\" role=\"listitem\">\n\t\t\t\t<a class=\"elementor-post__thumbnail__link\" href=\"https:\/\/www.ombudsman.hr\/hr\/poziv-na-razgovor-intervju-u-vezi-oglasa-za-prijam-u-drzavnu-sluzbu-na-odredeno-vrijeme-u-uredu-pucke-pravobraniteljice\/\" tabindex=\"-1\" >\n\t\t\t<div class=\"elementor-post__thumbnail\"><img fetchpriority=\"high\" decoding=\"async\" width=\"362\" height=\"277\" src=\"https:\/\/www.ombudsman.hr\/wp-content\/uploads\/2022\/12\/Logo.bez_.naziva.png\" class=\"attachment-full size-full wp-image-15085\" alt=\"Logo pu\u010dke pravobraniteljice\" srcset=\"https:\/\/www.ombudsman.hr\/wp-content\/uploads\/2022\/12\/Logo.bez_.naziva.png 362w, https:\/\/www.ombudsman.hr\/wp-content\/uploads\/2022\/12\/Logo.bez_.naziva-300x230.png 300w\" sizes=\"(max-width: 362px) 100vw, 362px\" \/><\/div>\n\t\t<\/a>\n\t\t\t\t<div class=\"elementor-post__text\">\n\t\t\t\t<h3 class=\"elementor-post__title\">\n\t\t\t<a href=\"https:\/\/www.ombudsman.hr\/hr\/poziv-na-razgovor-intervju-u-vezi-oglasa-za-prijam-u-drzavnu-sluzbu-na-odredeno-vrijeme-u-uredu-pucke-pravobraniteljice\/\" >\n\t\t\t\tPoziv na razgovor (intervju) u vezi prijma u dr\u017eavnu slu\u017ebu na odre\u0111eno vrijeme u Slu\u017ebi za komunikaciju, suradnju i promicanje ljudskih prava\t\t\t<\/a>\n\t\t<\/h3>\n\t\t\t\t<div class=\"elementor-post__meta-data\">\n\t\t\t\t\t<span class=\"elementor-post-date\">\n\t\t\t12.07.2023.\t\t<\/span>\n\t\t\t\t<\/div>\n\t\t\n\t\t<a class=\"elementor-post__read-more\" href=\"https:\/\/www.ombudsman.hr\/hr\/poziv-na-razgovor-intervju-u-vezi-oglasa-za-prijam-u-drzavnu-sluzbu-na-odredeno-vrijeme-u-uredu-pucke-pravobraniteljice\/\" aria-label=\"Read more about Poziv na razgovor (intervju) u vezi prijma u dr\u017eavnu slu\u017ebu na odre\u0111eno vrijeme u Slu\u017ebi za komunikaciju, suradnju i promicanje ljudskih prava\" tabindex=\"-1\" >\n\t\t\tVi\u0161e \u00bb\t\t<\/a>\n\n\t\t\t\t<\/div>\n\t\t\t\t<\/article>\n\t\t\t\t<\/div>\n\t\t\t\t\t<span class=\"e-load-more-spinner\">\n\t\t\t\t<i aria-hidden=\"true\" class=\"fas fa-spinner\"><\/i>\t\t\t<\/span>\n\t\t\n\t\t\t\t<div class=\"e-load-more-anchor\" data-page=\"1\" data-max-page=\"5\" data-next-page=\"https:\/\/www.ombudsman.hr\/hr\/wp-json\/wp\/v2\/pages\/7404\/page\/2\/\"><\/div>\n\t\t\t\t<div class=\"e-load-more-message\"><\/div>\n\t\t\t\t\t\t<\/div>\n\t\t\t\t<\/div>\n\t\t\t\t\t<\/div>\n\t\t<\/div>\n\t\t\t\t\t<\/div>\n\t\t<\/section>\n\t\t\t\t<\/div>\n\t\t","protected":false},"excerpt":{"rendered":"<p>Zapo\u0161ljavanje<\/p>\n","protected":false},"author":1,"featured_media":0,"parent":0,"menu_order":0,"comment_status":"closed","ping_status":"closed","template":"","meta":{"footnotes":""},"tags":[],"class_list":["post-7404","page","type-page","status-publish","hentry"],"_links":{"self":[{"href":"https:\/\/www.ombudsman.hr\/hr\/wp-json\/wp\/v2\/pages\/7404","targetHints":{"allow":["GET"]}}],"collection":[{"href":"https:\/\/www.ombudsman.hr\/hr\/wp-json\/wp\/v2\/pages"}],"about":[{"href":"https:\/\/www.ombudsman.hr\/hr\/wp-json\/wp\/v2\/types\/page"}],"author":[{"embeddable":true,"href":"https:\/\/www.ombudsman.hr\/hr\/wp-json\/wp\/v2\/users\/1"}],"replies":[{"embeddable":true,"href":"https:\/\/www.ombudsman.hr\/hr\/wp-json\/wp\/v2\/comments?post=7404"}],"version-history":[{"count":20,"href":"https:\/\/www.ombudsman.hr\/hr\/wp-json\/wp\/v2\/pages\/7404\/revisions"}],"predecessor-version":[{"id":21757,"href":"https:\/\/www.ombudsman.hr\/hr\/wp-json\/wp\/v2\/pages\/7404\/revisions\/21757"}],"wp:attachment":[{"href":"https:\/\/www.ombudsman.hr\/hr\/wp-json\/wp\/v2\/media?parent=7404"}],"wp:term":[{"taxonomy":"post_tag","embeddable":true,"href":"https:\/\/www.ombudsman.hr\/hr\/wp-json\/wp\/v2\/tags?post=7404"}],"curies":[{"name":"wp","href":"https:\/\/api.w.org\/{rel}","templated":true}]}}