{"id":3711,"date":"2019-04-16T21:48:22","date_gmt":"2019-04-16T21:48:22","guid":{"rendered":"https:\/\/site2.ombudsman.hr\/?page_id=3711"},"modified":"2026-02-16T10:39:47","modified_gmt":"2026-02-16T08:39:47","slug":"povjerenik-ca-za-informiranje-i-zppi","status":"publish","type":"page","link":"https:\/\/www.ombudsman.hr\/hr\/povjerenik-ca-za-informiranje-i-zppi\/","title":{"rendered":"Pravo na pristup informacijama"},"content":{"rendered":"\t\t<div data-elementor-type=\"wp-page\" data-elementor-id=\"3711\" class=\"elementor elementor-3711\" data-elementor-post-type=\"page\">\n\t\t\t\t\t\t<section class=\"elementor-section elementor-top-section elementor-element elementor-element-6464538 elementor-section-height-min-height elementor-section-boxed elementor-section-height-default elementor-section-items-middle\" data-id=\"6464538\" data-element_type=\"section\" data-e-type=\"section\" data-settings=\"{&quot;background_background&quot;:&quot;classic&quot;}\">\n\t\t\t\t\t\t<div class=\"elementor-container elementor-column-gap-default\">\n\t\t\t\t\t<div class=\"elementor-column elementor-col-100 elementor-top-column elementor-element elementor-element-372879ad\" data-id=\"372879ad\" data-element_type=\"column\" data-e-type=\"column\">\n\t\t\t<div class=\"elementor-widget-wrap elementor-element-populated\">\n\t\t\t\t\t\t<div class=\"elementor-element elementor-element-a235737 elementor-widget elementor-widget-heading\" data-id=\"a235737\" data-element_type=\"widget\" data-e-type=\"widget\" data-widget_type=\"heading.default\">\n\t\t\t\t<div class=\"elementor-widget-container\">\n\t\t\t\t\t<h1 class=\"elementor-heading-title elementor-size-default\">Pravo na pristup informacijama <\/h1>\t\t\t\t<\/div>\n\t\t\t\t<\/div>\n\t\t\t\t\t<\/div>\n\t\t<\/div>\n\t\t\t\t\t<\/div>\n\t\t<\/section>\n\t\t\t\t<section class=\"elementor-section elementor-top-section elementor-element elementor-element-24787c87 elementor-section-boxed elementor-section-height-default elementor-section-height-default\" data-id=\"24787c87\" data-element_type=\"section\" data-e-type=\"section\">\n\t\t\t\t\t\t<div class=\"elementor-container elementor-column-gap-default\">\n\t\t\t\t\t<div class=\"elementor-column elementor-col-100 elementor-top-column elementor-element elementor-element-1e610fa3\" data-id=\"1e610fa3\" data-element_type=\"column\" data-e-type=\"column\">\n\t\t\t<div class=\"elementor-widget-wrap elementor-element-populated\">\n\t\t\t\t\t\t<div class=\"elementor-element elementor-element-467b7104 elementor-widget elementor-widget-text-editor\" data-id=\"467b7104\" data-element_type=\"widget\" data-e-type=\"widget\" data-widget_type=\"text-editor.default\">\n\t\t\t\t<div class=\"elementor-widget-container\">\n\t\t\t\t\t\t\t\t\t<p>Pravo na pristup informacijama i ponovna uporaba informacija koje posjeduje Pu\u010dki pravobranitelj kao dr\u017eavno tijelo ure\u0111ena je odredbama Zakona o pravu na pristup informacijama (\u201eNarodne novine\u201c, broj 25\/13., 85\/15. i 69\/22., dalje u tekstu: ZPPI).<\/p><p>Cilj Zakona je omogu\u0107iti i osigurati ostvarivanje Ustavom Republike Hrvatske zajam\u010denog prava na pristup informacijama, kao i na ponovnu uporabu informacija fizi\u010dkim i pravnim osobama putem otvorenosti i javnosti djelovanja tijela javne vlasti.<\/p><p>\u201eInformacija\u201c, u smislu \u010dl. 5. st. 1. t. 3. ZPPI-ja, predstavlja svaki podatak koji posjeduje tijelo javne vlasti u obliku dokumenta, zapisa, dosjea, registra, neovisno o na\u010dinu na koji je prikazan (napisani, nacrtani, tiskani, snimljeni, magnetni, opti\u010dki, elektroni\u010dki ili neki drugi zapis), koji je tijelo izradilo samo ili u suradnji s drugim tijelima ili dobilo od druge osobe, a nastao je u okviru djelokruga ili u vezi s organizacijom i radom tijela javne vlasti.<\/p><p>Ne smatra se zahtjevom za pristup informacijama tra\u017eenje uvida u cjelokupni spis predmeta, obja\u0161njenja ili uputa vezanih uz ostvarivanje nekog prava ili izvr\u0161avanje obveze, izrade analize ili tuma\u010denja nekog propisa, kao ni stvaranje nove informacije (\u010dl. 18. st. 5. ZPPI-ja).<\/p><p><strong><br \/>Zahtjev za pristup informacijama i ponovnu uporabu informacija podnosi se Uredu pu\u010dke pravobraniteljice na sljede\u0107e na\u010dine:<\/strong><\/p><p><strong>\u00a0<\/strong><\/p><ul><li>putem elektroni\u010dke po\u0161te: <a href=\"mailto:ppi@ombudsman.hr\">ppi@ombudsman.hr<\/a><\/li><li>po\u0161tom ili predati osobno u pisarnici na adresi Savska cesta 41\/3, 10000 Zagreb<\/li><li>telefonski na broj 01 4851 855<\/li><li>putem faxa na broj 01 6431 629<\/li><\/ul><p><strong><br \/>Slu\u017ebenica za informiranje: <\/strong>Morana Mikinovi\u0107, savjetnica pu\u010dke pravobraniteljice<\/p><p><strong><br \/>Zamjenica slu\u017ebenice za informiranje: <\/strong>Kristinka Re\u017eek, savjetnica pu\u010dke pravobraniteljice<\/p><p>Pu\u010dki pravobranitelj ima pravo na naknadu stvarnih materijalnih tro\u0161kova koji nastanu pru\u017eanjem informacije korisniku prava na pristup informacijama i ponovnu uporabu informacija, kao i na naknadu tro\u0161kova dostave tra\u017eene informacije, koja se napla\u0107uje sukladno Kriterijima za odre\u0111ivanje visine naknade stvarnih materijalnih tro\u0161kova i tro\u0161kova dostave informacije (\u201cNarodne novine\u201d broj <a href=\"https:\/\/narodne-novine.nn.hr\/clanci\/sluzbeni\/2014_01_12_231.html\">12\/14.<\/a>, <a href=\"https:\/\/narodne-novine.nn.hr\/clanci\/sluzbeni\/2014_02_15_316.html\">15\/14.<\/a> i <a href=\"https:\/\/narodne-novine.nn.hr\/clanci\/sluzbeni\/2022_12_141_2149.html\">141\/22.<\/a>).<\/p><p><strong><br \/>Obrasci<\/strong><\/p><p><a href=\"https:\/\/www.ombudsman.hr\/wp-content\/uploads\/2022\/01\/Obrazac-2-Zahtjev-za-pristup-informacijama.doc\">Zahtjev za pristup informacijama<\/a><\/p><p><a href=\"https:\/\/www.ombudsman.hr\/wp-content\/uploads\/2022\/01\/Obrazac-3-Zahtjev-za-dopunu-ili-ispravak-informacije.doc\">Zahtjev za dopunu ili ispravak informacije<\/a><\/p><p><a href=\"https:\/\/www.ombudsman.hr\/wp-content\/uploads\/2022\/01\/Obrazac-4-Zahtjev-za-ponovnu-uporabu-informacija-1.doc\">Zahtjev za ponovnu uporabu informacija<\/a><\/p><p><strong><br \/>Izvje\u0161\u0107a<\/strong><\/p><p><a href=\"https:\/\/www.ombudsman.hr\/wp-content\/uploads\/2026\/02\/Izvjesce-o-provedbi-Zakona-o-pravu-na-pristup-informacijama-za-2025.-godinu.pdf\">Izvje\u0161\u0107e o provedbi Zakona o pravu na pristup informacijama za 2025. godinu<\/a><\/p><p><a href=\"https:\/\/www.ombudsman.hr\/wp-content\/uploads\/2025\/09\/Izvjesce-o-provedbi-Zakona-o-pravu-na-pristup-informacijama-za-2024.-godinu.pdf\">Izvje\u0161\u0107e o provedbi Zakona o pravu na pristup informacijama za 2024. godinu<\/a><\/p><p><strong><br \/>Upitnici<\/strong><\/p><p><a href=\"https:\/\/www.ombudsman.hr\/wp-content\/uploads\/2023\/12\/Upitnik-za-samoprocjenu-tijela-javne-vlasti-sukladno-Zakonu-o-pravu-na-pristup-informacijama.pdf\">Upitnik za samoprocjenu tijela javne vlasti sukladno Zakonu o pravu na pristup informacijama<\/a><\/p>\t\t\t\t\t\t\t\t<\/div>\n\t\t\t\t<\/div>\n\t\t\t\t\t<\/div>\n\t\t<\/div>\n\t\t\t\t\t<\/div>\n\t\t<\/section>\n\t\t\t\t<\/div>\n\t\t","protected":false},"excerpt":{"rendered":"<p>Pravo na pristup informacijama Pravo na pristup informacijama i ponovna uporaba informacija koje posjeduje Pu\u010dki pravobranitelj kao dr\u017eavno tijelo ure\u0111ena je odredbama Zakona o pravu na pristup informacijama (\u201eNarodne novine\u201c, broj 25\/13., 85\/15. i 69\/22., dalje u tekstu: ZPPI). Cilj Zakona je omogu\u0107iti i osigurati ostvarivanje Ustavom Republike Hrvatske zajam\u010denog prava na pristup informacijama, kao [&hellip;]<\/p>\n","protected":false},"author":1,"featured_media":0,"parent":0,"menu_order":0,"comment_status":"closed","ping_status":"closed","template":"","meta":{"footnotes":""},"tags":[],"class_list":["post-3711","page","type-page","status-publish","hentry"],"_links":{"self":[{"href":"https:\/\/www.ombudsman.hr\/hr\/wp-json\/wp\/v2\/pages\/3711","targetHints":{"allow":["GET"]}}],"collection":[{"href":"https:\/\/www.ombudsman.hr\/hr\/wp-json\/wp\/v2\/pages"}],"about":[{"href":"https:\/\/www.ombudsman.hr\/hr\/wp-json\/wp\/v2\/types\/page"}],"author":[{"embeddable":true,"href":"https:\/\/www.ombudsman.hr\/hr\/wp-json\/wp\/v2\/users\/1"}],"replies":[{"embeddable":true,"href":"https:\/\/www.ombudsman.hr\/hr\/wp-json\/wp\/v2\/comments?post=3711"}],"version-history":[{"count":35,"href":"https:\/\/www.ombudsman.hr\/hr\/wp-json\/wp\/v2\/pages\/3711\/revisions"}],"predecessor-version":[{"id":22895,"href":"https:\/\/www.ombudsman.hr\/hr\/wp-json\/wp\/v2\/pages\/3711\/revisions\/22895"}],"wp:attachment":[{"href":"https:\/\/www.ombudsman.hr\/hr\/wp-json\/wp\/v2\/media?parent=3711"}],"wp:term":[{"taxonomy":"post_tag","embeddable":true,"href":"https:\/\/www.ombudsman.hr\/hr\/wp-json\/wp\/v2\/tags?post=3711"}],"curies":[{"name":"wp","href":"https:\/\/api.w.org\/{rel}","templated":true}]}}