{"id":3707,"date":"2019-04-16T21:44:59","date_gmt":"2019-04-16T21:44:59","guid":{"rendered":"https:\/\/site2.ombudsman.hr\/?page_id=3707"},"modified":"2025-09-12T09:18:05","modified_gmt":"2025-09-12T07:18:05","slug":"eticki-kodeks-i-povjerenik-za-etiku","status":"publish","type":"page","link":"https:\/\/www.ombudsman.hr\/hr\/eticki-kodeks-i-povjerenik-za-etiku\/","title":{"rendered":"Eti\u010dki kodeks i povjerenik za etiku"},"content":{"rendered":"\t\t<div data-elementor-type=\"wp-page\" data-elementor-id=\"3707\" class=\"elementor elementor-3707\" data-elementor-post-type=\"page\">\n\t\t\t\t\t\t<section class=\"elementor-section elementor-top-section elementor-element elementor-element-587337cf elementor-section-height-min-height elementor-section-boxed elementor-section-height-default elementor-section-items-middle\" data-id=\"587337cf\" data-element_type=\"section\" data-e-type=\"section\" data-settings=\"{&quot;background_background&quot;:&quot;classic&quot;}\">\n\t\t\t\t\t\t<div class=\"elementor-container elementor-column-gap-default\">\n\t\t\t\t\t<div class=\"elementor-column elementor-col-100 elementor-top-column elementor-element elementor-element-7cb701e3\" data-id=\"7cb701e3\" data-element_type=\"column\" data-e-type=\"column\">\n\t\t\t<div class=\"elementor-widget-wrap elementor-element-populated\">\n\t\t\t\t\t\t<div class=\"elementor-element elementor-element-af428f1 elementor-widget elementor-widget-heading\" data-id=\"af428f1\" data-element_type=\"widget\" data-e-type=\"widget\" data-widget_type=\"heading.default\">\n\t\t\t\t<div class=\"elementor-widget-container\">\n\t\t\t\t\t<h1 class=\"elementor-heading-title elementor-size-default\">Eti\u010dki kodeks i povjerenik za etiku<\/h1>\t\t\t\t<\/div>\n\t\t\t\t<\/div>\n\t\t\t\t\t<\/div>\n\t\t<\/div>\n\t\t\t\t\t<\/div>\n\t\t<\/section>\n\t\t\t\t<section class=\"elementor-section elementor-top-section elementor-element elementor-element-2262fd98 elementor-section-boxed elementor-section-height-default elementor-section-height-default\" data-id=\"2262fd98\" data-element_type=\"section\" data-e-type=\"section\">\n\t\t\t\t\t\t<div class=\"elementor-container elementor-column-gap-default\">\n\t\t\t\t\t<div class=\"elementor-column elementor-col-100 elementor-top-column elementor-element elementor-element-688ee520\" data-id=\"688ee520\" data-element_type=\"column\" data-e-type=\"column\">\n\t\t\t<div class=\"elementor-widget-wrap elementor-element-populated\">\n\t\t\t\t\t\t<div class=\"elementor-element elementor-element-3b98debb elementor-widget elementor-widget-text-editor\" data-id=\"3b98debb\" data-element_type=\"widget\" data-e-type=\"widget\" data-widget_type=\"text-editor.default\">\n\t\t\t\t<div class=\"elementor-widget-container\">\n\t\t\t\t\t\t\t\t\t<p>Povjerenica za etiku je savjetnica Ana \u0160ari\u0107.<\/p>\n<section>Telefon: 01 4851 855<\/section>\n<section>e-mail: ana.saric@ombudsman.hr<br><br><\/section>\n<section><\/section>\n<section>Na temelju \u010dlanka 15. Eti\u010dkog kodeksa dr\u017eavnih slu\u017ebenika (Narodne Novine 40\/2011, 13\/2012) pu\u010dka pravobraniteljica donosi odluku o imenovanju osobe za povjerenika za etiku u Uredu pu\u010dke pravobraniteljice, koja ima sljede\u0107e obveze:\u2013 pratiti primjenu Eti\u010dkog kodeksa u Uredu pu\u010dke pravobraniteljice, promicati eti\u010dko pona\u0161anje u me\u0111usobnim odnosima dr\u017eavnih slu\u017ebenika te odnosima slu\u017ebenika prema gra\u0111anima, zaprimati pritu\u017ebe slu\u017ebenika i gra\u0111ana na neeti\u010dko pona\u0161anje i postupanje slu\u017ebenika, provoditi postupak ispitivanja osnovanosti pritu\u017ebe, te voditi evidenciju o zaprimljenim pritu\u017ebama.<p><\/p>\n<p>\u2013 provo\u0111enje drugih prava i obveza povjerenika\/ce za etiku propisana &nbsp;Eti\u010dkim kodeksom, Zakonom o dr\u017eavnim slu\u017ebenicima i drugim propisima koji ure\u0111uju pravila pona\u0161anja dr\u017eavnih slu\u017ebenika i eti\u010dka na\u010dela &nbsp;na temelju kojih postupaju dr\u017eavni slu\u017ebenici.<\/p>\n<p>Povjerenik\/ca za etiku du\u017ean je zavr\u0161iti program edukacije povjerenika za etiku koji provodi sredi\u0161nje tijelo dr\u017eavne uprave nadle\u017eno za slu\u017ebeni\u010dke odnose.<\/p>\n<\/section>\t\t\t\t\t\t\t\t<\/div>\n\t\t\t\t<\/div>\n\t\t\t\t\t<\/div>\n\t\t<\/div>\n\t\t\t\t\t<\/div>\n\t\t<\/section>\n\t\t\t\t<\/div>\n\t\t","protected":false},"excerpt":{"rendered":"<p>Eti\u010dki kodeks i povjerenik za etiku Povjerenica za etiku je savjetnica Ana \u0160ari\u0107. Telefon: 01 4851 855 e-mail: ana.saric@ombudsman.hr Na temelju \u010dlanka 15. Eti\u010dkog kodeksa dr\u017eavnih slu\u017ebenika (Narodne Novine 40\/2011, 13\/2012) pu\u010dka pravobraniteljica donosi odluku o imenovanju osobe za povjerenika za etiku u Uredu pu\u010dke pravobraniteljice, koja ima sljede\u0107e obveze:\u2013 pratiti primjenu Eti\u010dkog kodeksa u [&hellip;]<\/p>\n","protected":false},"author":1,"featured_media":0,"parent":0,"menu_order":0,"comment_status":"closed","ping_status":"closed","template":"","meta":{"footnotes":""},"tags":[],"class_list":["post-3707","page","type-page","status-publish","hentry"],"_links":{"self":[{"href":"https:\/\/www.ombudsman.hr\/hr\/wp-json\/wp\/v2\/pages\/3707","targetHints":{"allow":["GET"]}}],"collection":[{"href":"https:\/\/www.ombudsman.hr\/hr\/wp-json\/wp\/v2\/pages"}],"about":[{"href":"https:\/\/www.ombudsman.hr\/hr\/wp-json\/wp\/v2\/types\/page"}],"author":[{"embeddable":true,"href":"https:\/\/www.ombudsman.hr\/hr\/wp-json\/wp\/v2\/users\/1"}],"replies":[{"embeddable":true,"href":"https:\/\/www.ombudsman.hr\/hr\/wp-json\/wp\/v2\/comments?post=3707"}],"version-history":[{"count":23,"href":"https:\/\/www.ombudsman.hr\/hr\/wp-json\/wp\/v2\/pages\/3707\/revisions"}],"predecessor-version":[{"id":22199,"href":"https:\/\/www.ombudsman.hr\/hr\/wp-json\/wp\/v2\/pages\/3707\/revisions\/22199"}],"wp:attachment":[{"href":"https:\/\/www.ombudsman.hr\/hr\/wp-json\/wp\/v2\/media?parent=3707"}],"wp:term":[{"taxonomy":"post_tag","embeddable":true,"href":"https:\/\/www.ombudsman.hr\/hr\/wp-json\/wp\/v2\/tags?post=3707"}],"curies":[{"name":"wp","href":"https:\/\/api.w.org\/{rel}","templated":true}]}}