{"id":3705,"date":"2019-04-16T21:43:06","date_gmt":"2019-04-16T21:43:06","guid":{"rendered":"https:\/\/site2.ombudsman.hr\/?page_id=3705"},"modified":"2025-06-06T15:43:48","modified_gmt":"2025-06-06T13:43:48","slug":"sluzbenik-za-zastitu-osobnih-podataka","status":"publish","type":"page","link":"https:\/\/www.ombudsman.hr\/hr\/sluzbenik-za-zastitu-osobnih-podataka\/","title":{"rendered":"Slu\u017ebenik za za\u0161titu osobnih podataka"},"content":{"rendered":"\t\t<div data-elementor-type=\"wp-page\" data-elementor-id=\"3705\" class=\"elementor elementor-3705\" data-elementor-post-type=\"page\">\n\t\t\t\t\t\t<section class=\"elementor-section elementor-top-section elementor-element elementor-element-2f7c3b40 elementor-section-height-min-height elementor-section-boxed elementor-section-height-default elementor-section-items-middle\" data-id=\"2f7c3b40\" data-element_type=\"section\" data-e-type=\"section\" data-settings=\"{&quot;background_background&quot;:&quot;classic&quot;}\">\n\t\t\t\t\t\t<div class=\"elementor-container elementor-column-gap-default\">\n\t\t\t\t\t<div class=\"elementor-column elementor-col-100 elementor-top-column elementor-element elementor-element-632cff6a\" data-id=\"632cff6a\" data-element_type=\"column\" data-e-type=\"column\">\n\t\t\t<div class=\"elementor-widget-wrap elementor-element-populated\">\n\t\t\t\t\t\t<div class=\"elementor-element elementor-element-4713d765 elementor-widget elementor-widget-heading\" data-id=\"4713d765\" data-element_type=\"widget\" data-e-type=\"widget\" data-widget_type=\"heading.default\">\n\t\t\t\t<div class=\"elementor-widget-container\">\n\t\t\t\t\t<h1 class=\"elementor-heading-title elementor-size-default\">Slu\u017ebenik za za\u0161titu osobnih podataka<\/h1>\t\t\t\t<\/div>\n\t\t\t\t<\/div>\n\t\t\t\t\t<\/div>\n\t\t<\/div>\n\t\t\t\t\t<\/div>\n\t\t<\/section>\n\t\t\t\t<section class=\"elementor-section elementor-top-section elementor-element elementor-element-48ae33ec elementor-section-boxed elementor-section-height-default elementor-section-height-default\" data-id=\"48ae33ec\" data-element_type=\"section\" data-e-type=\"section\">\n\t\t\t\t\t\t<div class=\"elementor-container elementor-column-gap-default\">\n\t\t\t\t\t<div class=\"elementor-column elementor-col-100 elementor-top-column elementor-element elementor-element-6491103b\" data-id=\"6491103b\" data-element_type=\"column\" data-e-type=\"column\">\n\t\t\t<div class=\"elementor-widget-wrap elementor-element-populated\">\n\t\t\t\t\t\t<div class=\"elementor-element elementor-element-3a7eeae elementor-widget elementor-widget-text-editor\" data-id=\"3a7eeae\" data-element_type=\"widget\" data-e-type=\"widget\" data-widget_type=\"text-editor.default\">\n\t\t\t\t<div class=\"elementor-widget-container\">\n\t\t\t\t\t\t\t\t\t<p>Slu\u017ebenica za za\u0161titu osobnih podataka je Mirela Buturovi\u0107, savjetnica pu\u010dke pravobraniteljice.<br><br><\/p>\n<p>Tel: 021 682 980<\/p>\n<p>e-mail: mirela.buturovic@ombudsman.hr<\/p>\n<p><span lang=\"EN-GB\"><br>Na temelju \u010dlanka 37. st. 1. a) Op\u0107e uredbe o za\u0161titi podataka 2016\/679 imenovan je slu\u017ebenik za za\u0161titu osobnih podataka koji:<\/span><span lang=\"EN-GB\"><br><\/span><\/p>\n<p>\u2013 vodi brigu o zakonitosti obrade osobnih podataka<\/p>\n<p>\u2013 upozorava voditelja obrade osobnih podataka na nu\u017enost primjene propisa o za\u0161titi osobnih podataka u slu\u010dajevima planiranja i radnji koje mogu imati utjecaj na pitanja privatnosti i za\u0161titu osobnih podataka<\/p>\n<p>\u2013 upoznaje sve osobe zaposlene u obradi osobnih podataka s njihovim zakonskim obvezama u svrhu za\u0161tite osobnih podataka,<\/p>\n<p>\u2013 brine o izvr\u0161avanju obveza voditelja obrade, sukladno Op\u0107oj uredbi o za\u0161titi podataka i Zakonu o provedbi Op\u0107e uredbe o za\u0161titi podataka<\/p>\n<p>\u2013 sura\u0111uje s Agencijom za za\u0161titu osobnih podataka<\/p>\n<p><br>Slu\u017ebenik za za\u0161titu osobnih podataka du\u017ean je \u010duvati povjerljivost svih informacija i podataka koje sazna u obavljanju svojih du\u017enosti.<\/p>\n<p><br>Ova obveza traje i nakon prestanka obavljanja du\u017enosti slu\u017ebenika za za\u0161titu osobnih podataka.<\/p>\t\t\t\t\t\t\t\t<\/div>\n\t\t\t\t<\/div>\n\t\t\t\t\t<\/div>\n\t\t<\/div>\n\t\t\t\t\t<\/div>\n\t\t<\/section>\n\t\t\t\t<\/div>\n\t\t","protected":false},"excerpt":{"rendered":"<p>Slu\u017ebenik za za\u0161titu osobnih podataka Slu\u017ebenica za za\u0161titu osobnih podataka je Mirela Buturovi\u0107, savjetnica pu\u010dke pravobraniteljice. Tel: 021 682 980 e-mail: mirela.buturovic@ombudsman.hr Na temelju \u010dlanka 37. st. 1. a) Op\u0107e uredbe o za\u0161titi podataka 2016\/679 imenovan je slu\u017ebenik za za\u0161titu osobnih podataka koji: \u2013 vodi brigu o zakonitosti obrade osobnih podataka \u2013 upozorava voditelja obrade [&hellip;]<\/p>\n","protected":false},"author":1,"featured_media":0,"parent":0,"menu_order":0,"comment_status":"closed","ping_status":"closed","template":"","meta":{"footnotes":""},"tags":[],"class_list":["post-3705","page","type-page","status-publish","hentry"],"_links":{"self":[{"href":"https:\/\/www.ombudsman.hr\/hr\/wp-json\/wp\/v2\/pages\/3705","targetHints":{"allow":["GET"]}}],"collection":[{"href":"https:\/\/www.ombudsman.hr\/hr\/wp-json\/wp\/v2\/pages"}],"about":[{"href":"https:\/\/www.ombudsman.hr\/hr\/wp-json\/wp\/v2\/types\/page"}],"author":[{"embeddable":true,"href":"https:\/\/www.ombudsman.hr\/hr\/wp-json\/wp\/v2\/users\/1"}],"replies":[{"embeddable":true,"href":"https:\/\/www.ombudsman.hr\/hr\/wp-json\/wp\/v2\/comments?post=3705"}],"version-history":[{"count":20,"href":"https:\/\/www.ombudsman.hr\/hr\/wp-json\/wp\/v2\/pages\/3705\/revisions"}],"predecessor-version":[{"id":20764,"href":"https:\/\/www.ombudsman.hr\/hr\/wp-json\/wp\/v2\/pages\/3705\/revisions\/20764"}],"wp:attachment":[{"href":"https:\/\/www.ombudsman.hr\/hr\/wp-json\/wp\/v2\/media?parent=3705"}],"wp:term":[{"taxonomy":"post_tag","embeddable":true,"href":"https:\/\/www.ombudsman.hr\/hr\/wp-json\/wp\/v2\/tags?post=3705"}],"curies":[{"name":"wp","href":"https:\/\/api.w.org\/{rel}","templated":true}]}}