{"id":3664,"date":"2019-01-23T15:37:11","date_gmt":"2019-01-23T15:37:11","guid":{"rendered":"https:\/\/site2.ombudsman.hr\/?page_id=3664"},"modified":"2025-01-13T13:39:28","modified_gmt":"2025-01-13T11:39:28","slug":"sto-nakon-slanja-prizuzbe","status":"publish","type":"page","link":"https:\/\/www.ombudsman.hr\/hr\/sto-nakon-slanja-prizuzbe\/","title":{"rendered":"\u0160to nakon slanja pritu\u017ebe"},"content":{"rendered":"\t\t<div data-elementor-type=\"wp-page\" data-elementor-id=\"3664\" class=\"elementor elementor-3664\" data-elementor-post-type=\"page\">\n\t\t\t\t\t\t<section class=\"elementor-section elementor-top-section elementor-element elementor-element-463c7aef elementor-section-height-min-height elementor-section-boxed elementor-section-height-default elementor-section-items-middle\" data-id=\"463c7aef\" data-element_type=\"section\" data-e-type=\"section\" data-settings=\"{&quot;background_background&quot;:&quot;classic&quot;}\">\n\t\t\t\t\t\t<div class=\"elementor-container elementor-column-gap-default\">\n\t\t\t\t\t<div class=\"elementor-column elementor-col-100 elementor-top-column elementor-element elementor-element-4708aadc\" data-id=\"4708aadc\" data-element_type=\"column\" data-e-type=\"column\">\n\t\t\t<div class=\"elementor-widget-wrap elementor-element-populated\">\n\t\t\t\t\t\t<div class=\"elementor-element elementor-element-200b972f elementor-widget elementor-widget-heading\" data-id=\"200b972f\" data-element_type=\"widget\" data-e-type=\"widget\" data-widget_type=\"heading.default\">\n\t\t\t\t<div class=\"elementor-widget-container\">\n\t\t\t\t\t<h1 class=\"elementor-heading-title elementor-size-default\">\u0160to nakon slanja pritu\u017ebe?<\/h1>\t\t\t\t<\/div>\n\t\t\t\t<\/div>\n\t\t\t\t\t<\/div>\n\t\t<\/div>\n\t\t\t\t\t<\/div>\n\t\t<\/section>\n\t\t\t\t<section class=\"elementor-section elementor-top-section elementor-element elementor-element-176e7ea1 elementor-section-boxed elementor-section-height-default elementor-section-height-default\" data-id=\"176e7ea1\" data-element_type=\"section\" data-e-type=\"section\">\n\t\t\t\t\t\t<div class=\"elementor-container elementor-column-gap-default\">\n\t\t\t\t\t<div class=\"elementor-column elementor-col-100 elementor-top-column elementor-element elementor-element-2fe54ea6\" data-id=\"2fe54ea6\" data-element_type=\"column\" data-e-type=\"column\">\n\t\t\t<div class=\"elementor-widget-wrap elementor-element-populated\">\n\t\t\t\t\t\t<div class=\"elementor-element elementor-element-87b7c7e elementor-widget elementor-widget-text-editor\" data-id=\"87b7c7e\" data-element_type=\"widget\" data-e-type=\"widget\" data-widget_type=\"text-editor.default\">\n\t\t\t\t<div class=\"elementor-widget-container\">\n\t\t\t\t\t\t\t\t\t<p>Pravobraniteljica&nbsp;<strong>postupa po pritu\u017ebama<\/strong>&nbsp;koje se odnose na probleme gra\u0111ana iz njezine nadle\u017enosti. U svom se radu rukovodi na\u010delom&nbsp;<strong>pravi\u010dnosti<\/strong>,&nbsp;<strong>jednakosti<\/strong>&nbsp;i&nbsp;<strong>morala<\/strong>&nbsp;te postupa&nbsp;<strong>nepristrano<\/strong>&nbsp;i u skladu sa standardima dobrog upravljanja.<\/p>\n<p><br>Ako postupa po pritu\u017ebi, pravobraniteljica pokre\u0107e&nbsp;<strong>ispitni postupak<\/strong>. Tijekom postupka mo\u017ee zatra\u017eiti sve potrebne informacije, podatke, akte i drugu dokumentaciju od tijela na koje se pritu\u017eba odnosi, a koje je obavezno odgovoriti u roku koji pravobraniteljica navede. Tijekom ispitnog postupka&nbsp;<strong>pritu\u017eitelji \u0107e biti informirani<\/strong>&nbsp;o svakom upu\u0107enom i primljenom dopisu.<\/p>\n<p><br>Po zavr\u0161etku ispitnog postupka bit \u0107e izra\u0111en&nbsp;<strong>zavr\u0161ni dopis<\/strong>&nbsp;koji se smatra izvje\u0161\u0107em o slu\u010daju te se&nbsp;<strong>dostavlja podnositelju pritu\u017ebe<\/strong>, a u slu\u010daju da je utvr\u0111ena ugroza ili povreda prava, i tijelu na \u010diji se rad pritu\u017eba odnosi.<\/p>\n<p><br>U sklopu ispitnog postupka, kao i u sklopu redovitog plana rada, pravobraniteljica mo\u017ee i&nbsp;<strong>nenajavljeno obi\u0107i mjesto<\/strong>&nbsp;na koje se odnosi pritu\u017eba, odnosno u kojem su smje\u0161tene ili borave pojedine skupine \u010dija prava i slobode \u0161titi. Pri tome mo\u017ee&nbsp;<strong>bez nadzora razgovarati<\/strong>&nbsp;sa svima koji su tu smje\u0161teni ili zaposleni.<\/p>\n<p><\/p>\n<p><br>\u0160to pu\u010dki pravobranitelj zapravo mo\u017ee u\u010diniti prona\u0111ite&nbsp;<a href=\"https:\/\/www.ombudsman.hr\/hr\/2013-2021\/\">ovdje<\/a>.<\/p>\t\t\t\t\t\t\t\t<\/div>\n\t\t\t\t<\/div>\n\t\t\t\t\t<\/div>\n\t\t<\/div>\n\t\t\t\t\t<\/div>\n\t\t<\/section>\n\t\t\t\t<\/div>\n\t\t","protected":false},"excerpt":{"rendered":"<p>\u0160to nakon slanja pritu\u017ebe? Pravobraniteljica&nbsp;postupa po pritu\u017ebama&nbsp;koje se odnose na probleme gra\u0111ana iz njezine nadle\u017enosti. U svom se radu rukovodi na\u010delom&nbsp;pravi\u010dnosti,&nbsp;jednakosti&nbsp;i&nbsp;morala&nbsp;te postupa&nbsp;nepristrano&nbsp;i u skladu sa standardima dobrog upravljanja. Ako postupa po pritu\u017ebi, pravobraniteljica pokre\u0107e&nbsp;ispitni postupak. Tijekom postupka mo\u017ee zatra\u017eiti sve potrebne informacije, podatke, akte i drugu dokumentaciju od tijela na koje se pritu\u017eba odnosi, a [&hellip;]<\/p>\n","protected":false},"author":2,"featured_media":0,"parent":0,"menu_order":0,"comment_status":"closed","ping_status":"closed","template":"","meta":{"footnotes":""},"tags":[],"class_list":["post-3664","page","type-page","status-publish","hentry"],"_links":{"self":[{"href":"https:\/\/www.ombudsman.hr\/hr\/wp-json\/wp\/v2\/pages\/3664","targetHints":{"allow":["GET"]}}],"collection":[{"href":"https:\/\/www.ombudsman.hr\/hr\/wp-json\/wp\/v2\/pages"}],"about":[{"href":"https:\/\/www.ombudsman.hr\/hr\/wp-json\/wp\/v2\/types\/page"}],"author":[{"embeddable":true,"href":"https:\/\/www.ombudsman.hr\/hr\/wp-json\/wp\/v2\/users\/2"}],"replies":[{"embeddable":true,"href":"https:\/\/www.ombudsman.hr\/hr\/wp-json\/wp\/v2\/comments?post=3664"}],"version-history":[{"count":23,"href":"https:\/\/www.ombudsman.hr\/hr\/wp-json\/wp\/v2\/pages\/3664\/revisions"}],"predecessor-version":[{"id":20080,"href":"https:\/\/www.ombudsman.hr\/hr\/wp-json\/wp\/v2\/pages\/3664\/revisions\/20080"}],"wp:attachment":[{"href":"https:\/\/www.ombudsman.hr\/hr\/wp-json\/wp\/v2\/media?parent=3664"}],"wp:term":[{"taxonomy":"post_tag","embeddable":true,"href":"https:\/\/www.ombudsman.hr\/hr\/wp-json\/wp\/v2\/tags?post=3664"}],"curies":[{"name":"wp","href":"https:\/\/api.w.org\/{rel}","templated":true}]}}