{"id":3661,"date":"2019-01-23T15:36:23","date_gmt":"2019-01-23T15:36:23","guid":{"rendered":"https:\/\/site2.ombudsman.hr\/?page_id=3661"},"modified":"2025-01-13T12:49:04","modified_gmt":"2025-01-13T10:49:04","slug":"kako-podnijeti-prituzbu","status":"publish","type":"page","link":"https:\/\/www.ombudsman.hr\/hr\/kako-podnijeti-prituzbu\/","title":{"rendered":"Kako podnijeti pritu\u017ebu"},"content":{"rendered":"\t\t<div data-elementor-type=\"wp-page\" data-elementor-id=\"3661\" class=\"elementor elementor-3661\" data-elementor-post-type=\"page\">\n\t\t\t\t\t\t<section class=\"elementor-section elementor-top-section elementor-element elementor-element-552141c2 elementor-section-height-min-height elementor-section-boxed elementor-section-height-default elementor-section-items-middle\" data-id=\"552141c2\" data-element_type=\"section\" data-e-type=\"section\" data-settings=\"{&quot;background_background&quot;:&quot;classic&quot;}\">\n\t\t\t\t\t\t<div class=\"elementor-container elementor-column-gap-default\">\n\t\t\t\t\t<div class=\"elementor-column elementor-col-100 elementor-top-column elementor-element elementor-element-4a6e7c9a\" data-id=\"4a6e7c9a\" data-element_type=\"column\" data-e-type=\"column\">\n\t\t\t<div class=\"elementor-widget-wrap elementor-element-populated\">\n\t\t\t\t\t\t<div class=\"elementor-element elementor-element-47a0076e elementor-widget elementor-widget-heading\" data-id=\"47a0076e\" data-element_type=\"widget\" data-e-type=\"widget\" data-widget_type=\"heading.default\">\n\t\t\t\t<div class=\"elementor-widget-container\">\n\t\t\t\t\t<h1 class=\"elementor-heading-title elementor-size-default\">Kako podnijeti pritu\u017ebu?<\/h1>\t\t\t\t<\/div>\n\t\t\t\t<\/div>\n\t\t\t\t\t<\/div>\n\t\t<\/div>\n\t\t\t\t\t<\/div>\n\t\t<\/section>\n\t\t\t\t<section class=\"elementor-section elementor-top-section elementor-element elementor-element-28c404b6 elementor-section-boxed elementor-section-height-default elementor-section-height-default\" data-id=\"28c404b6\" data-element_type=\"section\" data-e-type=\"section\">\n\t\t\t\t\t\t<div class=\"elementor-container elementor-column-gap-default\">\n\t\t\t\t\t<div class=\"elementor-column elementor-col-100 elementor-top-column elementor-element elementor-element-ca968e7\" data-id=\"ca968e7\" data-element_type=\"column\" data-e-type=\"column\">\n\t\t\t<div class=\"elementor-widget-wrap elementor-element-populated\">\n\t\t\t\t\t\t<div class=\"elementor-element elementor-element-f6fb020 elementor-widget elementor-widget-text-editor\" data-id=\"f6fb020\" data-element_type=\"widget\" data-e-type=\"widget\" data-widget_type=\"text-editor.default\">\n\t\t\t\t<div class=\"elementor-widget-container\">\n\t\t\t\t\t\t\t\t\t<p><strong>Pritu\u017ebu je mogu\u0107e predati:<br><br><\/strong><\/p>\n<p><\/p>\n<ul>\n<li>po\u0161tom (Savska cesta 41\/3, 10 000 Zagreb)<\/li>\n<li>e-mailom na&nbsp;<a href=\"mailto:info@ombudsman.hr\">info@ombudsman.hr<\/a><\/li>\n<li>osobno (uz najavu i dogovor termina) u uredu u Zagrebu, Rijeci, Osijeku ili Splitu\n<ul>\n<li>termin zatra\u017eite putem&nbsp;<a href=\"mailto:info@ombudsman.hr\">info@ombudsman.hr<\/a>&nbsp;ili<\/li>\n<li>pozivom na 01 4851 855 (Zagreb), 051 563 786 (Rijeka), 031 628 054 (Osijek) ili 021 682 981 (Split)<\/li>\n<\/ul>\n<\/li>\n<li>uredovno vrijeme za rad sa strankama:\n<ul>\n<li>Zagreb \u2013 od utorka do petka od 9 do 12h<\/li>\n<li>Rijeka, Osijek, Split \u2013 od utorka do \u010detvrtka od 9 do 12h<\/li>\n<\/ul>\n<\/li>\n<\/ul>\n<p><br>Pritu\u017eba mora sadr\u017eavati:<br><br><\/p>\n<ul>\n<li>ime i prezime podnositelja pritu\u017ebe ili osobe \u010dija su prava povrije\u0111ena<\/li>\n<li>adresu stanovanja ili adresu za primanje pismena, bez obzira \u0161aljete li pritu\u017ebu obi\u010dnom ili elektroni\u010dkom po\u0161tom<\/li>\n<li>okolnosti i \u010dinjenice na kojima se temelji pritu\u017eba (po mogu\u0107nosti relevantnu dokumentaciju)<\/li>\n<li>informacije o tijelu koje je ugrozilo ili povrijedilo pravo<\/li>\n<li>informaciju je li ve\u0107 kori\u0161teno pravno sredstvo i kad je podneseno<\/li>\n<li>potpis podnositelja pritu\u017ebe ili potpisanu suglasnost osobe u \u010dije ime predajete pritu\u017ebu<\/li>\n<\/ul>\n<p><br>Osobe li\u0161ene slobode podnose pritu\u017ebu i dobivaju odgovor u zatvorenoj omotnici bez ograni\u010denja i nadzora sadr\u017eaja.<\/p>\n<p><br>Na pritu\u017ebu se ne pla\u0107a naknada ni upravna pristojba.<\/p>\n<p><br>Pritu\u017ebu mo\u017eete napisati u bilo kojem obliku (pismo, email), kao i putem obrazaca koje mo\u017eete preuzeti na poveznicama na dnu stranice. Preporu\u010dujemo kori\u0161tenje obrazaca kako bi pritu\u017eba sadr\u017eavala sve potrebne informacije.<\/p>\n<p><br>Sve na\u0161e kontakte prona\u0111ite&nbsp;<a href=\"https:\/\/www.ombudsman.hr\/hr\/kontakti\/\">ovdje.<\/a><\/p>\n<p><\/p>\n<p><br><a href=\"https:\/\/www.ombudsman.hr\/wp-content\/uploads\/2022\/12\/prituba_povodom_povrede_ljudskih_prava.pdf\">Pritu\u017eba povodom povrede ljudskih prava (PDF)<\/a><\/p>\n<p><a href=\"https:\/\/www.ombudsman.hr\/wp-content\/uploads\/2022\/12\/prituba_povodom_povrede_ljudskih_prava.docx\">Pritu\u017eba povodom povrede ljudskih prava (DOC)<\/a><\/p>\n<p><\/p>\n<p><br><a href=\"https:\/\/www.ombudsman.hr\/wp-content\/uploads\/2022\/12\/prituba_povodom_diskriminacije.pdf\">Pritu\u017eba povodom diskriminacije (PDF)<\/a><\/p>\n<p><a href=\"https:\/\/www.ombudsman.hr\/wp-content\/uploads\/2022\/12\/prituba_povodom_diskriminacije.docx\">Pritu\u017eba povodom diskriminacije (DOC)<\/a><\/p>\n<p><\/p>\n<p><br><a href=\"https:\/\/www.ombudsman.hr\/wp-content\/uploads\/2022\/12\/Obrazac-za-prijavu-nepravilnosti-vanjsko-prijavljivanje-puckoj-pravobraniteljici-1.pdf\">Obrazac za prijavu nepravilnosti (vanjsko prijavljivanje pu\u010dkoj pravobraniteljici) (PDF)<\/a><\/p>\n<p><a href=\"https:\/\/www.ombudsman.hr\/wp-content\/uploads\/2022\/12\/Obrazac-za-prijavu-nepravilnosti-vanjsko-prijavljivanje-puckoj-pravobraniteljici-1.docx\">Obrazac za prijavu nepravilnosti (vanjsko prijavljivanje pu\u010dkoj pravobraniteljici) (DOC)<\/a><\/p>\n<p><\/p>\n<p><br><a href=\"https:\/\/www.ombudsman.hr\/wp-content\/uploads\/2022\/12\/Obrazac-o-zaprimljenoj-prijavi-i-ishodu-postupanja-povjerljive-osobe-poslodavca-1.pdf\">Obrazac o zaprimljenoj prijavi i ishodu postupanja povjerljive osobe poslodavca (PDF)<\/a><\/p>\n<p><a href=\"https:\/\/www.ombudsman.hr\/wp-content\/uploads\/2022\/12\/Obrazac-o-zaprimljenoj-prijavi-i-ishodu-postupanja-povjerljive-osobe-poslodavca-1.docx\">Obrazac o zaprimljenoj prijavi i ishodu postupanja povjerljive osobe poslodavca (DOC)<\/a><\/p>\t\t\t\t\t\t\t\t<\/div>\n\t\t\t\t<\/div>\n\t\t\t\t\t<\/div>\n\t\t<\/div>\n\t\t\t\t\t<\/div>\n\t\t<\/section>\n\t\t\t\t<\/div>\n\t\t","protected":false},"excerpt":{"rendered":"<p>Kako podnijeti pritu\u017ebu? Pritu\u017ebu je mogu\u0107e predati: po\u0161tom (Savska cesta 41\/3, 10 000 Zagreb) e-mailom na&nbsp;info@ombudsman.hr osobno (uz najavu i dogovor termina) u uredu u Zagrebu, Rijeci, Osijeku ili Splitu termin zatra\u017eite putem&nbsp;info@ombudsman.hr&nbsp;ili pozivom na 01 4851 855 (Zagreb), 051 563 786 (Rijeka), 031 628 054 (Osijek) ili 021 682 981 (Split) uredovno vrijeme za [&hellip;]<\/p>\n","protected":false},"author":2,"featured_media":0,"parent":0,"menu_order":0,"comment_status":"closed","ping_status":"closed","template":"","meta":{"footnotes":""},"tags":[],"class_list":["post-3661","page","type-page","status-publish","hentry"],"_links":{"self":[{"href":"https:\/\/www.ombudsman.hr\/hr\/wp-json\/wp\/v2\/pages\/3661","targetHints":{"allow":["GET"]}}],"collection":[{"href":"https:\/\/www.ombudsman.hr\/hr\/wp-json\/wp\/v2\/pages"}],"about":[{"href":"https:\/\/www.ombudsman.hr\/hr\/wp-json\/wp\/v2\/types\/page"}],"author":[{"embeddable":true,"href":"https:\/\/www.ombudsman.hr\/hr\/wp-json\/wp\/v2\/users\/2"}],"replies":[{"embeddable":true,"href":"https:\/\/www.ombudsman.hr\/hr\/wp-json\/wp\/v2\/comments?post=3661"}],"version-history":[{"count":43,"href":"https:\/\/www.ombudsman.hr\/hr\/wp-json\/wp\/v2\/pages\/3661\/revisions"}],"predecessor-version":[{"id":20053,"href":"https:\/\/www.ombudsman.hr\/hr\/wp-json\/wp\/v2\/pages\/3661\/revisions\/20053"}],"wp:attachment":[{"href":"https:\/\/www.ombudsman.hr\/hr\/wp-json\/wp\/v2\/media?parent=3661"}],"wp:term":[{"taxonomy":"post_tag","embeddable":true,"href":"https:\/\/www.ombudsman.hr\/hr\/wp-json\/wp\/v2\/tags?post=3661"}],"curies":[{"name":"wp","href":"https:\/\/api.w.org\/{rel}","templated":true}]}}