{"id":3658,"date":"2019-01-23T15:35:16","date_gmt":"2019-01-23T15:35:16","guid":{"rendered":"https:\/\/site2.ombudsman.hr\/?page_id=3658"},"modified":"2025-01-13T13:40:05","modified_gmt":"2025-01-13T11:40:05","slug":"sto-treba-znati-prije-slanja-prituzbe","status":"publish","type":"page","link":"https:\/\/www.ombudsman.hr\/hr\/sto-treba-znati-prije-slanja-prituzbe\/","title":{"rendered":"\u0160to treba znati prije slanja pritu\u017ebe"},"content":{"rendered":"\t\t<div data-elementor-type=\"wp-page\" data-elementor-id=\"3658\" class=\"elementor elementor-3658\" data-elementor-post-type=\"page\">\n\t\t\t\t\t\t<section class=\"elementor-section elementor-top-section elementor-element elementor-element-7aef9e3 elementor-section-height-min-height elementor-section-boxed elementor-section-height-default elementor-section-items-middle\" data-id=\"7aef9e3\" data-element_type=\"section\" data-e-type=\"section\" data-settings=\"{&quot;background_background&quot;:&quot;classic&quot;}\">\n\t\t\t\t\t\t<div class=\"elementor-container elementor-column-gap-default\">\n\t\t\t\t\t<div class=\"elementor-column elementor-col-100 elementor-top-column elementor-element elementor-element-4d8674d5\" data-id=\"4d8674d5\" data-element_type=\"column\" data-e-type=\"column\">\n\t\t\t<div class=\"elementor-widget-wrap elementor-element-populated\">\n\t\t\t\t\t\t<div class=\"elementor-element elementor-element-522bd455 elementor-widget elementor-widget-heading\" data-id=\"522bd455\" data-element_type=\"widget\" data-e-type=\"widget\" data-widget_type=\"heading.default\">\n\t\t\t\t<div class=\"elementor-widget-container\">\n\t\t\t\t\t<h1 class=\"elementor-heading-title elementor-size-default\">\u0160to treba znati prije slanja pritu\u017ebe?<\/h1>\t\t\t\t<\/div>\n\t\t\t\t<\/div>\n\t\t\t\t\t<\/div>\n\t\t<\/div>\n\t\t\t\t\t<\/div>\n\t\t<\/section>\n\t\t\t\t<section class=\"elementor-section elementor-top-section elementor-element elementor-element-43727f0a elementor-section-boxed elementor-section-height-default elementor-section-height-default\" data-id=\"43727f0a\" data-element_type=\"section\" data-e-type=\"section\">\n\t\t\t\t\t\t<div class=\"elementor-container elementor-column-gap-default\">\n\t\t\t\t\t<div class=\"elementor-column elementor-col-100 elementor-top-column elementor-element elementor-element-3e8a05b8\" data-id=\"3e8a05b8\" data-element_type=\"column\" data-e-type=\"column\">\n\t\t\t<div class=\"elementor-widget-wrap elementor-element-populated\">\n\t\t\t\t\t\t<div class=\"elementor-element elementor-element-6f53d780 elementor-widget elementor-widget-text-editor\" data-id=\"6f53d780\" data-element_type=\"widget\" data-e-type=\"widget\" data-widget_type=\"text-editor.default\">\n\t\t\t\t<div class=\"elementor-widget-container\">\n\t\t\t\t\t\t\t\t\t<div class=\"vc_row wpb_row vc_row-fluid\">\n<div class=\"wpb_column vc_column_container vc_col-sm-12\">\n<div class=\"vc_column-inner \">\n<div class=\"wpb_wrapper\">\n<div class=\"wpb_text_column wpb_content_element \">\n<div class=\"wpb_wrapper\">\n<p><strong>U kojim slu\u010dajevima se mogu obratiti pravobraniteljici?<br><br><\/strong><\/p>\n<ul>\n<li>Ako mislite da su vam&nbsp;<strong>ugro\u017eena ili povrije\u0111ena ustavna ili zakonska prava i slobode<\/strong>, i to zbog nezakonitog ili nepravilnog rada:\n<ul>\n<li>dr\u017eavnih tijela,<\/li>\n<li>tijela jedinica lokalne i podru\u010dne (regionalne) samouprave<\/li>\n<li>pravnih osoba s javnim ovlastima<\/li>\n<\/ul>\n<\/li>\n<li>Ako mislite da vas&nbsp;<strong>bilo koja pravna ili fizi\u010dka osoba diskriminira<\/strong>&nbsp;(savjete o problemu diskriminacije mo\u017eete dobiti na na\u0161oj antidiskriminacijskoj telefonskoj liniji 01 4851 854, svaki radni dan od 9 do 13 sati)<\/li>\n<li>Ako ste uo\u010dili nepravilnosti obuhva\u0107ene&nbsp;<a href=\"https:\/\/www.ombudsman.hr\/wp-content\/uploads\/2022\/04\/Zakon-o-zastiti-prijavitelja-nepravilnosti-NN-br.-46_2022.pdf\">Zakonom o za\u0161titi prijavitelja nepravilnosti (\u010dlanak 4.)<\/a><\/li>\n<\/ul>\n<p>Ako se Va\u0161a pritu\u017eba odnosi na probleme iz nadle\u017enosti posebnih pravobraniteljica (prava djece, osoba s invaliditetom, ravnopravnost spolova), pravobraniteljica \u0107e im proslijediti Va\u0161u pritu\u017ebu, o \u010demu \u0107ete biti obavije\u0161teni.<\/p>\n<p><strong>&nbsp;<\/strong><\/p>\n<p><strong>Kada pravobraniteljica ne mora postupati?<br><br><\/strong><\/p>\n<ul>\n<li>ako se o slu\u010daju vodi sudski postupak (osim ako se pritu\u017eba ne odnosi na nepotrebno odugovla\u010denje sudskog postupka ili o\u010ditu zlouporabu ovlasti)<\/li>\n<li>ako je otvoren rok za podno\u0161enje pravnog lijeka ili sredstva pravne za\u0161tite prema posebnim propisima<\/li>\n<li>ako nije iskori\u0161teno pravo na podno\u0161enje pravnog lijeka u roku<\/li>\n<li>ako su od doga\u0111aja na koji se pritu\u017eujete protekle tri godine, osim ako pravobraniteljica ocijeni kako se radi o predmetu od iznimnog interesa za za\u0161titu ljudskih prava i sloboda<\/li>\n<\/ul>\n<p><br>Razlog nepostupanja bit \u0107e naveden u odgovoru na pritu\u017ebu.<\/p>\n<p><\/p>\n<p><strong><br>Kako podnijeti pritu\u017ebu?<\/strong>&nbsp;<a href=\"https:\/\/www.ombudsman.hr\/hr\/kako-podnijeti-prituzbu\/\">Doznajte ovdje.<\/a><\/p>\n<p><strong><br>\u0160to nakon slanja pritu\u017ebe?<\/strong>&nbsp;<a href=\"https:\/\/www.ombudsman.hr\/hr\/sto-nakon-slanja-prizuzbe\/\">Doznajte ovdje.<\/a><\/p>\n<p><\/p>\n<p><strong><br>\u0160to pu\u010dka pravobraniteljica zapravo mo\u017ee u\u010diniti<\/strong>&nbsp;\u2013 prona\u0111ite&nbsp;<a href=\"https:\/\/www.ombudsman.hr\/hr\/2013-2021\/\">ovdje<\/a>.<\/p>\n<\/div>\n<\/div>\n<\/div>\n<\/div>\n<\/div>\n<\/div>\n<p><strong><br>Kako dobiti besplatnu pravnu pomo\u0107<\/strong>&nbsp;\u2013&nbsp;<a href=\"https:\/\/www.ombudsman.hr\/hr\/kako-dobiti-besplatnu-pravnu-pomoc\/\">prona\u0111ite ovdje<\/a><\/p>\n<p><\/p>\n<p><strong><br>Odgovore na ostala \u010desto postavljena pitanja<\/strong>&nbsp;<a href=\"https:\/\/www.ombudsman.hr\/hr\/cesto-postavljana-pitanja\/\">prona\u0111ite ovdje<\/a>.<\/p>\t\t\t\t\t\t\t\t<\/div>\n\t\t\t\t<\/div>\n\t\t\t\t\t<\/div>\n\t\t<\/div>\n\t\t\t\t\t<\/div>\n\t\t<\/section>\n\t\t\t\t<\/div>\n\t\t","protected":false},"excerpt":{"rendered":"<p>\u0160to treba znati prije slanja pritu\u017ebe? U kojim slu\u010dajevima se mogu obratiti pravobraniteljici? Ako mislite da su vam&nbsp;ugro\u017eena ili povrije\u0111ena ustavna ili zakonska prava i slobode, i to zbog nezakonitog ili nepravilnog rada: dr\u017eavnih tijela, tijela jedinica lokalne i podru\u010dne (regionalne) samouprave pravnih osoba s javnim ovlastima Ako mislite da vas&nbsp;bilo koja pravna ili fizi\u010dka [&hellip;]<\/p>\n","protected":false},"author":2,"featured_media":0,"parent":0,"menu_order":0,"comment_status":"closed","ping_status":"closed","template":"","meta":{"footnotes":""},"tags":[],"class_list":["post-3658","page","type-page","status-publish","hentry"],"_links":{"self":[{"href":"https:\/\/www.ombudsman.hr\/hr\/wp-json\/wp\/v2\/pages\/3658","targetHints":{"allow":["GET"]}}],"collection":[{"href":"https:\/\/www.ombudsman.hr\/hr\/wp-json\/wp\/v2\/pages"}],"about":[{"href":"https:\/\/www.ombudsman.hr\/hr\/wp-json\/wp\/v2\/types\/page"}],"author":[{"embeddable":true,"href":"https:\/\/www.ombudsman.hr\/hr\/wp-json\/wp\/v2\/users\/2"}],"replies":[{"embeddable":true,"href":"https:\/\/www.ombudsman.hr\/hr\/wp-json\/wp\/v2\/comments?post=3658"}],"version-history":[{"count":32,"href":"https:\/\/www.ombudsman.hr\/hr\/wp-json\/wp\/v2\/pages\/3658\/revisions"}],"predecessor-version":[{"id":20086,"href":"https:\/\/www.ombudsman.hr\/hr\/wp-json\/wp\/v2\/pages\/3658\/revisions\/20086"}],"wp:attachment":[{"href":"https:\/\/www.ombudsman.hr\/hr\/wp-json\/wp\/v2\/media?parent=3658"}],"wp:term":[{"taxonomy":"post_tag","embeddable":true,"href":"https:\/\/www.ombudsman.hr\/hr\/wp-json\/wp\/v2\/tags?post=3658"}],"curies":[{"name":"wp","href":"https:\/\/api.w.org\/{rel}","templated":true}]}}