{"id":3632,"date":"2019-01-14T15:05:04","date_gmt":"2019-01-14T15:05:04","guid":{"rendered":"https:\/\/site2.ombudsman.hr\/?page_id=3632"},"modified":"2026-04-01T11:40:56","modified_gmt":"2026-04-01T09:40:56","slug":"kontakti","status":"publish","type":"page","link":"https:\/\/www.ombudsman.hr\/hr\/kontakti\/","title":{"rendered":"Kontakti"},"content":{"rendered":"\t\t<div data-elementor-type=\"wp-page\" data-elementor-id=\"3632\" class=\"elementor elementor-3632\" data-elementor-post-type=\"page\">\n\t\t\t\t\t\t<section class=\"elementor-section elementor-top-section elementor-element elementor-element-16e909d2 elementor-section-height-min-height elementor-section-boxed elementor-section-height-default elementor-section-items-middle\" data-id=\"16e909d2\" data-element_type=\"section\" data-e-type=\"section\" data-settings=\"{&quot;background_background&quot;:&quot;classic&quot;}\">\n\t\t\t\t\t\t<div class=\"elementor-container elementor-column-gap-default\">\n\t\t\t\t\t<div class=\"elementor-column elementor-col-100 elementor-top-column elementor-element elementor-element-181c68f4\" data-id=\"181c68f4\" data-element_type=\"column\" data-e-type=\"column\">\n\t\t\t<div class=\"elementor-widget-wrap elementor-element-populated\">\n\t\t\t\t\t\t<div class=\"elementor-element elementor-element-3e9352ce elementor-widget elementor-widget-heading\" data-id=\"3e9352ce\" data-element_type=\"widget\" data-e-type=\"widget\" data-widget_type=\"heading.default\">\n\t\t\t\t<div class=\"elementor-widget-container\">\n\t\t\t\t\t<h1 class=\"elementor-heading-title elementor-size-default\">Kontakti <\/h1>\t\t\t\t<\/div>\n\t\t\t\t<\/div>\n\t\t\t\t\t<\/div>\n\t\t<\/div>\n\t\t\t\t\t<\/div>\n\t\t<\/section>\n\t\t\t\t<section class=\"elementor-section elementor-top-section elementor-element elementor-element-5927c119 elementor-section-boxed elementor-section-height-default elementor-section-height-default\" data-id=\"5927c119\" data-element_type=\"section\" data-e-type=\"section\">\n\t\t\t\t\t\t<div class=\"elementor-container elementor-column-gap-default\">\n\t\t\t\t\t<div class=\"elementor-column elementor-col-100 elementor-top-column elementor-element elementor-element-69dbee35\" data-id=\"69dbee35\" data-element_type=\"column\" data-e-type=\"column\">\n\t\t\t<div class=\"elementor-widget-wrap elementor-element-populated\">\n\t\t\t\t\t\t<div class=\"elementor-element elementor-element-472b33b3 elementor-widget elementor-widget-text-editor\" data-id=\"472b33b3\" data-element_type=\"widget\" data-e-type=\"widget\" data-widget_type=\"text-editor.default\">\n\t\t\t\t<div class=\"elementor-widget-container\">\n\t\t\t\t\t\t\t\t\t<p><strong>Ured pu\u010dke pravobraniteljice<\/strong><\/p><p>Savska cesta 41\/3, 10 000 Zagreb<\/p><p><a href=\"mailto:info@ombudsman.hr\">info@ombudsman.hr<\/a><\/p><p>01 4851 855<\/p><p>OIB: 08026537914<\/p><p><strong>\u00a0<\/strong><\/p><p><strong>Uredovno vrijeme za rad sa strankama:<\/strong><\/p><ul><li>Zagreb \u2013 od utorka do petka od 9 do 12h<\/li><li>Rijeka, Osijek, Split \u2013 od utorka do \u010detvrtka od 9 do 12h<\/li><\/ul><p><strong><br \/>Pritu\u017ebu je mogu\u0107e predati:<\/strong><\/p><ul><li><strong>po\u0161tom<\/strong> (Savska cesta 41\/3, 10 000 Zagreb)<\/li><li><strong>e-mailom<\/strong> na\u00a0<a href=\"mailto:info@ombudsman.hr\">info@ombudsman.hr<\/a><\/li><li><strong>osobno (ve\u0107 napisana pritu\u017eba)<\/strong>: napisanu pritu\u017ebu mo\u017eete bez prethodne najave predati u uredu u Zagrebu, Rijeci, Osijeku ili Splitu<\/li><li><strong>osobno, uz razgovor sa savjetnicom\/savjetnikom<\/strong>: ako \u017eelite razgovarati sa savjetnicom\/savjetnikom, obavezna je najava dolaska i dogovor termina; termin zatra\u017eite putem <a href=\"mailto:info@ombudsman.hr\">info@ombudsman.hr<\/a> ili pozivom na 01 4851 855 (Zagreb), 051 563 786 (Rijeka), 031 628 054 (Osijek) ili 021 682 981 (Split)<\/li><\/ul><p>Detaljne informacije kako podnijeti pritu\u017ebu mo\u017eete prona\u0107i <a href=\"https:\/\/www.ombudsman.hr\/hr\/imam-problem\/\">ovdje.<\/a><\/p>\t\t\t\t\t\t\t\t<\/div>\n\t\t\t\t<\/div>\n\t\t\t\t\t<\/div>\n\t\t<\/div>\n\t\t\t\t\t<\/div>\n\t\t<\/section>\n\t\t\t\t<section class=\"elementor-section elementor-top-section elementor-element elementor-element-1f8049c0 elementor-section-boxed elementor-section-height-default elementor-section-height-default\" data-id=\"1f8049c0\" data-element_type=\"section\" data-e-type=\"section\">\n\t\t\t\t\t\t<div class=\"elementor-container elementor-column-gap-default\">\n\t\t\t\t\t<div class=\"elementor-column elementor-col-100 elementor-top-column elementor-element elementor-element-7019eadc\" data-id=\"7019eadc\" data-element_type=\"column\" data-e-type=\"column\">\n\t\t\t<div class=\"elementor-widget-wrap elementor-element-populated\">\n\t\t\t\t\t\t<section class=\"elementor-section elementor-inner-section elementor-element elementor-element-389ada10 elementor-section-boxed elementor-section-height-default elementor-section-height-default\" data-id=\"389ada10\" data-element_type=\"section\" data-e-type=\"section\">\n\t\t\t\t\t\t<div class=\"elementor-container elementor-column-gap-default\">\n\t\t\t\t\t<div class=\"elementor-column elementor-col-100 elementor-inner-column elementor-element elementor-element-472617f5\" data-id=\"472617f5\" data-element_type=\"column\" data-e-type=\"column\">\n\t\t\t<div class=\"elementor-widget-wrap elementor-element-populated\">\n\t\t\t\t\t\t<div class=\"elementor-element elementor-element-353a19cb elementor-widget elementor-widget-heading\" data-id=\"353a19cb\" data-element_type=\"widget\" data-e-type=\"widget\" data-widget_type=\"heading.default\">\n\t\t\t\t<div class=\"elementor-widget-container\">\n\t\t\t\t\t<h2 class=\"elementor-heading-title elementor-size-default\">Gdje se nalazi ured pu\u010dke pravobraniteljice?<\/h2>\t\t\t\t<\/div>\n\t\t\t\t<\/div>\n\t\t\t\t\t<\/div>\n\t\t<\/div>\n\t\t\t\t\t<\/div>\n\t\t<\/section>\n\t\t\t\t<section class=\"elementor-section elementor-inner-section elementor-element elementor-element-e3f5909 elementor-section-boxed elementor-section-height-default elementor-section-height-default\" data-id=\"e3f5909\" data-element_type=\"section\" data-e-type=\"section\">\n\t\t\t\t\t\t<div class=\"elementor-container elementor-column-gap-default\">\n\t\t\t\t\t<div class=\"elementor-column elementor-col-50 elementor-inner-column elementor-element elementor-element-c7dd287\" data-id=\"c7dd287\" data-element_type=\"column\" data-e-type=\"column\" data-settings=\"{&quot;background_background&quot;:&quot;classic&quot;}\">\n\t\t\t<div class=\"elementor-widget-wrap elementor-element-populated\">\n\t\t\t\t\t\t<div class=\"elementor-element elementor-element-15430c4 elementor-widget elementor-widget-text-editor\" data-id=\"15430c4\" data-element_type=\"widget\" data-e-type=\"widget\" data-widget_type=\"text-editor.default\">\n\t\t\t\t<div class=\"elementor-widget-container\">\n\t\t\t\t\t\t\t\t\t<p><strong>Zagreb:<\/strong><\/p><p>\u00a0<\/p><p>Savska cesta 41\/3<br \/><br \/><\/p><p>Tel: 01 4851 855<\/p><p>Tel: 014851 853<br \/><br \/><\/p><p>Uredovno vrijeme za rad sa strankama od 9 do 12 h od utorka do petka.<\/p>\t\t\t\t\t\t\t\t<\/div>\n\t\t\t\t<\/div>\n\t\t\t\t<div class=\"elementor-element elementor-element-f172073 elementor-widget elementor-widget-google_maps\" data-id=\"f172073\" data-element_type=\"widget\" data-e-type=\"widget\" data-widget_type=\"google_maps.default\">\n\t\t\t\t<div class=\"elementor-widget-container\">\n\t\t\t\t\t\t\t<div class=\"elementor-custom-embed\">\n\t\t\t<iframe loading=\"lazy\"\n\t\t\t\t\tsrc=\"https:\/\/maps.google.com\/maps?q=savska%20cesta%2041%2F3&#038;t=m&#038;z=13&#038;output=embed&#038;iwloc=near\"\n\t\t\t\t\ttitle=\"savska cesta 41\/3\"\n\t\t\t\t\taria-label=\"savska cesta 41\/3\"\n\t\t\t><\/iframe>\n\t\t<\/div>\n\t\t\t\t\t\t<\/div>\n\t\t\t\t<\/div>\n\t\t\t\t\t<\/div>\n\t\t<\/div>\n\t\t\t\t<div class=\"elementor-column elementor-col-50 elementor-inner-column elementor-element elementor-element-64480c6\" data-id=\"64480c6\" data-element_type=\"column\" data-e-type=\"column\" data-settings=\"{&quot;background_background&quot;:&quot;classic&quot;}\">\n\t\t\t<div class=\"elementor-widget-wrap elementor-element-populated\">\n\t\t\t\t\t\t<div class=\"elementor-element elementor-element-03d0116 elementor-widget elementor-widget-text-editor\" data-id=\"03d0116\" data-element_type=\"widget\" data-e-type=\"widget\" data-widget_type=\"text-editor.default\">\n\t\t\t\t<div class=\"elementor-widget-container\">\n\t\t\t\t\t\t\t\t\t<p><strong>Rijeka:<\/strong><\/p><p>\u00a0<\/p><p>Ciottina ulica 23<br \/><br \/><\/p><p>Tel: 051 563 786<br \/><br \/><\/p><p>Uredovno vrijeme za rad sa strankama od 9 do 12 h od utorka do \u010detvrtka.<br \/><br \/><\/p>\t\t\t\t\t\t\t\t<\/div>\n\t\t\t\t<\/div>\n\t\t\t\t<div class=\"elementor-element elementor-element-5d0717f elementor-widget elementor-widget-google_maps\" data-id=\"5d0717f\" data-element_type=\"widget\" data-e-type=\"widget\" data-widget_type=\"google_maps.default\">\n\t\t\t\t<div class=\"elementor-widget-container\">\n\t\t\t\t\t\t\t<div class=\"elementor-custom-embed\">\n\t\t\t<iframe loading=\"lazy\"\n\t\t\t\t\tsrc=\"https:\/\/maps.google.com\/maps?q=ciottina%20ulica%2023&#038;t=m&#038;z=15&#038;output=embed&#038;iwloc=near\"\n\t\t\t\t\ttitle=\"ciottina ulica 23\"\n\t\t\t\t\taria-label=\"ciottina ulica 23\"\n\t\t\t><\/iframe>\n\t\t<\/div>\n\t\t\t\t\t\t<\/div>\n\t\t\t\t<\/div>\n\t\t\t\t\t<\/div>\n\t\t<\/div>\n\t\t\t\t\t<\/div>\n\t\t<\/section>\n\t\t\t\t<section class=\"elementor-section elementor-inner-section elementor-element elementor-element-6c13656 elementor-section-boxed elementor-section-height-default elementor-section-height-default\" data-id=\"6c13656\" data-element_type=\"section\" data-e-type=\"section\">\n\t\t\t\t\t\t<div class=\"elementor-container elementor-column-gap-default\">\n\t\t\t\t\t<div class=\"elementor-column elementor-col-50 elementor-inner-column elementor-element elementor-element-d932a3e\" data-id=\"d932a3e\" data-element_type=\"column\" data-e-type=\"column\" data-settings=\"{&quot;background_background&quot;:&quot;classic&quot;}\">\n\t\t\t<div class=\"elementor-widget-wrap elementor-element-populated\">\n\t\t\t\t\t\t<div class=\"elementor-element elementor-element-73f46138 elementor-widget elementor-widget-text-editor\" data-id=\"73f46138\" data-element_type=\"widget\" data-e-type=\"widget\" data-widget_type=\"text-editor.default\">\n\t\t\t\t<div class=\"elementor-widget-container\">\n\t\t\t\t\t\t\t\t\t<p><strong>Osijek:<br \/><br \/><\/strong><\/p><p>Hrvatske Republike 19, 1. kat<br \/><br \/><\/p><p>Tel: 031 628 054<br \/><br \/><\/p><p>Uredovno vrijeme za rad sa strankama od 9 do 12 h od utorka do \u010detvrtka.<\/p>\t\t\t\t\t\t\t\t<\/div>\n\t\t\t\t<\/div>\n\t\t\t\t<div class=\"elementor-element elementor-element-1ce2723 elementor-widget elementor-widget-google_maps\" data-id=\"1ce2723\" data-element_type=\"widget\" data-e-type=\"widget\" data-widget_type=\"google_maps.default\">\n\t\t\t\t<div class=\"elementor-widget-container\">\n\t\t\t\t\t\t\t<div class=\"elementor-custom-embed\">\n\t\t\t<iframe loading=\"lazy\"\n\t\t\t\t\tsrc=\"https:\/\/maps.google.com\/maps?q=hrvatske%20republike%2019%2C%201.%20kat&#038;t=m&#038;z=13&#038;output=embed&#038;iwloc=near\"\n\t\t\t\t\ttitle=\"hrvatske republike 19, 1. kat\"\n\t\t\t\t\taria-label=\"hrvatske republike 19, 1. kat\"\n\t\t\t><\/iframe>\n\t\t<\/div>\n\t\t\t\t\t\t<\/div>\n\t\t\t\t<\/div>\n\t\t\t\t\t<\/div>\n\t\t<\/div>\n\t\t\t\t<div class=\"elementor-column elementor-col-50 elementor-inner-column elementor-element elementor-element-5671d24\" data-id=\"5671d24\" data-element_type=\"column\" data-e-type=\"column\" data-settings=\"{&quot;background_background&quot;:&quot;classic&quot;}\">\n\t\t\t<div class=\"elementor-widget-wrap elementor-element-populated\">\n\t\t\t\t\t\t<div class=\"elementor-element elementor-element-6e60e9a6 elementor-widget elementor-widget-text-editor\" data-id=\"6e60e9a6\" data-element_type=\"widget\" data-e-type=\"widget\" data-widget_type=\"text-editor.default\">\n\t\t\t\t<div class=\"elementor-widget-container\">\n\t\t\t\t\t\t\t\t\t<p><strong>Split:<br \/><br \/><\/strong><\/p><p>Ma\u017eurani\u0107evo \u0161etali\u0161te 8a (ulaz iz Tolstojeve)<br \/><br \/><\/p><p>Tel: 021 682 981<br \/><br \/><\/p><p>Uredovno vrijeme za rad sa strankama od 9 do 12 h od utorka do \u010detvrtka.<\/p>\t\t\t\t\t\t\t\t<\/div>\n\t\t\t\t<\/div>\n\t\t\t\t<div class=\"elementor-element elementor-element-ccc8e81 elementor-widget elementor-widget-google_maps\" data-id=\"ccc8e81\" data-element_type=\"widget\" data-e-type=\"widget\" data-widget_type=\"google_maps.default\">\n\t\t\t\t<div class=\"elementor-widget-container\">\n\t\t\t\t\t\t\t<div class=\"elementor-custom-embed\">\n\t\t\t<iframe loading=\"lazy\"\n\t\t\t\t\tsrc=\"https:\/\/maps.google.com\/maps?q=ma%C5%BEurani%C4%87evo%20%C5%A1etali%C5%A1te%208a&#038;t=m&#038;z=15&#038;output=embed&#038;iwloc=near\"\n\t\t\t\t\ttitle=\"ma\u017eurani\u0107evo \u0161etali\u0161te 8a\"\n\t\t\t\t\taria-label=\"ma\u017eurani\u0107evo \u0161etali\u0161te 8a\"\n\t\t\t><\/iframe>\n\t\t<\/div>\n\t\t\t\t\t\t<\/div>\n\t\t\t\t<\/div>\n\t\t\t\t\t<\/div>\n\t\t<\/div>\n\t\t\t\t\t<\/div>\n\t\t<\/section>\n\t\t\t\t\t<\/div>\n\t\t<\/div>\n\t\t\t\t\t<\/div>\n\t\t<\/section>\n\t\t\t\t<\/div>\n\t\t","protected":false},"excerpt":{"rendered":"<p>Kontakti Ured pu\u010dke pravobraniteljice Savska cesta 41\/3, 10 000 Zagreb info@ombudsman.hr 01 4851 855 OIB: 08026537914 \u00a0 Uredovno vrijeme za rad sa strankama: Zagreb \u2013 od utorka do petka od 9 do 12h Rijeka, Osijek, Split \u2013 od utorka do \u010detvrtka od 9 do 12h Pritu\u017ebu je mogu\u0107e predati: po\u0161tom (Savska cesta 41\/3, 10 000 [&hellip;]<\/p>\n","protected":false},"author":2,"featured_media":0,"parent":0,"menu_order":0,"comment_status":"closed","ping_status":"closed","template":"","meta":{"footnotes":""},"tags":[],"class_list":["post-3632","page","type-page","status-publish","hentry"],"_links":{"self":[{"href":"https:\/\/www.ombudsman.hr\/hr\/wp-json\/wp\/v2\/pages\/3632","targetHints":{"allow":["GET"]}}],"collection":[{"href":"https:\/\/www.ombudsman.hr\/hr\/wp-json\/wp\/v2\/pages"}],"about":[{"href":"https:\/\/www.ombudsman.hr\/hr\/wp-json\/wp\/v2\/types\/page"}],"author":[{"embeddable":true,"href":"https:\/\/www.ombudsman.hr\/hr\/wp-json\/wp\/v2\/users\/2"}],"replies":[{"embeddable":true,"href":"https:\/\/www.ombudsman.hr\/hr\/wp-json\/wp\/v2\/comments?post=3632"}],"version-history":[{"count":127,"href":"https:\/\/www.ombudsman.hr\/hr\/wp-json\/wp\/v2\/pages\/3632\/revisions"}],"predecessor-version":[{"id":23124,"href":"https:\/\/www.ombudsman.hr\/hr\/wp-json\/wp\/v2\/pages\/3632\/revisions\/23124"}],"wp:attachment":[{"href":"https:\/\/www.ombudsman.hr\/hr\/wp-json\/wp\/v2\/media?parent=3632"}],"wp:term":[{"taxonomy":"post_tag","embeddable":true,"href":"https:\/\/www.ombudsman.hr\/hr\/wp-json\/wp\/v2\/tags?post=3632"}],"curies":[{"name":"wp","href":"https:\/\/api.w.org\/{rel}","templated":true}]}}