{"id":2784,"date":"2018-12-02T22:11:07","date_gmt":"2018-12-02T22:11:07","guid":{"rendered":"https:\/\/site2.ombudsman.hr\/?page_id=2784"},"modified":"2025-09-17T12:32:43","modified_gmt":"2025-09-17T10:32:43","slug":"povijest-institucije","status":"publish","type":"page","link":"https:\/\/www.ombudsman.hr\/hr\/povijest-institucije\/","title":{"rendered":"Povijest institucije"},"content":{"rendered":"\t\t<div data-elementor-type=\"wp-page\" data-elementor-id=\"2784\" class=\"elementor elementor-2784\" data-elementor-post-type=\"page\">\n\t\t\t\t\t\t<section class=\"elementor-section elementor-top-section elementor-element elementor-element-fcf9520 elementor-section-height-min-height elementor-section-boxed elementor-section-height-default elementor-section-items-middle\" data-id=\"fcf9520\" data-element_type=\"section\" data-e-type=\"section\" data-settings=\"{&quot;background_background&quot;:&quot;classic&quot;}\">\n\t\t\t\t\t\t<div class=\"elementor-container elementor-column-gap-default\">\n\t\t\t\t\t<div class=\"elementor-column elementor-col-100 elementor-top-column elementor-element elementor-element-a784e2a\" data-id=\"a784e2a\" data-element_type=\"column\" data-e-type=\"column\">\n\t\t\t<div class=\"elementor-widget-wrap elementor-element-populated\">\n\t\t\t\t\t\t<div class=\"elementor-element elementor-element-071b8cb elementor-widget elementor-widget-heading\" data-id=\"071b8cb\" data-element_type=\"widget\" data-e-type=\"widget\" data-widget_type=\"heading.default\">\n\t\t\t\t<div class=\"elementor-widget-container\">\n\t\t\t\t\t<h1 class=\"elementor-heading-title elementor-size-default\">Povijest institucije <\/h1>\t\t\t\t<\/div>\n\t\t\t\t<\/div>\n\t\t\t\t\t<\/div>\n\t\t<\/div>\n\t\t\t\t\t<\/div>\n\t\t<\/section>\n\t\t\t\t<section class=\"elementor-section elementor-top-section elementor-element elementor-element-1b9c55e elementor-section-boxed elementor-section-height-default elementor-section-height-default\" data-id=\"1b9c55e\" data-element_type=\"section\" data-e-type=\"section\">\n\t\t\t\t\t\t<div class=\"elementor-container elementor-column-gap-default\">\n\t\t\t\t\t<div class=\"elementor-column elementor-col-100 elementor-top-column elementor-element elementor-element-0fb1c77\" data-id=\"0fb1c77\" data-element_type=\"column\" data-e-type=\"column\">\n\t\t\t<div class=\"elementor-widget-wrap elementor-element-populated\">\n\t\t\t\t\t\t<div class=\"elementor-element elementor-element-8638c72 elementor-widget elementor-widget-text-editor\" data-id=\"8638c72\" data-element_type=\"widget\" data-e-type=\"widget\" data-widget_type=\"text-editor.default\">\n\t\t\t\t<div class=\"elementor-widget-container\">\n\t\t\t\t\t\t\t\t\t<p><strong>Institucija pu\u010dkog pravobranitelja<\/strong> u hrvatski je dr\u017eavni i pravni sustav uvedena <strong>Ustavom iz 1990.<\/strong> godine, a ustavne odredbe koje reguliraju status ove institucije mijenjale su se pro\u0161iruju\u0107i nadle\u017enosti, odnosno ja\u010daju\u0107i njezinu ulogu. Posebni pravobranitelji za djecu i ravnopravnost spolova, kao zasebne institucije, uvedeni su 2003. godine, dok posebni pravobranitelj za osobe s invaliditetom djeluje od 2008. godine.<\/p><p>Prema \u010dlanku 93. Ustava, <strong>pu\u010dki pravobranitelj opunomo\u0107enik je Hrvatskoga sabora<\/strong> <strong>za promicanje i za\u0161titu ljudskih prava i sloboda<\/strong> utvr\u0111enih hrvatskim zakonodavstvom i me\u0111unarodnim pravnim aktima koje je Hrvatska prihvatila. Nadle\u017enost institucije je zna\u010dajno pro\u0161irena stupanjem na snagu Zakona o suzbijanju diskriminacije, \u010dime je pu\u010dki pravobranitelj postao <strong>sredi\u0161nje tijelo za suzbijanje diskriminacije<\/strong> u Hrvatskoj.<\/p><p>Novi mandat, djelovanje <strong>Nacionalnog preventivnog mehanizma za spre\u010davanje mu\u010denja i drugih okrutnih, neljudskih ili poni\u017eavaju\u0107ih postupaka ili ka\u017enjavanja<\/strong>, prihva\u0107en je 2012. godine. U istom razdoblju, novim Zakonom o pu\u010dkom pravobranitelju definirane su i pro\u0161irene zada\u0107e institucije u podru\u010dju promocije ljudskih prava, odnosa s javno\u0161\u0107u, istra\u017eiva\u010dkog rada, institucionalne suradnje i suradnje s organizacijama civilnoga dru\u0161tva te je zakonski regulirano institucionalno pripajanje javne ustanove Centar za ljudska prava, u cilju ja\u010danja kapaciteta za promotivni rad.<\/p><p>Time su u velikoj mjeri ispunjene preporuke UN-ovih tijela. Naime, Me\u0111unarodni koordinacijski odbor za nacionalne institucije ICC NHRI (koji sada djeluje pod nazivom Pododbor za akreditiranje \u2013 SCA Globalnog saveza nacionalnih institucija za ljudska prava \u2013 GANHRI), reprezentativno tijelo nacionalnih institucija za za\u0161titu ljudskih prava pri Vije\u0107u za ljudska prava UN-a, 2008. godine akreditirao je pu\u010dkog pravobranitelja kao <strong>neovisnu nacionalnu instituciju za promicanje i za\u0161titu ljudskih prava s najvi\u0161im postoje\u0107im statusom A<\/strong> prema tzv. Pari\u0161kim na\u010delima, koja jam\u010de visoke kriterije u smislu neovisnosti u radu i ja\u010danja institucionalnih kapaciteta u promociji i za\u0161titi ljudskih prava. Ovaj status imamo i sada, nakon \u0161to nam je potvr\u0111en i u idu\u0107a dva procesa reakreditacije \u2013 2013. i 2019.<\/p><p>Pu\u010dka pravobraniteljica 2014. godine pokrenula je i prve <strong>podru\u010dne urede institucije<\/strong>, u <strong>Rijeci<\/strong> i <strong>Osijeku<\/strong>. 2015. otvoren je i Podru\u010dni ured u <strong>Splitu<\/strong>.<\/p><p>Du\u017enost pu\u010dkog pravobranitelja do sada su obna\u0161ali <strong>Branko Babac<\/strong> (1993. \u2013 1996.), <strong>Ante Klari\u0107<\/strong> (1996. \u2013 2004.) <strong><a href=\"https:\/\/www.ombudsman.hr\/hr\/in-memoriam-jurica-malcic-1942-2018-bivsi-pucki-pravobranitelj\/\">Jurica Mal\u010di\u0107<\/a><\/strong> (2004. \u2013 2013.) i <a href=\"https:\/\/www.ombudsman.hr\/hr\/2013-2021\/\"><strong>Lora Vidovi\u0107<\/strong><\/a> (2013. \u2013 2021.).<\/p><p>19. o\u017eujka 2021. godine za pu\u010dku pravobraniteljicu izabrana je <strong>Tena \u0160imonovi\u0107 Einwalter<\/strong>.<\/p><p>\u00a0<\/p><p>Vi\u0161e o ovlasti i nadle\u017enosti institucije <a href=\"https:\/\/www.ombudsman.hr\/hr\/o-nama\/\">doznajte ovdje<\/a>.<\/p><p>Odgovore na pitanja kada i kako nam se mo\u017eete pritu\u017eiti <a href=\"https:\/\/www.ombudsman.hr\/hr\/imam-problem\/\">pro\u010ditajte ovdje<\/a>.<\/p><p><a href=\"https:\/\/www.ombudsman.hr\/hr\/novosti\/?custom_search_action=search&amp;search_query=&amp;date_from=&amp;date_to=&amp;cs_tag=1965\">Ovdje prona\u0111ite primjere<\/a> rada na pritu\u017ebama i predmetima otvorenima na vlastitu inicijativu, a <a href=\"https:\/\/www.ombudsman.hr\/hr\/novosti\/?custom_search_action=search&amp;search_query=&amp;date_from=&amp;date_to=&amp;cs_tag=2055\">ovdje <\/a>rada na boljim propisima i javnim politikama.<\/p>\t\t\t\t\t\t\t\t<\/div>\n\t\t\t\t<\/div>\n\t\t\t\t\t<\/div>\n\t\t<\/div>\n\t\t\t\t\t<\/div>\n\t\t<\/section>\n\t\t\t\t<\/div>\n\t\t","protected":false},"excerpt":{"rendered":"<p>Povijest institucije Institucija pu\u010dkog pravobranitelja u hrvatski je dr\u017eavni i pravni sustav uvedena Ustavom iz 1990. godine, a ustavne odredbe koje reguliraju status ove institucije mijenjale su se pro\u0161iruju\u0107i nadle\u017enosti, odnosno ja\u010daju\u0107i njezinu ulogu. Posebni pravobranitelji za djecu i ravnopravnost spolova, kao zasebne institucije, uvedeni su 2003. godine, dok posebni pravobranitelj za osobe s invaliditetom [&hellip;]<\/p>\n","protected":false},"author":1,"featured_media":0,"parent":0,"menu_order":0,"comment_status":"closed","ping_status":"closed","template":"","meta":{"footnotes":""},"tags":[],"class_list":["post-2784","page","type-page","status-publish","hentry"],"_links":{"self":[{"href":"https:\/\/www.ombudsman.hr\/hr\/wp-json\/wp\/v2\/pages\/2784","targetHints":{"allow":["GET"]}}],"collection":[{"href":"https:\/\/www.ombudsman.hr\/hr\/wp-json\/wp\/v2\/pages"}],"about":[{"href":"https:\/\/www.ombudsman.hr\/hr\/wp-json\/wp\/v2\/types\/page"}],"author":[{"embeddable":true,"href":"https:\/\/www.ombudsman.hr\/hr\/wp-json\/wp\/v2\/users\/1"}],"replies":[{"embeddable":true,"href":"https:\/\/www.ombudsman.hr\/hr\/wp-json\/wp\/v2\/comments?post=2784"}],"version-history":[{"count":34,"href":"https:\/\/www.ombudsman.hr\/hr\/wp-json\/wp\/v2\/pages\/2784\/revisions"}],"predecessor-version":[{"id":22363,"href":"https:\/\/www.ombudsman.hr\/hr\/wp-json\/wp\/v2\/pages\/2784\/revisions\/22363"}],"wp:attachment":[{"href":"https:\/\/www.ombudsman.hr\/hr\/wp-json\/wp\/v2\/media?parent=2784"}],"wp:term":[{"taxonomy":"post_tag","embeddable":true,"href":"https:\/\/www.ombudsman.hr\/hr\/wp-json\/wp\/v2\/tags?post=2784"}],"curies":[{"name":"wp","href":"https:\/\/api.w.org\/{rel}","templated":true}]}}