{"id":2767,"date":"2021-03-19T13:00:12","date_gmt":"2021-03-19T11:00:12","guid":{"rendered":"https:\/\/site2.ombudsman.hr\/?page_id=2767"},"modified":"2025-09-01T10:10:27","modified_gmt":"2025-09-01T08:10:27","slug":"pravobraniteljica","status":"publish","type":"page","link":"https:\/\/www.ombudsman.hr\/hr\/pravobraniteljica\/","title":{"rendered":"Pravobraniteljica"},"content":{"rendered":"\t\t<div data-elementor-type=\"wp-page\" data-elementor-id=\"2767\" class=\"elementor elementor-2767\" data-elementor-post-type=\"page\">\n\t\t\t\t\t\t<section class=\"elementor-section elementor-top-section elementor-element elementor-element-95525d3 elementor-section-height-min-height elementor-section-boxed elementor-section-height-default elementor-section-items-middle\" data-id=\"95525d3\" data-element_type=\"section\" data-e-type=\"section\" data-settings=\"{&quot;background_background&quot;:&quot;classic&quot;}\">\n\t\t\t\t\t\t<div class=\"elementor-container elementor-column-gap-default\">\n\t\t\t\t\t<div class=\"elementor-column elementor-col-100 elementor-top-column elementor-element elementor-element-11657df\" data-id=\"11657df\" data-element_type=\"column\" data-e-type=\"column\">\n\t\t\t<div class=\"elementor-widget-wrap elementor-element-populated\">\n\t\t\t\t\t\t<div class=\"elementor-element elementor-element-8e15de1 elementor-widget elementor-widget-heading\" data-id=\"8e15de1\" data-element_type=\"widget\" data-e-type=\"widget\" data-widget_type=\"heading.default\">\n\t\t\t\t<div class=\"elementor-widget-container\">\n\t\t\t\t\t<h1 class=\"elementor-heading-title elementor-size-default\">Pravobraniteljica<\/h1>\t\t\t\t<\/div>\n\t\t\t\t<\/div>\n\t\t\t\t\t<\/div>\n\t\t<\/div>\n\t\t\t\t\t<\/div>\n\t\t<\/section>\n\t\t\t\t<section class=\"elementor-section elementor-top-section elementor-element elementor-element-5356ab1 elementor-section-boxed elementor-section-height-default elementor-section-height-default\" data-id=\"5356ab1\" data-element_type=\"section\" data-e-type=\"section\">\n\t\t\t\t\t\t<div class=\"elementor-container elementor-column-gap-default\">\n\t\t\t\t\t<div class=\"elementor-column elementor-col-50 elementor-top-column elementor-element elementor-element-245ccaf\" data-id=\"245ccaf\" data-element_type=\"column\" data-e-type=\"column\">\n\t\t\t<div class=\"elementor-widget-wrap elementor-element-populated\">\n\t\t\t\t\t\t<div class=\"elementor-element elementor-element-1c6be05c elementor-widget elementor-widget-image\" data-id=\"1c6be05c\" data-element_type=\"widget\" data-e-type=\"widget\" data-widget_type=\"image.default\">\n\t\t\t\t<div class=\"elementor-widget-container\">\n\t\t\t\t\t\t\t\t\t\t\t\t\t\t\t<img fetchpriority=\"high\" decoding=\"async\" width=\"800\" height=\"533\" src=\"https:\/\/www.ombudsman.hr\/wp-content\/uploads\/2025\/01\/CR0_4029-Enhanced-NR-1024x682-1.jpg\" class=\"attachment-large size-large wp-image-20356\" alt=\"\" srcset=\"https:\/\/www.ombudsman.hr\/wp-content\/uploads\/2025\/01\/CR0_4029-Enhanced-NR-1024x682-1.jpg 1024w, https:\/\/www.ombudsman.hr\/wp-content\/uploads\/2025\/01\/CR0_4029-Enhanced-NR-1024x682-1-300x200.jpg 300w, https:\/\/www.ombudsman.hr\/wp-content\/uploads\/2025\/01\/CR0_4029-Enhanced-NR-1024x682-1-768x512.jpg 768w\" sizes=\"(max-width: 800px) 100vw, 800px\" \/>\t\t\t\t\t\t\t\t\t\t\t\t\t\t\t<\/div>\n\t\t\t\t<\/div>\n\t\t\t\t\t<\/div>\n\t\t<\/div>\n\t\t\t\t<div class=\"elementor-column elementor-col-50 elementor-top-column elementor-element elementor-element-795111d\" data-id=\"795111d\" data-element_type=\"column\" data-e-type=\"column\">\n\t\t\t<div class=\"elementor-widget-wrap elementor-element-populated\">\n\t\t\t\t\t\t<div class=\"elementor-element elementor-element-27d67b8 elementor-widget elementor-widget-text-editor\" data-id=\"27d67b8\" data-element_type=\"widget\" data-e-type=\"widget\" data-widget_type=\"text-editor.default\">\n\t\t\t\t<div class=\"elementor-widget-container\">\n\t\t\t\t\t\t\t\t\t<p><strong>Tena \u0160imonovi\u0107 Einwalter<\/strong>&nbsp;diplomirala je Magna Cum Laude na Pravnom fakultetu Sveu\u010dili\u0161ta u Zagrebu, zavr\u0161ila je poslijediplomski studij europskog i komparativnog prava na Pravnom fakultetu Sveu\u010dili\u0161ta u Oxfordu i poslijediplomski znanstveni studij Me\u0111unarodni odnosi na Fakultetu politi\u010dkih znanosti Sveu\u010dili\u0161ta u Zagrebu. Polo\u017eila je pravosudni ispit. Dobitnica je Diplome koju dodjeljuje Me\u0111unarodni institut za ljudska prava u Strasbourgu.<\/p><p><strong>Hrvatski sabor izabrao ju je za pu\u010dku pravobraniteljicu 19. o\u017eujka 2021. godine.<\/strong><\/p>\n<p>\u010clanica je i prva potpredsjednica&nbsp;<strong>Europske komisije protiv rasizma i nesno\u0161ljivosti (ECRI) Vije\u0107a Europe<\/strong>. Vodila je radnu skupinu ECRI-ja koja je sastavila Op\u0107u politi\u010dku preporuku 2 o tijelima za jednakost. Ispred ECRI-ja sudjelovala je u radu&nbsp;<strong>Ad-hoc odbora za umjetnu inteligenciju (CAHAI) te Odbora za umjetnu inteligenciju (CAI)<\/strong>, koji je izradio Okvirnu konvenciju Vije\u0107a Europe o umjetnoj inteligenciji, ljudskim pravima i vladavini prava (2024). Trenutno predstavlja ECRI u&nbsp;<strong>Odboru stru\u010dnjaka za umjetnu inteligenciju, jednakost i diskriminaciju Vije\u0107a Europe<\/strong>.<\/p>\n<p>Predsjedavala je u tri mandata Izvr\u0161nim odborom&nbsp;<strong>Europske mre\u017ee tijela za jednakost (EQUINET)<\/strong>, koja okuplja 47 institucija za suzbijanje diskriminacije iz 37 europskih dr\u017eava (2017.-2019., 2019.-2021., 2022.-2023.). Od 2019. vodi Equinetov Projekt o standardima za tijela za jednakost, s ciljem ja\u010danja uloge i neovisnosti ovih neovisnih institucija diljem Europe, uklju\u010duju\u0107i dono\u0161enje pravno obvezuju\u0107ih standarda na razini EU, u pogledu \u010dega su 2024. usvojene dvije nove EU direktive.&nbsp;Sudjelovala je u radu Upravnog odbora<strong>&nbsp;Agencije EU za temeljna prava (FRA)<\/strong>&nbsp;2017.-2019.<\/p>\n<p>Bila je \u010dlanica radnih skupina za izradu propisa, koordinirala provo\u0111enje europskih projekata te sudjelovala u radu brojnih me\u0111unarodnih i doma\u0107ih konferencija, okruglih stolova, seminara i tribina, na kojima je dr\u017eala izlaganja i predavanja.<\/p>\n<p>Kao autorica i koautorica objavila je vi\u0161e radova vezanih uz ljudska prava i suzbijanje diskriminacije, s fokusom na zakonodavstvo, sudsku praksu i mehanizme za\u0161tite, na razini Republike Hrvatske, Europske unije i Vije\u0107a Europe.<\/p>\n<p>U instituciji pu\u010dkog pravobranitelja radi od 2008. godine, gdje je bila prvo savjetnica, a potom od 2013. godine zamjenica pu\u010dke pravobraniteljice.<\/p>\t\t\t\t\t\t\t\t<\/div>\n\t\t\t\t<\/div>\n\t\t\t\t\t<\/div>\n\t\t<\/div>\n\t\t\t\t\t<\/div>\n\t\t<\/section>\n\t\t\t\t<\/div>\n\t\t","protected":false},"excerpt":{"rendered":"<p>Pravobraniteljica Tena \u0160imonovi\u0107 Einwalter&nbsp;diplomirala je Magna Cum Laude na Pravnom fakultetu Sveu\u010dili\u0161ta u Zagrebu, zavr\u0161ila je poslijediplomski studij europskog i komparativnog prava na Pravnom fakultetu Sveu\u010dili\u0161ta u Oxfordu i poslijediplomski znanstveni studij Me\u0111unarodni odnosi na Fakultetu politi\u010dkih znanosti Sveu\u010dili\u0161ta u Zagrebu. Polo\u017eila je pravosudni ispit. Dobitnica je Diplome koju dodjeljuje Me\u0111unarodni institut za ljudska prava [&hellip;]<\/p>\n","protected":false},"author":1,"featured_media":0,"parent":0,"menu_order":0,"comment_status":"closed","ping_status":"closed","template":"","meta":{"footnotes":""},"tags":[],"class_list":["post-2767","page","type-page","status-publish","hentry"],"_links":{"self":[{"href":"https:\/\/www.ombudsman.hr\/hr\/wp-json\/wp\/v2\/pages\/2767","targetHints":{"allow":["GET"]}}],"collection":[{"href":"https:\/\/www.ombudsman.hr\/hr\/wp-json\/wp\/v2\/pages"}],"about":[{"href":"https:\/\/www.ombudsman.hr\/hr\/wp-json\/wp\/v2\/types\/page"}],"author":[{"embeddable":true,"href":"https:\/\/www.ombudsman.hr\/hr\/wp-json\/wp\/v2\/users\/1"}],"replies":[{"embeddable":true,"href":"https:\/\/www.ombudsman.hr\/hr\/wp-json\/wp\/v2\/comments?post=2767"}],"version-history":[{"count":133,"href":"https:\/\/www.ombudsman.hr\/hr\/wp-json\/wp\/v2\/pages\/2767\/revisions"}],"predecessor-version":[{"id":21809,"href":"https:\/\/www.ombudsman.hr\/hr\/wp-json\/wp\/v2\/pages\/2767\/revisions\/21809"}],"wp:attachment":[{"href":"https:\/\/www.ombudsman.hr\/hr\/wp-json\/wp\/v2\/media?parent=2767"}],"wp:term":[{"taxonomy":"post_tag","embeddable":true,"href":"https:\/\/www.ombudsman.hr\/hr\/wp-json\/wp\/v2\/tags?post=2767"}],"curies":[{"name":"wp","href":"https:\/\/api.w.org\/{rel}","templated":true}]}}