{"id":2765,"date":"2018-12-02T21:56:31","date_gmt":"2018-12-02T21:56:31","guid":{"rendered":"https:\/\/site2.ombudsman.hr\/?page_id=2765"},"modified":"2025-01-13T12:49:41","modified_gmt":"2025-01-13T10:49:41","slug":"ovlasti-i-nadleznosti","status":"publish","type":"page","link":"https:\/\/www.ombudsman.hr\/hr\/ovlasti-i-nadleznosti\/","title":{"rendered":"Ovlasti i nadle\u017enosti"},"content":{"rendered":"\t\t<div data-elementor-type=\"wp-page\" data-elementor-id=\"2765\" class=\"elementor elementor-2765\" data-elementor-post-type=\"page\">\n\t\t\t\t\t\t<section class=\"elementor-section elementor-top-section elementor-element elementor-element-50c641b elementor-section-height-min-height elementor-section-boxed elementor-section-height-default elementor-section-items-middle\" data-id=\"50c641b\" data-element_type=\"section\" data-e-type=\"section\" data-settings=\"{&quot;background_background&quot;:&quot;classic&quot;}\">\n\t\t\t\t\t\t<div class=\"elementor-container elementor-column-gap-default\">\n\t\t\t\t\t<div class=\"elementor-column elementor-col-100 elementor-top-column elementor-element elementor-element-e443b49\" data-id=\"e443b49\" data-element_type=\"column\" data-e-type=\"column\">\n\t\t\t<div class=\"elementor-widget-wrap elementor-element-populated\">\n\t\t\t\t\t\t<div class=\"elementor-element elementor-element-32ed2b0 elementor-widget elementor-widget-heading\" data-id=\"32ed2b0\" data-element_type=\"widget\" data-e-type=\"widget\" data-widget_type=\"heading.default\">\n\t\t\t\t<div class=\"elementor-widget-container\">\n\t\t\t\t\t<h1 class=\"elementor-heading-title elementor-size-default\">Ovlasti i nadle\u017enosti<\/h1>\t\t\t\t<\/div>\n\t\t\t\t<\/div>\n\t\t\t\t\t<\/div>\n\t\t<\/div>\n\t\t\t\t\t<\/div>\n\t\t<\/section>\n\t\t\t\t<section class=\"elementor-section elementor-top-section elementor-element elementor-element-29ac1cb elementor-section-boxed elementor-section-height-default elementor-section-height-default\" data-id=\"29ac1cb\" data-element_type=\"section\" data-e-type=\"section\">\n\t\t\t\t\t\t<div class=\"elementor-container elementor-column-gap-default\">\n\t\t\t\t\t<div class=\"elementor-column elementor-col-100 elementor-top-column elementor-element elementor-element-034c2a6\" data-id=\"034c2a6\" data-element_type=\"column\" data-e-type=\"column\">\n\t\t\t<div class=\"elementor-widget-wrap elementor-element-populated\">\n\t\t\t\t\t\t<div class=\"elementor-element elementor-element-4dbc90c elementor-widget elementor-widget-text-editor\" data-id=\"4dbc90c\" data-element_type=\"widget\" data-e-type=\"widget\" data-widget_type=\"text-editor.default\">\n\t\t\t\t<div class=\"elementor-widget-container\">\n\t\t\t\t\t\t\t\t\t<aside class=\"article-aside clearfix\"><div class=\"actions pull-right\"><div class=\"vertline\"><p class=\"email-icon\"><span style=\"font-size: 16px;\">Kao <strong>opunomo\u0107enica Hrvatskoga sabora<\/strong> za za\u0161titu i promicanje ljudskih prava i sloboda, sredi\u0161nje tijelo za suzbijanje diskriminacije te institucija koja obavlja poslove Nacionalnog preventivnog mehanizma za sprje\u010davanje mu\u010denja i drugih okrutnih, neljudskih ili poni\u017eavaju\u0107ih postupaka ili ka\u017enjavanja i tijelo nadle\u017eno za vanjsko prijavljivanje nepravilnosti (zvi\u017eda\u010di), pu\u010dka pravobraniteljica djeluje u okviru svojih nadle\u017enosti propisanih <strong>Ustavom<\/strong>, <strong>Zakonom o pu\u010dkom pravobranitelju<\/strong>, <strong>Zakonom o suzbijanju diskriminacije<\/strong>, <strong>Zakonom o nacionalnom preventivnom mehanizmu<\/strong> te <strong>Zakonom o za\u0161titi prijavitelja nepravilnosti<\/strong>.<\/span><\/p><\/div><\/div><\/aside><p class=\"article-content clearfix\"><span style=\"font-size: 16px;\">Ukoliko to smatra potrebnim, mo\u017ee dati <strong>preporuke<\/strong>, <strong>mi\u0161ljenja<\/strong>, <strong>prijedloge<\/strong> i <strong>upozorenja<\/strong> dr\u017eavnim tijelima, tijelima jedinica lokalne i podru\u010dne (regionalne) samouprave i pravnim osobama s javnim ovlastima, a u skladu s posebnim zakonima i pravnim i fizi\u010dkim osobama. <\/span><\/p><p class=\"article-content clearfix\"><span style=\"font-size: 16px;\">Od njih mo\u017ee zatra\u017eiti sve potrebne informacije, podatke, obja\u0161njenja i drugu dokumentaciju, a oni su ih <strong>obvezni dostaviti u roku<\/strong>. <\/span><\/p><p class=\"article-content clearfix\"><span style=\"font-size: 16px;\">Prema podru\u010djima djelovanja, aktivnosti pu\u010dke pravobraniteljice uklju\u010duju:<\/span><\/p><p>\u00a0<\/p><section><\/section><section><\/section><section><\/section><section><\/section><section class=\"article-content clearfix\"><strong><span style=\"font-size: 16px;\">LJUDSKA PRAVA<\/span><\/strong><ul><li><span style=\"font-size: 16px;\">razmatranje pritu\u017ebi o postojanju nezakonitosti i nepravilnosti u radu dr\u017eavnih tijela, tijela jedinica lokalne i podru\u010dne (regionalne) samouprave i pravnih osoba s javnim ovlastima, a u skladu s posebnim zakonima i pritu\u017ebi koje se odnose na rad pravnih i fizi\u010dkih osoba<\/span><\/li><li><span style=\"font-size: 16px;\">pra\u0107enje stanja ljudskih prava i ukazivanje na potrebu njihove za\u0161tite<\/span><\/li><li><span style=\"font-size: 16px;\">istra\u017eiva\u010dko analiti\u010dku djelatnost<\/span><\/li><li><span style=\"font-size: 16px;\">pra\u0107enje ustavnosti zakona i drugih propisa<\/span><\/li><li><span style=\"font-size: 16px;\">poticanje na uskla\u0111ivanje zakonodavstva s me\u0111unarodnim i europskim standardima i njihovu primjenu<\/span><\/li><li><span style=\"font-size: 16px;\">razvijanje i odr\u017eavanje baze podataka i dokumentacije<\/span><\/li><li><span style=\"font-size: 16px;\">pravodobno i redovito informiranje javnosti i zainteresiranih dionika<\/span><\/li><li><span style=\"font-size: 16px;\">aktivno poticanje i odr\u017eavanje suradnje s organizacijama civilnog dru\u0161tva, me\u0111unarodnim organizacijama i znanstvenoistra\u017eiva\u010dkim institucijama.<\/span><\/li><\/ul><p>\u00a0<\/p><p><strong><span style=\"font-size: 16px;\">DISKRIMINACIJA<\/span><\/strong><\/p><ul><li><span style=\"font-size: 16px;\">zaprimanje pritu\u017ebi svih fizi\u010dkih i pravnih osoba<\/span><\/li><li><span style=\"font-size: 16px;\">pru\u017eanje potrebnih obavijesti fizi\u010dkim i pravnim osobama o njihovim pravima i obvezama te mogu\u0107nostima sudske i druge za\u0161tite<\/span><\/li><li><span style=\"font-size: 16px;\">ispitivanje pojedina\u010dnih prijava i poduzimanje radnji u okviru nadle\u017enosti, potrebnih za otklanjanje diskriminacije i za\u0161titu prava diskriminirane osobe (ukoliko nije zapo\u010det sudski postupak)<\/span><\/li><li><span style=\"font-size: 16px;\">upozoravanje javnosti na pojave diskriminacije<\/span><\/li><li><span style=\"font-size: 16px;\">uz pristanak stranke, provo\u0111enje postupka mirenja, uz mogu\u0107nost sklapanja izvansudske nagodbe<\/span><\/li><li><span style=\"font-size: 16px;\">podno\u0161enje kaznenih prijava u vezi sa slu\u010dajevima diskriminacije nadle\u017enom dr\u017eavnom odvjetni\u0161tvu<\/span><\/li><li><span style=\"font-size: 16px;\">prikupljanje i analiza statisti\u010dkih podataka o slu\u010dajevima diskriminacije<\/span><\/li><li><span style=\"font-size: 16px;\">izvje\u0161tavanje Hrvatskog sabora o pojavama diskriminacije, u godi\u0161njem izvje\u0161\u0107u, a po potrebi i izvanrednim izvje\u0161\u0107em<\/span><\/li><li><span style=\"font-size: 16px;\">provo\u0111enje istra\u017eivanja u podru\u010dju diskriminacije, davanje mi\u0161ljenja i preporuka te predlaganje odgovaraju\u0107ih zakonskih i strate\u0161kih rje\u0161enja Vladi RH<\/span><\/li><\/ul><p>\u00a0<\/p><p><strong><span style=\"font-size: 16px;\">NACIONALNI PREVENTIVNI MEHANIZAM<\/span><\/strong><\/p><ul><li><span style=\"font-size: 16px;\">obilasci mjesta u kojima se nalaze ili bi se mogle nalaziti osobe li\u0161ene slobode ili osobe kojima je ograni\u010dena sloboda kretanja<\/span><\/li><li><span style=\"font-size: 16px;\">davanje preporuka nadle\u017enim tijelima vlasti i ustanovama radi pobolj\u0161avanja postupanja prema osobama li\u0161enim slobode i uvjeta u kojima se one nalaze<\/span><\/li><li><span style=\"font-size: 16px;\">davanje prijedloga i primjedbi na zakone i druge propise<\/span><\/li><li><span style=\"font-size: 16px;\">suradnju s Pododborom UN-a za spre\u010davanje mu\u010denja i drugih okrutnih, ne\u010dovje\u010dnih ili poni\u017eavaju\u0107ih postupanja ili ka\u017enjavanja<\/span><\/li><\/ul><\/section><p>\u00a0<\/p><p><span style=\"font-size: 16px;\"><strong>ZA\u0160TITA PRIJAVITELJA NEPRAVILNOSTI<\/strong><br \/><\/span><\/p><ul><li><span style=\"font-size: 16px;\">zaprimanje prijava o nepravilnosti kao nadle\u017eno tijelo za vanjsko prijavljivanje\u00a0<\/span><\/li><li><span style=\"font-size: 16px;\">ispitivanje pojedina\u010dnih prijava<\/span><\/li><li><span style=\"font-size: 16px;\">proslje\u0111ivanje prijava tijelima ovla\u0161tenim za postupanje<\/span><\/li><li><span style=\"font-size: 16px;\">\u010duvanje identiteta prijavitelja nepravilnosti i podataka iz prijave, osim ako to nije suprotno zakonu<\/span><\/li><li><span style=\"font-size: 16px;\">izrada izvje\u0161taja kojim ocjenjuje jesu li ugro\u017eena ili povrije\u0111ena ustavna ili zakonska prava prijavitelja<\/span><\/li><li><span style=\"font-size: 16px;\">davanje op\u0107e pravne informacije prijavitelju vezane uz za\u0161titu njegovih prava<\/span><\/li><li><span style=\"font-size: 16px;\">izvje\u0161tavanje Hrvatskog sabora o za\u0161titi prijavitelja nepravilnosti u sklopu svog godi\u0161njeg izvje\u0161\u0107a, odnosno posebnih izvje\u0161\u0107a<\/span><\/li><\/ul><p>\u00a0<\/p>\t\t\t\t\t\t\t\t<\/div>\n\t\t\t\t<\/div>\n\t\t\t\t\t<\/div>\n\t\t<\/div>\n\t\t\t\t\t<\/div>\n\t\t<\/section>\n\t\t\t\t<\/div>\n\t\t","protected":false},"excerpt":{"rendered":"<p>Ovlasti i nadle\u017enosti Kao opunomo\u0107enica Hrvatskoga sabora za za\u0161titu i promicanje ljudskih prava i sloboda, sredi\u0161nje tijelo za suzbijanje diskriminacije te institucija koja obavlja poslove Nacionalnog preventivnog mehanizma za sprje\u010davanje mu\u010denja i drugih okrutnih, neljudskih ili poni\u017eavaju\u0107ih postupaka ili ka\u017enjavanja i tijelo nadle\u017eno za vanjsko prijavljivanje nepravilnosti (zvi\u017eda\u010di), pu\u010dka pravobraniteljica djeluje u okviru svojih nadle\u017enosti [&hellip;]<\/p>\n","protected":false},"author":1,"featured_media":0,"parent":0,"menu_order":0,"comment_status":"closed","ping_status":"closed","template":"","meta":{"footnotes":""},"tags":[],"class_list":["post-2765","page","type-page","status-publish","hentry"],"_links":{"self":[{"href":"https:\/\/www.ombudsman.hr\/hr\/wp-json\/wp\/v2\/pages\/2765","targetHints":{"allow":["GET"]}}],"collection":[{"href":"https:\/\/www.ombudsman.hr\/hr\/wp-json\/wp\/v2\/pages"}],"about":[{"href":"https:\/\/www.ombudsman.hr\/hr\/wp-json\/wp\/v2\/types\/page"}],"author":[{"embeddable":true,"href":"https:\/\/www.ombudsman.hr\/hr\/wp-json\/wp\/v2\/users\/1"}],"replies":[{"embeddable":true,"href":"https:\/\/www.ombudsman.hr\/hr\/wp-json\/wp\/v2\/comments?post=2765"}],"version-history":[{"count":34,"href":"https:\/\/www.ombudsman.hr\/hr\/wp-json\/wp\/v2\/pages\/2765\/revisions"}],"predecessor-version":[{"id":20056,"href":"https:\/\/www.ombudsman.hr\/hr\/wp-json\/wp\/v2\/pages\/2765\/revisions\/20056"}],"wp:attachment":[{"href":"https:\/\/www.ombudsman.hr\/hr\/wp-json\/wp\/v2\/media?parent=2765"}],"wp:term":[{"taxonomy":"post_tag","embeddable":true,"href":"https:\/\/www.ombudsman.hr\/hr\/wp-json\/wp\/v2\/tags?post=2765"}],"curies":[{"name":"wp","href":"https:\/\/api.w.org\/{rel}","templated":true}]}}