{"id":20335,"date":"2025-01-23T16:26:53","date_gmt":"2025-01-23T14:26:53","guid":{"rendered":"https:\/\/stagesite.ombudsman.hr\/hr\/?page_id=20335"},"modified":"2025-01-28T11:41:52","modified_gmt":"2025-01-28T09:41:52","slug":"spre-avanje-mu-enja-upoznajte-rad-nacionalnog-preventivnog-mehanizma","status":"publish","type":"page","link":"https:\/\/www.ombudsman.hr\/hr\/spre-avanje-mu-enja-upoznajte-rad-nacionalnog-preventivnog-mehanizma\/","title":{"rendered":"Spre\u010davanje mu\u010denja \u2013 upoznajte rad Nacionalnog preventivnog mehanizma"},"content":{"rendered":"\t\t<div data-elementor-type=\"wp-page\" data-elementor-id=\"20335\" class=\"elementor elementor-20335\" data-elementor-post-type=\"page\">\n\t\t\t\t\t\t<section class=\"elementor-section elementor-top-section elementor-element elementor-element-5b85324 elementor-section-height-min-height elementor-section-boxed elementor-section-height-default elementor-section-items-middle\" data-id=\"5b85324\" data-element_type=\"section\" data-e-type=\"section\" data-settings=\"{&quot;background_background&quot;:&quot;classic&quot;}\">\n\t\t\t\t\t\t<div class=\"elementor-container elementor-column-gap-default\">\n\t\t\t\t\t<div class=\"elementor-column elementor-col-100 elementor-top-column elementor-element elementor-element-450eeb1\" data-id=\"450eeb1\" data-element_type=\"column\" data-e-type=\"column\">\n\t\t\t<div class=\"elementor-widget-wrap elementor-element-populated\">\n\t\t\t\t\t\t<div class=\"elementor-element elementor-element-5c6afa8 elementor-widget elementor-widget-heading\" data-id=\"5c6afa8\" data-element_type=\"widget\" data-e-type=\"widget\" data-widget_type=\"heading.default\">\n\t\t\t\t<div class=\"elementor-widget-container\">\n\t\t\t\t\t<h1 class=\"elementor-heading-title elementor-size-default\">Nacionalni preventivni mehanizam<\/h1>\t\t\t\t<\/div>\n\t\t\t\t<\/div>\n\t\t\t\t\t<\/div>\n\t\t<\/div>\n\t\t\t\t\t<\/div>\n\t\t<\/section>\n\t\t\t\t<section class=\"elementor-section elementor-top-section elementor-element elementor-element-6bfa723 elementor-section-height-min-height elementor-section-boxed elementor-section-height-default elementor-section-items-middle\" data-id=\"6bfa723\" data-element_type=\"section\" data-e-type=\"section\" data-settings=\"{&quot;background_background&quot;:&quot;classic&quot;}\">\n\t\t\t\t\t\t\t<div class=\"elementor-background-overlay\"><\/div>\n\t\t\t\t\t\t\t<div class=\"elementor-container elementor-column-gap-default\">\n\t\t\t\t\t<div class=\"elementor-column elementor-col-100 elementor-top-column elementor-element elementor-element-2cffa0d\" data-id=\"2cffa0d\" data-element_type=\"column\" data-e-type=\"column\">\n\t\t\t<div class=\"elementor-widget-wrap elementor-element-populated\">\n\t\t\t\t\t\t<section class=\"elementor-section elementor-inner-section elementor-element elementor-element-25a79ec elementor-section-boxed elementor-section-height-default elementor-section-height-default\" data-id=\"25a79ec\" data-element_type=\"section\" data-e-type=\"section\">\n\t\t\t\t\t\t<div class=\"elementor-container elementor-column-gap-default\">\n\t\t\t\t\t<div class=\"elementor-column elementor-col-100 elementor-inner-column elementor-element elementor-element-19af202\" data-id=\"19af202\" data-element_type=\"column\" data-e-type=\"column\">\n\t\t\t<div class=\"elementor-widget-wrap elementor-element-populated\">\n\t\t\t\t\t\t<div class=\"elementor-element elementor-element-017a087 elementor-widget elementor-widget-text-editor\" data-id=\"017a087\" data-element_type=\"widget\" data-e-type=\"widget\" data-widget_type=\"text-editor.default\">\n\t\t\t\t<div class=\"elementor-widget-container\">\n\t\t\t\t\t\t\t\t\t<p>Pu\u010dka pravobraniteljica od 2012. godine obavlja i poslove NPM-a tj. Nacionalnog preventivnog mehanizma za spre\u010davanje mu\u010denja i drugih okrutnih, neljudskih ili poni\u017eavaju\u0107ih postupaka ili ka\u017enjavanja.<\/p><p>\u00a0<\/p><p>Osnovna zada\u0107a NPM-a jest da redovito i nenajavljeno obilazi mjesta gdje se nalaze ili bi se mogle nalaziti osobe li\u0161ene slobode ili osobe kojima je sloboda kretanja ograni\u010dena. Cilj obilazaka jest ja\u010danje za\u0161tite od mu\u010denja i drugih okrutnih, neljudskih ili poni\u017eavaju\u0107ih postupanja ili ka\u017enjavanja.<\/p><p>\u00a0<\/p><p>Predstavnici NPM-a preventivno obilaze policijske postaje, pritvorske jedinice, prihvatne centre za strance, zatvore, kaznionice, odgojne zavode, psihijatrijske ustanove, socijalne ustanove i druge.<\/p>\t\t\t\t\t\t\t\t<\/div>\n\t\t\t\t<\/div>\n\t\t\t\t\t<\/div>\n\t\t<\/div>\n\t\t\t\t\t<\/div>\n\t\t<\/section>\n\t\t\t\t\t<\/div>\n\t\t<\/div>\n\t\t\t\t\t<\/div>\n\t\t<\/section>\n\t\t\t\t<section class=\"elementor-section elementor-top-section elementor-element elementor-element-bbe7abd elementor-section-height-min-height elementor-section-boxed elementor-section-height-default elementor-section-items-middle\" data-id=\"bbe7abd\" data-element_type=\"section\" data-e-type=\"section\" data-settings=\"{&quot;background_background&quot;:&quot;classic&quot;}\">\n\t\t\t\t\t\t\t<div class=\"elementor-background-overlay\"><\/div>\n\t\t\t\t\t\t\t<div class=\"elementor-container elementor-column-gap-default\">\n\t\t\t\t\t<div class=\"elementor-column elementor-col-100 elementor-top-column elementor-element elementor-element-5405aa7\" data-id=\"5405aa7\" data-element_type=\"column\" data-e-type=\"column\">\n\t\t\t<div class=\"elementor-widget-wrap elementor-element-populated\">\n\t\t\t\t\t\t<section class=\"elementor-section elementor-inner-section elementor-element elementor-element-90b7d0f elementor-section-boxed elementor-section-height-default elementor-section-height-default\" data-id=\"90b7d0f\" data-element_type=\"section\" data-e-type=\"section\">\n\t\t\t\t\t\t<div class=\"elementor-container elementor-column-gap-default\">\n\t\t\t\t\t<div class=\"elementor-column elementor-col-100 elementor-inner-column elementor-element elementor-element-73a2856\" data-id=\"73a2856\" data-element_type=\"column\" data-e-type=\"column\">\n\t\t\t<div class=\"elementor-widget-wrap elementor-element-populated\">\n\t\t\t\t\t\t<div class=\"elementor-element elementor-element-f8984e3 elementor-widget elementor-widget-heading\" data-id=\"f8984e3\" data-element_type=\"widget\" data-e-type=\"widget\" data-widget_type=\"heading.default\">\n\t\t\t\t<div class=\"elementor-widget-container\">\n\t\t\t\t\t<h2 class=\"elementor-heading-title elementor-size-default\">Koje su ovlasti NPM-a tijekom obilazaka<\/h2>\t\t\t\t<\/div>\n\t\t\t\t<\/div>\n\t\t\t\t<div class=\"elementor-element elementor-element-880e4e0 elementor-widget elementor-widget-text-editor\" data-id=\"880e4e0\" data-element_type=\"widget\" data-e-type=\"widget\" data-widget_type=\"text-editor.default\">\n\t\t\t\t<div class=\"elementor-widget-container\">\n\t\t\t\t\t\t\t\t\t<p>Tijekom obilazaka predstavnici NPM-a imaju slobodan pristup svim podacima i informacijama. Tako\u0111er mogu povjerljivo (bez nadzora i prisutnosti slu\u017ebenika ustanove) i po slobodnom izboru razgovarati s osobama li\u0161enim slobode i ostalim osobama koje mogu dati relevantne informacije.<\/p><p>\u00a0<\/p><p>Obilasci su nenajavljeni, a u njima mogu sudjelovati i vanjski suradnici \u2013 stru\u010dnjaci razli\u010ditih profila (zdravstvene struke, nutricionisti i sl.).<\/p><p>\u00a0<\/p><p>Nakon obilazaka NPM ustanovi upu\u0107uje izvje\u0161\u0107e koje sadr\u017ei preporuke i upozorenja, radi pobolj\u0161avanja postupanja prema osobama li\u0161enim slobode i uvjeta u kojima se one nalaze, odnosno radi spre\u010davanja mu\u010denja i drugih okrutnih, neljudskih ili poni\u017eavaju\u0107ih postupaka ili ka\u017enjavanja.<\/p>\t\t\t\t\t\t\t\t<\/div>\n\t\t\t\t<\/div>\n\t\t\t\t\t<\/div>\n\t\t<\/div>\n\t\t\t\t\t<\/div>\n\t\t<\/section>\n\t\t\t\t\t<\/div>\n\t\t<\/div>\n\t\t\t\t\t<\/div>\n\t\t<\/section>\n\t\t\t\t<section class=\"elementor-section elementor-top-section elementor-element elementor-element-0ad0fb3 elementor-section-height-min-height elementor-section-boxed elementor-section-height-default elementor-section-items-middle\" data-id=\"0ad0fb3\" data-element_type=\"section\" data-e-type=\"section\" data-settings=\"{&quot;background_background&quot;:&quot;classic&quot;}\">\n\t\t\t\t\t\t\t<div class=\"elementor-background-overlay\"><\/div>\n\t\t\t\t\t\t\t<div class=\"elementor-container elementor-column-gap-default\">\n\t\t\t\t\t<div class=\"elementor-column elementor-col-100 elementor-top-column elementor-element elementor-element-9f5fce6\" data-id=\"9f5fce6\" data-element_type=\"column\" data-e-type=\"column\">\n\t\t\t<div class=\"elementor-widget-wrap elementor-element-populated\">\n\t\t\t\t\t\t<section class=\"elementor-section elementor-inner-section elementor-element elementor-element-175e830 elementor-section-boxed elementor-section-height-default elementor-section-height-default\" data-id=\"175e830\" data-element_type=\"section\" data-e-type=\"section\">\n\t\t\t\t\t\t<div class=\"elementor-container elementor-column-gap-default\">\n\t\t\t\t\t<div class=\"elementor-column elementor-col-100 elementor-inner-column elementor-element elementor-element-4b48438\" data-id=\"4b48438\" data-element_type=\"column\" data-e-type=\"column\">\n\t\t\t<div class=\"elementor-widget-wrap elementor-element-populated\">\n\t\t\t\t\t\t<div class=\"elementor-element elementor-element-557b761 elementor-widget elementor-widget-heading\" data-id=\"557b761\" data-element_type=\"widget\" data-e-type=\"widget\" data-widget_type=\"heading.default\">\n\t\t\t\t<div class=\"elementor-widget-container\">\n\t\t\t\t\t<h2 class=\"elementor-heading-title elementor-size-default\">Kako jo\u0161 NPM doprinosi za\u0161titi od mu\u010denja u Hrvatskoj<\/h2>\t\t\t\t<\/div>\n\t\t\t\t<\/div>\n\t\t\t\t<div class=\"elementor-element elementor-element-1293a01 elementor-widget elementor-widget-text-editor\" data-id=\"1293a01\" data-element_type=\"widget\" data-e-type=\"widget\" data-widget_type=\"text-editor.default\">\n\t\t\t\t<div class=\"elementor-widget-container\">\n\t\t\t\t\t\t\t\t\t<p>Osim rada vezanog uz obilaske ustanova, NPM i na druge na\u010dine doprinosi za\u0161titi od mu\u010denja u Hrvatskoj:<\/p><p>\u00a0<\/p><ul><li>daje prijedloge i primjedbe na zakone i druge propise te nacrte zakona i drugih propisa radi promicanja za\u0161tite osoba li\u0161enih slobode od mu\u010denja i drugih okrutnih, neljudskih ili poni\u017eavaju\u0107ih postupaka ili ka\u017enjavanja;<\/li><li>sura\u0111uje s Pododborom Ujedinjenih naroda za spre\u010davanje mu\u010denja i drugih okrutnih, neljudskih ili poni\u017eavaju\u0107ih postupaka ili ka\u017enjavanja, \u0161alje informacije i sastaje se s Pododborom za spre\u010davanje mu\u010denja.<\/li><\/ul><p>\u00a0<\/p><p>Ove zada\u0107e i ovlasti ure\u0111ene su i instituciji pu\u010dke pravobraniteljice dodijeljene <a href=\"https:\/\/www.ombudsman.hr\/wp-content\/uploads\/2025\/01\/Zakon-o-Nacionalnom-preventivnom-mehanizmu-za-sprecavanje-mucenja-i-drugih-okrutnih-neljudskih-ili-ponizavajucih-postupaka-ili-kaznjavanja1.pdf\">Zakonom o Nacionalnom preventivnom mehanizmu za spre\u010davanje mu\u010denja i drugih okrutnih, neljudskih ili poni\u017eavaju\u0107ih postupaka ili ka\u017enjavanja.<\/a><\/p>\t\t\t\t\t\t\t\t<\/div>\n\t\t\t\t<\/div>\n\t\t\t\t\t<\/div>\n\t\t<\/div>\n\t\t\t\t\t<\/div>\n\t\t<\/section>\n\t\t\t\t\t<\/div>\n\t\t<\/div>\n\t\t\t\t\t<\/div>\n\t\t<\/section>\n\t\t\t\t<\/div>\n\t\t","protected":false},"excerpt":{"rendered":"<p>Nacionalni preventivni mehanizam Pu\u010dka pravobraniteljica od 2012. godine obavlja i poslove NPM-a tj. Nacionalnog preventivnog mehanizma za spre\u010davanje mu\u010denja i drugih okrutnih, neljudskih ili poni\u017eavaju\u0107ih postupaka ili ka\u017enjavanja. \u00a0 Osnovna zada\u0107a NPM-a jest da redovito i nenajavljeno obilazi mjesta gdje se nalaze ili bi se mogle nalaziti osobe li\u0161ene slobode ili osobe kojima je sloboda [&hellip;]<\/p>\n","protected":false},"author":1,"featured_media":0,"parent":0,"menu_order":0,"comment_status":"closed","ping_status":"closed","template":"","meta":{"footnotes":""},"tags":[],"class_list":["post-20335","page","type-page","status-publish","hentry"],"_links":{"self":[{"href":"https:\/\/www.ombudsman.hr\/hr\/wp-json\/wp\/v2\/pages\/20335","targetHints":{"allow":["GET"]}}],"collection":[{"href":"https:\/\/www.ombudsman.hr\/hr\/wp-json\/wp\/v2\/pages"}],"about":[{"href":"https:\/\/www.ombudsman.hr\/hr\/wp-json\/wp\/v2\/types\/page"}],"author":[{"embeddable":true,"href":"https:\/\/www.ombudsman.hr\/hr\/wp-json\/wp\/v2\/users\/1"}],"replies":[{"embeddable":true,"href":"https:\/\/www.ombudsman.hr\/hr\/wp-json\/wp\/v2\/comments?post=20335"}],"version-history":[{"count":10,"href":"https:\/\/www.ombudsman.hr\/hr\/wp-json\/wp\/v2\/pages\/20335\/revisions"}],"predecessor-version":[{"id":20355,"href":"https:\/\/www.ombudsman.hr\/hr\/wp-json\/wp\/v2\/pages\/20335\/revisions\/20355"}],"wp:attachment":[{"href":"https:\/\/www.ombudsman.hr\/hr\/wp-json\/wp\/v2\/media?parent=20335"}],"wp:term":[{"taxonomy":"post_tag","embeddable":true,"href":"https:\/\/www.ombudsman.hr\/hr\/wp-json\/wp\/v2\/tags?post=20335"}],"curies":[{"name":"wp","href":"https:\/\/api.w.org\/{rel}","templated":true}]}}