{"id":18419,"date":"2023-12-13T12:38:54","date_gmt":"2023-12-13T10:38:54","guid":{"rendered":"https:\/\/stagesite.ombudsman.hr\/hr\/imam-problem\/"},"modified":"2026-03-12T14:38:16","modified_gmt":"2026-03-12T12:38:16","slug":"imam-problem","status":"publish","type":"page","link":"https:\/\/www.ombudsman.hr\/hr\/imam-problem\/","title":{"rendered":"Imam problem"},"content":{"rendered":"\t\t<div data-elementor-type=\"wp-page\" data-elementor-id=\"18419\" class=\"elementor elementor-18419\" data-elementor-post-type=\"page\">\n\t\t\t\t\t\t<section class=\"elementor-section elementor-top-section elementor-element elementor-element-7f458d71 elementor-section-height-min-height elementor-section-boxed elementor-section-height-default elementor-section-items-middle\" data-id=\"7f458d71\" data-element_type=\"section\" data-e-type=\"section\" data-settings=\"{&quot;background_background&quot;:&quot;classic&quot;}\">\n\t\t\t\t\t\t<div class=\"elementor-container elementor-column-gap-default\">\n\t\t\t\t\t<div class=\"elementor-column elementor-col-100 elementor-top-column elementor-element elementor-element-72fa3bf3\" data-id=\"72fa3bf3\" data-element_type=\"column\" data-e-type=\"column\">\n\t\t\t<div class=\"elementor-widget-wrap elementor-element-populated\">\n\t\t\t\t\t\t<div class=\"elementor-element elementor-element-238c28ec elementor-widget elementor-widget-heading\" data-id=\"238c28ec\" data-element_type=\"widget\" data-e-type=\"widget\" data-widget_type=\"heading.default\">\n\t\t\t\t<div class=\"elementor-widget-container\">\n\t\t\t\t\t<h1 class=\"elementor-heading-title elementor-size-default\">Kada se obratiti pravobraniteljici?<\/h1>\t\t\t\t<\/div>\n\t\t\t\t<\/div>\n\t\t\t\t\t<\/div>\n\t\t<\/div>\n\t\t\t\t\t<\/div>\n\t\t<\/section>\n\t\t\t\t<section class=\"elementor-section elementor-top-section elementor-element elementor-element-3b414218 elementor-section-height-min-height elementor-section-boxed elementor-section-height-default elementor-section-items-middle\" data-id=\"3b414218\" data-element_type=\"section\" data-e-type=\"section\" data-settings=\"{&quot;background_background&quot;:&quot;classic&quot;}\">\n\t\t\t\t\t\t\t<div class=\"elementor-background-overlay\"><\/div>\n\t\t\t\t\t\t\t<div class=\"elementor-container elementor-column-gap-default\">\n\t\t\t\t\t<div class=\"elementor-column elementor-col-100 elementor-top-column elementor-element elementor-element-38e9b3f3\" data-id=\"38e9b3f3\" data-element_type=\"column\" data-e-type=\"column\">\n\t\t\t<div class=\"elementor-widget-wrap elementor-element-populated\">\n\t\t\t\t\t\t<section class=\"elementor-section elementor-inner-section elementor-element elementor-element-23e87c18 elementor-section-boxed elementor-section-height-default elementor-section-height-default\" data-id=\"23e87c18\" data-element_type=\"section\" data-e-type=\"section\">\n\t\t\t\t\t\t<div class=\"elementor-container elementor-column-gap-default\">\n\t\t\t\t\t<div class=\"elementor-column elementor-col-100 elementor-inner-column elementor-element elementor-element-650e327b\" data-id=\"650e327b\" data-element_type=\"column\" data-e-type=\"column\">\n\t\t\t<div class=\"elementor-widget-wrap elementor-element-populated\">\n\t\t\t\t\t\t<div class=\"elementor-element elementor-element-5d7b3c5 elementor-widget elementor-widget-text-editor\" data-id=\"5d7b3c5\" data-element_type=\"widget\" data-e-type=\"widget\" data-widget_type=\"text-editor.default\">\n\t\t\t\t<div class=\"elementor-widget-container\">\n\t\t\t\t\t\t\t\t\t<p>Pu\u010dkoj pravobraniteljici mo\u017eete se obratiti u jednoj od ove tri situacije:<\/p><ol><li>Ako mislite da su vam ugro\u017eena ili povrije\u0111ena ustavna ili zakonska prava i slobode, i to zbog nezakonitog ili nepravilnog rada:<\/li><\/ol><ul><li style=\"list-style-type: none;\"><ul><li>dr\u017eavnih tijela (ministarstva, zavoda, dr\u017eavnih ureda i sl.)<\/li><li>tijela jedinica lokalne i podru\u010dne (regionalne) samouprave (op\u0107ina, gradova i \u017eupanija)<\/li><li>pravnih osoba s javnim ovlastima (agencije, ustanove i sl.)<\/li><\/ul><\/li><\/ul><p style=\"padding-left: 40px;\">Za pritu\u017ebu mo\u017eete koristiti <a href=\"https:\/\/www.ombudsman.hr\/wp-content\/uploads\/2022\/12\/prituba_povodom_povrede_ljudskih_prava.docx\">ovaj obrazac<\/a>.<\/p><ol start=\"2\"><li>Ako mislite da vas bilo koja pravna ili fizi\u010dka osoba diskriminira <a href=\"https:\/\/www.ombudsman.hr\/hr\/download\/vodic-za-prepoznavanje-diskriminacije\/?wpdmdl=13248&amp;refresh=6548fe5586bd11699282517\">(Vodi\u010d za prepoznavanje diskriminacije)<\/a><\/li><\/ol><p style=\"padding-left: 40px;\">Za pritu\u017ebu mo\u017eete koristiti <a href=\"https:\/\/www.ombudsman.hr\/wp-content\/uploads\/2022\/12\/prituba_povodom_diskriminacije.docx\">ovaj obrazac<\/a>.\u00a0<\/p><ol start=\"3\"><li>Ako ste uo\u010dili nepravilnosti obuhva\u0107ene \u010dlankom 4. Zakona o za\u0161titi prijavitelja nepravilnosti (<a href=\"https:\/\/www.ombudsman.hr\/wp-content\/uploads\/2024\/09\/Vodic-za-prijavitelje-nepravilnosti.pdf\">Vodi\u010d za prijavitelje nepravilnosti<\/a>). Za prijavu nepravilnosti mo\u017eete koristiti <a href=\"https:\/\/www.ombudsman.hr\/wp-content\/uploads\/2025\/08\/Obrazac-za-prijavu-nepravilnosti.docx\">ovaj obrazac<\/a>. Povjerljive osobe poslodavca pozivamo da koriste <a href=\"https:\/\/www.ombudsman.hr\/wp-content\/uploads\/2022\/12\/Obrazac-o-zaprimljenoj-prijavi-i-ishodu-postupanja-povjerljive-osobe-poslodavca-1.docx\">ovaj obrazac<\/a> za obavijest o zaprimljenoj prijavi i ishodu postupanja.<\/li><\/ol><p>\u00a0<\/p><p>\u0160to pu\u010dka pravobraniteljica zapravo mo\u017ee u\u010diniti? <a href=\"https:\/\/www.ombudsman.hr\/hr\/o-nama\/\">Ovdje doznajte vi\u0161e<\/a> o tome \u0161to i kako radi, <a href=\"https:\/\/www.ombudsman.hr\/hr\/novosti\/?custom_search_action=search&amp;search_query=&amp;date_from=&amp;date_to=&amp;cs_tag=1965\">ovdje prona\u0111ite primjere<\/a> rada na pritu\u017ebama i predmetima otvorenima na vlastitu inicijativu, a <a href=\"https:\/\/www.ombudsman.hr\/hr\/novosti\/?custom_search_action=search&amp;search_query=&amp;date_from=&amp;date_to=&amp;cs_tag=2055\">ovdje <\/a>rada na boljim propisima i javnim politikama.<\/p><p>Neki od primjera problema u kojima pu\u010dka pravobraniteljica mo\u017ee postupati:<\/p><ul><li>Dugo \u010dekate odgovor ili postupanje javnopravnog tijela kojem ste se obratili (HZZO, HZZ, ministarstvo, grada, op\u0107ina, \u017eupanija, policijska uprava, podru\u010dni ured za socijalnu skrb, zatvor, bolnica ili neko drugo tijelo)<\/li><li>Dobili ste krivu informaciju od javnopravnog tijela, zbog \u010dega ste imali problema s nekim va\u0161im pravom (iz zdravstvenog ili mirovinskog osiguranja, socijalne skrbi, komunalnih djelatnosti, obrazovanja, stanovanja i drugih)<\/li><li>Javnopravno tijelo vam je na neki drugi na\u010din povrijedilo pravo \u2013 nepravilnim ili nezakonitim postupanjem<\/li><li>Netko vas je diskriminirao zbog va\u0161eg nacionalnog podrijetla, zdravstvenog stanja, dobi, vjere, imovnog stanja ili neke druge osnove iz Zakona o suzbijanju diskriminacije (<a href=\"https:\/\/www.ombudsman.hr\/hr\/download\/vodic-za-prepoznavanje-diskriminacije\/?wpdmdl=13248&amp;refresh=6548fe5586bd11699282517\">prona\u0111ite ovdje<\/a>):<ul><li>niste dobili posao ili napredovali na poslu<\/li><li>nisu vam htjeli iznajmiti stan<\/li><li>nisu vas ozbiljno shvatili u zdravstvenoj ustanovi<\/li><\/ul><\/li><li>trpite osvetu jer ste prijavili nepravilnost prema Zakonu o za\u0161titi prijavitelja nepravilnosti (tzv. zvi\u017eda\u010da)<\/li><\/ul><p>\u00a0<\/p><p>Neki od primjera problema u kojima pu\u010dka pravobraniteljica <u>ne mo\u017ee postupati<\/u>:<\/p><ul><li>problemi sa susjedima<\/li><li>imovinsko-pravni problemi izme\u0111u \u010dlanova obitelji<\/li><li>ostali pravni problemi izme\u0111u pojedinaca<\/li><li>prava potro\u0161a\u010da (npr. trgovina ne \u017eeli vratiti novac za neispravan ure\u0111aj i sl.)<\/li><li>kr\u0161enje radnih prava ili mobing u privatnom sektoru, koji ne uklju\u010duju diskriminaciju<\/li><li>postupanje institucija u drugim dr\u017eavama<\/li><li>sumnje u pravi\u010dnost sudskog postupka ili rada Dr\u017eavnog odvjetni\u0161tva RH<\/li><li>prava djece<\/li><li>prava osoba s invaliditetom<\/li><li>pitanja ravnopravnosti spolova<\/li><\/ul><p>Ako se Va\u0161a pritu\u017eba odnosi na probleme iz nadle\u017enosti posebnih pravobraniteljica (prava djece i osoba s invaliditetom ili pitanje ravnopravnosti spolova), pritu\u017ebu \u0107emo im proslijediti. Ovakva suradnja usugla\u0161ena je Sporazumom o me\u0111uinstitucionalnoj suradnji.<\/p>\t\t\t\t\t\t\t\t<\/div>\n\t\t\t\t<\/div>\n\t\t\t\t\t<\/div>\n\t\t<\/div>\n\t\t\t\t\t<\/div>\n\t\t<\/section>\n\t\t\t\t\t<\/div>\n\t\t<\/div>\n\t\t\t\t\t<\/div>\n\t\t<\/section>\n\t\t\t\t<section class=\"elementor-section elementor-top-section elementor-element elementor-element-bfb8054 elementor-section-height-min-height elementor-section-boxed elementor-section-height-default elementor-section-items-middle\" data-id=\"bfb8054\" data-element_type=\"section\" data-e-type=\"section\" data-settings=\"{&quot;background_background&quot;:&quot;classic&quot;}\">\n\t\t\t\t\t\t\t<div class=\"elementor-background-overlay\"><\/div>\n\t\t\t\t\t\t\t<div class=\"elementor-container elementor-column-gap-default\">\n\t\t\t\t\t<div class=\"elementor-column elementor-col-100 elementor-top-column elementor-element elementor-element-a8d09ca\" data-id=\"a8d09ca\" data-element_type=\"column\" data-e-type=\"column\">\n\t\t\t<div class=\"elementor-widget-wrap elementor-element-populated\">\n\t\t\t\t\t\t<div class=\"elementor-element elementor-element-d54b7b8 elementor-widget elementor-widget-heading\" data-id=\"d54b7b8\" data-element_type=\"widget\" data-e-type=\"widget\" data-widget_type=\"heading.default\">\n\t\t\t\t<div class=\"elementor-widget-container\">\n\t\t\t\t\t<h2 class=\"elementor-heading-title elementor-size-default\">Kako podnijeti pritu\u017ebu?<\/h2>\t\t\t\t<\/div>\n\t\t\t\t<\/div>\n\t\t\t\t<section class=\"elementor-section elementor-inner-section elementor-element elementor-element-7c452e0 elementor-section-boxed elementor-section-height-default elementor-section-height-default\" data-id=\"7c452e0\" data-element_type=\"section\" data-e-type=\"section\">\n\t\t\t\t\t\t<div class=\"elementor-container elementor-column-gap-default\">\n\t\t\t\t\t<div class=\"elementor-column elementor-col-100 elementor-inner-column elementor-element elementor-element-2974bd0\" data-id=\"2974bd0\" data-element_type=\"column\" data-e-type=\"column\">\n\t\t\t<div class=\"elementor-widget-wrap elementor-element-populated\">\n\t\t\t\t\t\t<div class=\"elementor-element elementor-element-9779818 elementor-widget elementor-widget-text-editor\" data-id=\"9779818\" data-element_type=\"widget\" data-e-type=\"widget\" data-widget_type=\"text-editor.default\">\n\t\t\t\t<div class=\"elementor-widget-container\">\n\t\t\t\t\t\t\t\t\t<ul><li>po\u0161tom (Savska cesta 41\/3, 10 000 Zagreb)<\/li><li>e-mailom <span style=\"text-decoration: underline;\"><strong>isklju\u010divo<\/strong><\/span> na adresu <a href=\"info@ombudsman.hr\">info@ombudsman.hr\u00a0<\/a><\/li><li>osobno (ve\u0107 napisana pritu\u017eba): napisanu pritu\u017ebu mo\u017eete bez prethodne najave predati u uredu u Zagrebu, Rijeci, Osijeku ili Splitu<\/li><li>osobno, uz razgovor sa savjetnicom\/savjetnikom: ako \u017eelite razgovarati sa savjetnicom\/savjetnikom, obavezna je najava dolaska i dogovor termina; termin zatra\u017eite putem <a href=\"mailto:info@ombudsman.hr\">info@ombudsman.hr<\/a> ili pozivom na 01 4851 855 (Zagreb), 051 563 786 (Rijeka), 031 628 054 (Osijek) ili 021 682 981 (Split)<\/li><\/ul><p>Na pritu\u017ebu se ne pla\u0107a naknada ni upravna pristojba.<\/p>\t\t\t\t\t\t\t\t<\/div>\n\t\t\t\t<\/div>\n\t\t\t\t\t<\/div>\n\t\t<\/div>\n\t\t\t\t\t<\/div>\n\t\t<\/section>\n\t\t\t\t\t<\/div>\n\t\t<\/div>\n\t\t\t\t\t<\/div>\n\t\t<\/section>\n\t\t\t\t<section class=\"elementor-section elementor-top-section elementor-element elementor-element-b2668af elementor-section-height-min-height elementor-section-boxed elementor-section-height-default elementor-section-items-middle\" data-id=\"b2668af\" data-element_type=\"section\" data-e-type=\"section\" data-settings=\"{&quot;background_background&quot;:&quot;classic&quot;}\">\n\t\t\t\t\t\t\t<div class=\"elementor-background-overlay\"><\/div>\n\t\t\t\t\t\t\t<div class=\"elementor-container elementor-column-gap-default\">\n\t\t\t\t\t<div class=\"elementor-column elementor-col-100 elementor-top-column elementor-element elementor-element-ce5143f\" data-id=\"ce5143f\" data-element_type=\"column\" data-e-type=\"column\">\n\t\t\t<div class=\"elementor-widget-wrap elementor-element-populated\">\n\t\t\t\t\t\t<section class=\"elementor-section elementor-inner-section elementor-element elementor-element-ac31823 elementor-section-boxed elementor-section-height-default elementor-section-height-default\" data-id=\"ac31823\" data-element_type=\"section\" data-e-type=\"section\">\n\t\t\t\t\t\t<div class=\"elementor-container elementor-column-gap-default\">\n\t\t\t\t\t<div class=\"elementor-column elementor-col-100 elementor-inner-column elementor-element elementor-element-9d451c9\" data-id=\"9d451c9\" data-element_type=\"column\" data-e-type=\"column\">\n\t\t\t<div class=\"elementor-widget-wrap elementor-element-populated\">\n\t\t\t\t\t\t<div class=\"elementor-element elementor-element-e3080eb elementor-widget elementor-widget-heading\" data-id=\"e3080eb\" data-element_type=\"widget\" data-e-type=\"widget\" data-widget_type=\"heading.default\">\n\t\t\t\t<div class=\"elementor-widget-container\">\n\t\t\t\t\t<h2 class=\"elementor-heading-title elementor-size-default\">\u0160to trebate napisati u pritu\u017ebi?<\/h2>\t\t\t\t<\/div>\n\t\t\t\t<\/div>\n\t\t\t\t<div class=\"elementor-element elementor-element-106d7ed elementor-widget elementor-widget-text-editor\" data-id=\"106d7ed\" data-element_type=\"widget\" data-e-type=\"widget\" data-widget_type=\"text-editor.default\">\n\t\t\t\t<div class=\"elementor-widget-container\">\n\t\t\t\t\t\t\t\t\t<ul><li>ime i prezime podnositelja pritu\u017ebe ili osobe \u010dija su prava povrije\u0111ena<\/li><li>adresu stanovanja ili adresu za primanje pismena, bez obzira \u0161aljete li pritu\u017ebu obi\u010dnom ili elektroni\u010dkom po\u0161tom<\/li><li>okolnosti i \u010dinjenice na kojima se temelji pritu\u017eba (po mogu\u0107nosti relevantnu dokumentaciju)<\/li><li>koje tijelo je ugrozilo ili povrijedilo pravo<\/li><li>je li ve\u0107 kori\u0161teno pravno sredstvo i ako da, kad je podneseno<\/li><li>potpis podnositelja pritu\u017ebe ili potpisanu suglasnost osobe u \u010dije ime predajete pritu\u017ebu<\/li><\/ul><p>\u00a0<\/p><p>Pritu\u017ebu mo\u017eete napisati u bilo kojem obliku (pismo, email), kao i putem ovih obrazaca:<\/p><p>\u00a0&#8211; <a href=\"https:\/\/www.ombudsman.hr\/wp-content\/uploads\/2022\/12\/prituba_povodom_povrede_ljudskih_prava.docx\">Pritu\u017eba na povredu ljudskih prava<\/a><\/p><p>\u00a0&#8211; <a href=\"https:\/\/www.ombudsman.hr\/wp-content\/uploads\/2022\/12\/prituba_povodom_diskriminacije.docx\">Pritu\u017eba na diskriminaciju<\/a><\/p><p>\u00a0&#8211; <a href=\"https:\/\/www.ombudsman.hr\/wp-content\/uploads\/2025\/08\/Obrazac-za-prijavu-nepravilnosti.docx\">Prijava nepravilnosti iz Zakona o za\u0161titi prijavitelja nepravilnosti<\/a> (\u010dlanak 4.)<\/p><p>\u00a0&#8211; Za povjerljive osobe poslodavca \u2013 <a href=\"https:\/\/www.ombudsman.hr\/wp-content\/uploads\/2022\/12\/Obrazac-o-zaprimljenoj-prijavi-i-ishodu-postupanja-povjerljive-osobe-poslodavca-1.docx\">Obrazac o zaprimljenoj prijavi i ishodu postupanja<\/a><\/p><p>Preporu\u010dujemo kori\u0161tenje obrazaca kako bi pritu\u017eba sadr\u017eavala sve potrebne informacije.<\/p><p>Sve na\u0161e kontakte <a href=\"https:\/\/www.ombudsman.hr\/hr\/kontakti\/\">prona\u0111ite ovdje<\/a>.<\/p><p>Osobe li\u0161ene slobode podnose pritu\u017ebu i dobivaju odgovor u zatvorenoj omotnici bez ograni\u010denja i nadzora sadr\u017eaja.<\/p>\t\t\t\t\t\t\t\t<\/div>\n\t\t\t\t<\/div>\n\t\t\t\t\t<\/div>\n\t\t<\/div>\n\t\t\t\t\t<\/div>\n\t\t<\/section>\n\t\t\t\t\t<\/div>\n\t\t<\/div>\n\t\t\t\t\t<\/div>\n\t\t<\/section>\n\t\t\t\t<section class=\"elementor-section elementor-top-section elementor-element elementor-element-3d78510 elementor-section-height-min-height elementor-section-boxed elementor-section-height-default elementor-section-items-middle\" data-id=\"3d78510\" data-element_type=\"section\" data-e-type=\"section\" data-settings=\"{&quot;background_background&quot;:&quot;classic&quot;}\">\n\t\t\t\t\t\t\t<div class=\"elementor-background-overlay\"><\/div>\n\t\t\t\t\t\t\t<div class=\"elementor-container elementor-column-gap-default\">\n\t\t\t\t\t<div class=\"elementor-column elementor-col-100 elementor-top-column elementor-element elementor-element-c953418\" data-id=\"c953418\" data-element_type=\"column\" data-e-type=\"column\">\n\t\t\t<div class=\"elementor-widget-wrap elementor-element-populated\">\n\t\t\t\t\t\t<section class=\"elementor-section elementor-inner-section elementor-element elementor-element-d1adc84 elementor-section-boxed elementor-section-height-default elementor-section-height-default\" data-id=\"d1adc84\" data-element_type=\"section\" data-e-type=\"section\">\n\t\t\t\t\t\t<div class=\"elementor-container elementor-column-gap-default\">\n\t\t\t\t\t<div class=\"elementor-column elementor-col-100 elementor-inner-column elementor-element elementor-element-b8124d4\" data-id=\"b8124d4\" data-element_type=\"column\" data-e-type=\"column\">\n\t\t\t<div class=\"elementor-widget-wrap elementor-element-populated\">\n\t\t\t\t\t\t<div class=\"elementor-element elementor-element-b4033d2 elementor-widget elementor-widget-heading\" data-id=\"b4033d2\" data-element_type=\"widget\" data-e-type=\"widget\" data-widget_type=\"heading.default\">\n\t\t\t\t<div class=\"elementor-widget-container\">\n\t\t\t\t\t<h2 class=\"elementor-heading-title elementor-size-default\">Kada pravobraniteljica ne mora postupati?<\/h2>\t\t\t\t<\/div>\n\t\t\t\t<\/div>\n\t\t\t\t<div class=\"elementor-element elementor-element-cb877cd elementor-widget elementor-widget-text-editor\" data-id=\"cb877cd\" data-element_type=\"widget\" data-e-type=\"widget\" data-widget_type=\"text-editor.default\">\n\t\t\t\t<div class=\"elementor-widget-container\">\n\t\t\t\t\t\t\t\t\t<p>Prema Zakonu o pu\u010dkom pravobranitelju, \u010dak i ako se radi o problemu iz nadle\u017enosti pu\u010dke pravobraniteljice, ne mora postupati:<\/p><ul><li>ako se o slu\u010daju vodi sudski postupak (osim ako se pritu\u017eba ne odnosi na nepotrebno odugovla\u010denje sudskog postupka ili o\u010ditu zlouporabu ovlasti)<\/li><li>ako je otvoren rok za podno\u0161enje pravnog lijeka ili sredstva pravne za\u0161tite prema posebnim propisima<\/li><li>ako nije iskori\u0161teno pravo na podno\u0161enje pravnog lijeka u roku<\/li><li>ako su od doga\u0111aja na koji se pritu\u017eujete protekle tri godine, osim ako pravobraniteljica ocijeni kako se radi o predmetu od iznimnog interesa za za\u0161titu ljudskih prava i sloboda<\/li><\/ul><p><br \/>Razlog zbog kojeg pravobraniteljica ne\u0107e postupati bit \u0107e naveden u odgovoru na pritu\u017ebu.<\/p>\t\t\t\t\t\t\t\t<\/div>\n\t\t\t\t<\/div>\n\t\t\t\t\t<\/div>\n\t\t<\/div>\n\t\t\t\t\t<\/div>\n\t\t<\/section>\n\t\t\t\t\t<\/div>\n\t\t<\/div>\n\t\t\t\t\t<\/div>\n\t\t<\/section>\n\t\t\t\t<section class=\"elementor-section elementor-top-section elementor-element elementor-element-3145d994 elementor-section-content-middle elementor-section-boxed elementor-section-height-default elementor-section-height-default\" data-id=\"3145d994\" data-element_type=\"section\" data-e-type=\"section\">\n\t\t\t\t\t\t<div class=\"elementor-container elementor-column-gap-no\">\n\t\t\t\t\t<div class=\"elementor-column elementor-col-100 elementor-top-column elementor-element elementor-element-11fe2224\" data-id=\"11fe2224\" data-element_type=\"column\" data-e-type=\"column\">\n\t\t\t<div class=\"elementor-widget-wrap elementor-element-populated\">\n\t\t\t\t\t\t<div class=\"elementor-element elementor-element-7ab882c7 elementor-widget elementor-widget-heading\" data-id=\"7ab882c7\" data-element_type=\"widget\" data-e-type=\"widget\" data-widget_type=\"heading.default\">\n\t\t\t\t<div class=\"elementor-widget-container\">\n\t\t\t\t\t<h2 class=\"elementor-heading-title elementor-size-default\">Kako dobiti besplatnu pravnu pomo\u0107? <\/h2>\t\t\t\t<\/div>\n\t\t\t\t<\/div>\n\t\t\t\t<div class=\"elementor-element elementor-element-201c5c1 elementor-align-center elementor-hidden-phone elementor-widget elementor-widget-button\" data-id=\"201c5c1\" data-element_type=\"widget\" data-e-type=\"widget\" data-widget_type=\"button.default\">\n\t\t\t\t<div class=\"elementor-widget-container\">\n\t\t\t\t\t\t\t\t\t<div class=\"elementor-button-wrapper\">\n\t\t\t\t\t<a class=\"elementor-button elementor-button-link elementor-size-md\" href=\"https:\/\/www.ombudsman.hr\/hr\/kako-dobiti-besplatnu-pravnu-pomoc\/\">\n\t\t\t\t\t\t<span class=\"elementor-button-content-wrapper\">\n\t\t\t\t\t\t<span class=\"elementor-button-icon\">\n\t\t\t\t<i aria-hidden=\"true\" class=\"fas fa-long-arrow-alt-right\"><\/i>\t\t\t<\/span>\n\t\t\t\t\t\t\t\t\t<span class=\"elementor-button-text\">Doznajte ovdje<\/span>\n\t\t\t\t\t<\/span>\n\t\t\t\t\t<\/a>\n\t\t\t\t<\/div>\n\t\t\t\t\t\t\t\t<\/div>\n\t\t\t\t<\/div>\n\t\t\t\t<div class=\"elementor-element elementor-element-18010e59 elementor-widget elementor-widget-text-editor\" data-id=\"18010e59\" data-element_type=\"widget\" data-e-type=\"widget\" data-widget_type=\"text-editor.default\">\n\t\t\t\t<div class=\"elementor-widget-container\">\n\t\t\t\t\t\t\t\t\t<p>Odgovore na ostala \u010desto postavljena pitanja <a href=\"https:\/\/www.ombudsman.hr\/hr\/cesto-postavljana-pitanja\/\">prona\u0111ite ovdje.<\/a><\/p>\t\t\t\t\t\t\t\t<\/div>\n\t\t\t\t<\/div>\n\t\t\t\t\t<\/div>\n\t\t<\/div>\n\t\t\t\t\t<\/div>\n\t\t<\/section>\n\t\t\t\t<\/div>\n\t\t","protected":false},"excerpt":{"rendered":"<p>Kada se obratiti pravobraniteljici? Pu\u010dkoj pravobraniteljici mo\u017eete se obratiti u jednoj od ove tri situacije: Ako mislite da su vam ugro\u017eena ili povrije\u0111ena ustavna ili zakonska prava i slobode, i to zbog nezakonitog ili nepravilnog rada: dr\u017eavnih tijela (ministarstva, zavoda, dr\u017eavnih ureda i sl.) tijela jedinica lokalne i podru\u010dne (regionalne) samouprave (op\u0107ina, gradova i \u017eupanija) [&hellip;]<\/p>\n","protected":false},"author":1,"featured_media":0,"parent":0,"menu_order":0,"comment_status":"closed","ping_status":"closed","template":"elementor_header_footer","meta":{"footnotes":""},"tags":[],"class_list":["post-18419","page","type-page","status-publish","hentry"],"_links":{"self":[{"href":"https:\/\/www.ombudsman.hr\/hr\/wp-json\/wp\/v2\/pages\/18419","targetHints":{"allow":["GET"]}}],"collection":[{"href":"https:\/\/www.ombudsman.hr\/hr\/wp-json\/wp\/v2\/pages"}],"about":[{"href":"https:\/\/www.ombudsman.hr\/hr\/wp-json\/wp\/v2\/types\/page"}],"author":[{"embeddable":true,"href":"https:\/\/www.ombudsman.hr\/hr\/wp-json\/wp\/v2\/users\/1"}],"replies":[{"embeddable":true,"href":"https:\/\/www.ombudsman.hr\/hr\/wp-json\/wp\/v2\/comments?post=18419"}],"version-history":[{"count":151,"href":"https:\/\/www.ombudsman.hr\/hr\/wp-json\/wp\/v2\/pages\/18419\/revisions"}],"predecessor-version":[{"id":23049,"href":"https:\/\/www.ombudsman.hr\/hr\/wp-json\/wp\/v2\/pages\/18419\/revisions\/23049"}],"wp:attachment":[{"href":"https:\/\/www.ombudsman.hr\/hr\/wp-json\/wp\/v2\/media?parent=18419"}],"wp:term":[{"taxonomy":"post_tag","embeddable":true,"href":"https:\/\/www.ombudsman.hr\/hr\/wp-json\/wp\/v2\/tags?post=18419"}],"curies":[{"name":"wp","href":"https:\/\/api.w.org\/{rel}","templated":true}]}}