{"id":18047,"date":"2023-10-31T12:39:40","date_gmt":"2023-10-31T10:39:40","guid":{"rendered":"https:\/\/www.ombudsman.hr\/hr\/?page_id=18047"},"modified":"2025-06-06T15:57:42","modified_gmt":"2025-06-06T13:57:42","slug":"projekt-podrska-nacionalnim-institucijama-za-ljudska-prava-u-pracenju-ljudskih-prava-i-vladavine-prava","status":"publish","type":"page","link":"https:\/\/www.ombudsman.hr\/hr\/projekt-podrska-nacionalnim-institucijama-za-ljudska-prava-u-pracenju-ljudskih-prava-i-vladavine-prava\/","title":{"rendered":"Projekt: \u201ePodr\u0161ka nacionalnim institucijama za ljudska prava u pra\u0107enju ljudskih prava i vladavine prava\u201c"},"content":{"rendered":"\t\t<div data-elementor-type=\"wp-page\" data-elementor-id=\"18047\" class=\"elementor elementor-18047\" data-elementor-post-type=\"page\">\n\t\t\t\t\t\t<section class=\"elementor-section elementor-top-section elementor-element elementor-element-8454b52 elementor-section-height-min-height elementor-section-boxed elementor-section-height-default elementor-section-items-middle\" data-id=\"8454b52\" data-element_type=\"section\" data-e-type=\"section\" data-settings=\"{&quot;background_background&quot;:&quot;classic&quot;}\">\n\t\t\t\t\t\t<div class=\"elementor-container elementor-column-gap-default\">\n\t\t\t\t\t<div class=\"elementor-column elementor-col-100 elementor-top-column elementor-element elementor-element-466f914\" data-id=\"466f914\" data-element_type=\"column\" data-e-type=\"column\">\n\t\t\t<div class=\"elementor-widget-wrap elementor-element-populated\">\n\t\t\t\t\t\t<div class=\"elementor-element elementor-element-62c18ed elementor-widget elementor-widget-heading\" data-id=\"62c18ed\" data-element_type=\"widget\" data-e-type=\"widget\" data-widget_type=\"heading.default\">\n\t\t\t\t<div class=\"elementor-widget-container\">\n\t\t\t\t\t<h1 class=\"elementor-heading-title elementor-size-default\">Projekt: \u201ePodr\u0161ka nacionalnim institucijama za ljudska prava u pra\u0107enju ljudskih prava i vladavine prava\u201c<\/h1>\t\t\t\t<\/div>\n\t\t\t\t<\/div>\n\t\t\t\t\t<\/div>\n\t\t<\/div>\n\t\t\t\t\t<\/div>\n\t\t<\/section>\n\t\t\t\t<section class=\"elementor-section elementor-top-section elementor-element elementor-element-e496826 elementor-section-boxed elementor-section-height-default elementor-section-height-default\" data-id=\"e496826\" data-element_type=\"section\" data-e-type=\"section\">\n\t\t\t\t\t\t<div class=\"elementor-container elementor-column-gap-default\">\n\t\t\t\t\t<div class=\"elementor-column elementor-col-100 elementor-top-column elementor-element elementor-element-0821495\" data-id=\"0821495\" data-element_type=\"column\" data-e-type=\"column\">\n\t\t\t<div class=\"elementor-widget-wrap elementor-element-populated\">\n\t\t\t\t\t\t<div class=\"elementor-element elementor-element-4cedc94 elementor-widget elementor-widget-text-editor\" data-id=\"4cedc94\" data-element_type=\"widget\" data-e-type=\"widget\" data-widget_type=\"text-editor.default\">\n\t\t\t\t<div class=\"elementor-widget-container\">\n\t\t\t\t\t\t\t\t\t<p><em><strong>EEA and Norway Grants Fund for Regional Cooperation, 2022-2024<\/strong><\/em><\/p><p>\u00a0<\/p><p><img decoding=\"async\" class=\"alignnone size-medium wp-image-18051\" src=\"https:\/\/www.ombudsman.hr\/wp-content\/uploads\/2023\/10\/puckaPravobraniteljica_logo-300x104.png\" sizes=\"(max-width: 300px) 100vw, 300px\" srcset=\"https:\/\/www.ombudsman.hr\/wp-content\/uploads\/2023\/10\/puckaPravobraniteljica_logo-300x104.png 300w, https:\/\/www.ombudsman.hr\/wp-content\/uploads\/2023\/10\/puckaPravobraniteljica_logo-1024x356.png 1024w, https:\/\/www.ombudsman.hr\/wp-content\/uploads\/2023\/10\/puckaPravobraniteljica_logo-768x267.png 768w, https:\/\/www.ombudsman.hr\/wp-content\/uploads\/2023\/10\/puckaPravobraniteljica_logo-1536x534.png 1536w, https:\/\/www.ombudsman.hr\/wp-content\/uploads\/2023\/10\/puckaPravobraniteljica_logo-2048x712.png 2048w, https:\/\/www.ombudsman.hr\/wp-content\/uploads\/2023\/10\/puckaPravobraniteljica_logo-585x203.png 585w\" alt=\"\" width=\"300\" height=\"104\" \/>\u00a0\u00a0 \u00a0 \u00a0 \u00a0 \u00a0 \u00a0 \u00a0 \u00a0 \u00a0 \u00a0 \u00a0 \u00a0\u00a0<img decoding=\"async\" class=\"alignnone size-full wp-image-18050\" src=\"https:\/\/www.ombudsman.hr\/wp-content\/uploads\/2023\/10\/Norway-Grants.png\" alt=\"\" width=\"300\" height=\"123\" \/><\/p><p>\u00a0<\/p><p><a href=\"https:\/\/fra.europa.eu\/en\">Agencija EU-a za temeljna prava<\/a>\u00a0(FRA) provodi regionalni projekt podr\u0161ke nacionalnim institucijama za za\u0161titu ljudskih prava (NHRI) u pra\u0107enju za\u0161tite temeljnih prava i aspekata temeljnih prava u sustavu vladavine prava. Nacionalne institucije za ljudska prava u sedam \u010dlanica EU, uklju\u010duju\u0107i Ured pu\u010dke pravobraniteljice Republike Hrvatske, sudjeluju u ovom projektu, zajedno sa Europskom mre\u017eom nacionalnih institucija za ljudska prava (ENNHRI).<\/p><p><strong>Cilj projekta<\/strong>\u00a0je oja\u010dati ulogu nezavisnih institucija za ljudska prava u primjeni Povelje Europske unije o temeljnim pravima na nacionalnoj razini.<\/p><p><strong>Status projekta:<\/strong>\u00a0U tijeku<\/p><p><strong>Datum po\u010detka projekta<\/strong>: lipanj 2022.<\/p><p><strong>Datum zavr\u0161etka projekta<\/strong>: velja\u010da 2024.<br \/><br \/><\/p><h3>\u0160to?<\/h3><p>Projekt podr\u017eava neovisna tijela za ljudska prava u Bugarskoj, Hrvatskoj, Cipru, Latviji, Poljskoj, Slova\u010dkoj i Sloveniji \u2013 koja su tako\u0111er korisnici sredstava Europskog ekonomske prostora i norve\u0161kih grantova za regionalnu suradnju \u2013 kako bi aktivno koristila\u00a0<a href=\"https:\/\/fra.europa.eu\/en\/themes\/eu-charter-fundamental-rights\">Europsku povelju<\/a>\u00a0u svom radu. U projektu sudjeluju sljede\u0107a tijela za za\u0161titu ljudskih prava:<\/p><ul><li><a href=\"https:\/\/www.ombudsman.bg\/index.php\/bg\">Ombudsman Republike Bugarske<\/a><\/li><li><a href=\"https:\/\/www.ombudsman.hr\/hr\/\">Ured pu\u010dke pravobraniteljice Republike Hrvatske<\/a><\/li><li><a href=\"https:\/\/www.snslp.sk\/\">Nacionalni centar za ljudska prava Republike Slova\u010dke<\/a><\/li><li><a href=\"https:\/\/bip.brpo.gov.pl\/en\">Povjerenik za ljudska prava Republike Poljske<\/a><\/li><li><a href=\"http:\/\/www.ombudsman.gov.cy\/\">Povjerenik za upravu i za\u0161titu ljudskih prava (pu\u010dki pravobranitelj) Cipra<\/a><\/li><li><a href=\"https:\/\/www.varuh-rs.si\/en\/\">Pu\u010dki pravobranitelj za ljudska prava Slovenije<\/a><\/li><li><a href=\"https:\/\/www.tiesibsargs.lv\/en\/homepage\/\">Pu\u010dki pravobranitelj Republike Latvije<\/a><\/li><\/ul><h3><br \/>Za\u0161to?<\/h3><p>Izvje\u0161\u0107e FRA za 2020. godinu, pod nazivom\u00a0<a href=\"https:\/\/fra.europa.eu\/en\/publication\/2020\/strong-effective-nhris\">\u201cSna\u017ene i u\u010dinkovite nacionalne institucije za ljudska prava \u2013 izazovi, obe\u0107avaju\u0107e prakse i prilike\u201d<\/a>, pokazalo je potencijal za daljnje ja\u010danje Nacionalnih institucija za ljudska prava (NHRI) u EU. FRA je razvila ovaj projekt kako bi u praksu implementirala neka od mi\u0161ljenja iz tog izvje\u0161\u0107a. Projekt se oslanja na ekspertizu ENNHRI-a u vezi s pra\u0107enjem vladavine prava od strane NHRI-a.<\/p><p>Projekt se nadovezuje na\u00a0<a href=\"https:\/\/www.coe.int\/en\/web\/portal\/-\/committee-of-ministers-adopts-recommendation-to-strengthen-national-human-rights-institutions\">Preporuke Vije\u0107a Europe za ja\u010danje NHRI-a<\/a>\u00a0te ima za cilj ja\u010danje uloge NHRI-a u unaprje\u0111enju primjene Povelje EU, kako je navedeno u\u00a0<a href=\"https:\/\/eur-lex.europa.eu\/legal-content\/EN\/TXT\/?uri=CELEX%3A52020DC0711&amp;qid=1608047356199\">Strategiji EU za 2020. godinu za ja\u010danje primjene Povelje EU<\/a>, mehanizmima za vladavinu prava EU-a, kao i Povelji uskla\u0111enoj upotrebi sredstava EU-a (<a href=\"https:\/\/eur-lex.europa.eu\/legal-content\/EN\/TXT\/?uri=CELEX%3A32021R1060\">Uredba EU 2021\/1060, \u2018Zajedni\u010dki propisi o osam EU fondova\u2019<\/a>).<\/p><p>\u00a0<\/p><h3><br \/>Kako?<\/h3><p>Projekt \u0107e podr\u017eati Nacionalne institucije za ljudska prava (NHRI) u razvoju i provedbi aktivnosti za promicanje primjene EU Povelje o temeljnim pravima na nacionalnoj razini.<\/p><p>Projektnim aktivnostima \u0107e se unaprijediti:<\/p><ul><li>znanje osoblja o EU Povelji o temeljnim pravima<\/li><li>kapacitet za pra\u0107enje za\u0161tite temeljnih prava i aspekata temeljnih prava u sustavu vladavine prava.<\/li><\/ul><p>Potonje \u0107e se temeljiti na metodologiji ENNHRI-a za izvje\u0161\u0107ivanje o vladavini prava. NHRI \u0107e se mo\u0107i osloniti na mno\u0161tvo nacionalnih podataka prikupljenih od strane FRA. Ovaj projekt \u0107e posebno koristiti ekspertizu FRA o Europskoj Povelji i postoje\u0107e edukativne materijale poput FRA-ovog e-u\u010denja o Europskoj povelji. Iskustvo ste\u010deno ovim projektom promovirat \u0107e se diljem Europske unije putem mre\u017ee NHRI i drugih dionika. Planirani rezultati projekta uklju\u010duju metodologije, alate za EU povelju o temeljnim pravima, doga\u0111anja vezana uz izgradnju kapaciteta i izvje\u0161\u0107a o primjeni EU Povelje i struktura za ljudska prava u partnerskim zemljama. Projekt \u0107e trajati do kraja velja\u010de 2024. godine.<\/p><p>\u00a0<\/p><h3><br \/>Nacionalne aktivnosti<\/h3><p>Osim aktivnosti i rezultata planiranih za sve projektne partnere, izdvajamo specifi\u010dne aktivnosti koje \u0107e se provesti u Hrvatskoj:<\/p><ul><li>Stru\u010dna rasprava: Primjena Povelje EU o temeljnim pravima u nacionalnim institucijama za ljudska prava (za djelatnike\/ice ureda pu\u010dke pravobraniteljice) (rujan 2023.)<\/li><li>Regionalne rasprave o vladavini prava i njezinim implikacijama za Hrvatsku, s fokusom na razli\u010dite aspekte Izvje\u0161\u0107a o vladavini prava: \u010detiri okrugla stola za razli\u010dite dionike organizirana u\u00a0<a href=\"https:\/\/www.ombudsman.hr\/hr\/u-osijeku-smo-odr-ali-okrugli-stol-o-vladavini-prava-i-ulozi-branitelja-prava-ususret-mirovnoj-nagradi-krunoslav-suki\/\">Osijeku<\/a>,\u00a0<a href=\"https:\/\/www.ombudsman.hr\/hr\/odr-ano-predavanje-o-stanju-ljudskih-prava-i-vladavine-prava-u-rh\/\">Rijeci<\/a>,\u00a0<a href=\"https:\/\/www.ombudsman.hr\/hr\/u-koprivnici-smo-odr-ali-predavanje-o-stanju-ljudskih-prava-i-vladavini-prava-u-hrvatskoj\/\">Koprivnici<\/a>\u00a0i Zagrebu (virtualno) \u2013 (listopad 2023. do velja\u010de 2024.)<\/li><li><a href=\"https:\/\/www.ombudsman.hr\/hr\/odr-ana-edukacija-o-povelji-europske-unije-o-temeljnim-pravima-u-kontekstu-eu-fondova\/\">Nacionalni outreach u Hrvatskoj: Edukacija za dr\u017eavne slu\u017ebenike (D\u0160JU)<\/a>\u00a0(studeni 2023.)<\/li><li><a href=\"https:\/\/www.ombudsman.hr\/hr\/edukacija-o-povelji-eu-a-o-temeljnim-pravima-u-sklopu-human-rights-film-festivala\/\">Nacionalni outreach u Hrvatskoj: Trening za organizacije civilnog dru\u0161tva<\/a>\u00a0(prosinac 2023.)<\/li><li><a href=\"https:\/\/www.ombudsman.hr\/hr\/konferencijom-ljudska-prava-u-hrvatskoj-obilje-ili-smo-75-godina-od-dono-enja-op-e-deklaracije-o-ljudskim-pravima-un-a\/\">Konferencija o stanju ljudskih prava starijih osoba u Hrvatskoj kao i Izvje\u0161\u0107u o Mapiranju nacionalnih struktura za ljudska prava u Hrvatskoj<\/a>\u00a0(prosinac 2023.)<\/li><li>Nacionalne dijagnosti\u010dke radionice za odre\u0111ivanje klju\u010dnih to\u010daka intervencije u Hrvatskoj (za javne i dr\u017eavne slu\u017ebenike koji rade na EU fondovima) (sije\u010danj 2024.)<\/li><li>Pravosudna akademija \u2013 edukacija za sudstvo o kori\u0161tenju EU Povelje (velja\u010da 2024.)<\/li><\/ul><h3><br \/>Rezultati<\/h3><ul><li>Po\u010detno izvje\u0161\u0107e o potencijalu ja\u010danja temeljnih prava sna\u017enijom primjenom EU Povelje o temeljnim pravima<\/li><li>Mapiranje nacionalnih struktura za ljudska prava u Hrvatskoj<\/li><li>Prikupljanje uspje\u0161nih praksi NHRI-ja u kori\u0161tenju EU Povelje<\/li><li>Po\u0161tivanje i unapre\u0111enje temeljnih prava u kori\u0161tenju EU fondova: Vodi\u010d za primjenu nove obvezne uvjetovanosti EU Poveljom<\/li><li>Uloga nacionalnih tijela nadle\u017enih za za\u0161titu i promicanje ljudskih prava u osiguranju uskla\u0111enosti s temeljnim pravima pri dodjeli sredstava Europske unije \u201cStanje vladavine prava u Europi \u2013 Izvje\u0161\u0107e iz NHRI-a Hrvatske\u201d<\/li><li>Posebno izvje\u0161\u0107e o stanju ljudskih prava starijih osoba u Hrvatskoj<\/li><\/ul><h3><br \/>\u0160to su temeljna prava?<\/h3><p>Temeljna su prava osnovna prava i slobode koji pripadaju svim osobama u EU-u. Jednaka su za sve bez obzira na podrijetlo, uvjerenja i na\u010din \u017eivota.<\/p><p>Tim se pravima primjenjuju va\u017ena na\u010dela, kao \u0161to su dostojanstvo, pravednost, po\u0161tovanje i jednakost. Njima se utvr\u0111uju standardi prema kojima danas \u017eivimo i radimo u Europi.<\/p><p>Temeljna prava okosnica su europskog projekta, koja je EU utkao u Povelju o temeljnim pravima. FRA je osnovana s ciljem njihove za\u0161tite i promicanja.<\/p><p>Unato\u010d toj tradiciji, provedba temeljnih prava suo\u010dava se s brojnim izazovima. FRA prikuplja i analizira podatke s ciljem razumijevanja i svladavanja tih problema.<\/p><p>\u00a0<\/p><h3><br \/>\u0160to je Povelja EU-a o temeljnim pravima?<\/h3><p>Povelja o temeljnim pravima europska je ina\u010dica povelje o ljudskim pravima. U svojih 50 \u010dlanaka obuhva\u0107a prava i slobode svih osoba u EU-u.<\/p><p>Op\u0107im odredbama Povelje temeljito se utvr\u0111uju njezino tuma\u010denje i primjena. Dr\u017eave \u010dlanice moraju po\u0161tovati Povelju i dr\u017eati se njezinih na\u010dela kada djeluju u okviru prava EU-a.<\/p><p>Nacrt Povelje izradila je Europska komisija 1999. Godinu dana poslije proglasio ju je Europski parlament. Stupanjem na snagu Ugovora iz Lisabona 1. prosinca 2009. Povelja je dobila puni pravni u\u010dinak.<\/p><p>\u00a0<\/p><h3><br \/>U kojim su slu\u010dajevima tijela du\u017ena primjenjivati Povelju?<\/h3><p>Povelja o temeljnim pravima obvezuju\u0107a je za dr\u017eave \u010dlanice \u201esamo kada provode pravo Unije\u201d. Me\u0111utim, pravo EU-a \u010desto se primjenjuje na nacionalnoj razini. Utje\u010de na znatan dio prava i oblikovanja politika u dr\u017eavama \u010dlanicama, \u0161to<\/p><p>suce, politi\u010dare, dr\u017eavne du\u017enosnike i pravne stru\u010dnjake \u010dini glavnim provoditeljima Povelje. Povelja se primjenjuje na svako njihovo djelovanje u okviru prava EU-a.<\/p><p>Primjena Povelje klju\u010dna je za pravilnu primjenu prava EU-a. U priru\u010dniku FRA-e\u00a0<a href=\"https:\/\/fra.europa.eu\/en\/publication\/2018\/applying-charter-fundamental-rights-european-union-law-and-policymaking-national\">Primjena Povelje o temeljnim pravima<\/a>\u00a0prona\u0107i \u0107ete smjernice o tome.<\/p>\t\t\t\t\t\t\t\t<\/div>\n\t\t\t\t<\/div>\n\t\t\t\t\t<\/div>\n\t\t<\/div>\n\t\t\t\t\t<\/div>\n\t\t<\/section>\n\t\t\t\t<\/div>\n\t\t","protected":false},"excerpt":{"rendered":"<p>Projekt: \u201ePodr\u0161ka nacionalnim institucijama za ljudska prava u pra\u0107enju ljudskih prava i vladavine prava\u201c EEA and Norway Grants Fund for Regional Cooperation, 2022-2024 \u00a0 \u00a0\u00a0 \u00a0 \u00a0 \u00a0 \u00a0 \u00a0 \u00a0 \u00a0 \u00a0 \u00a0 \u00a0 \u00a0\u00a0 \u00a0 Agencija EU-a za temeljna prava\u00a0(FRA) provodi regionalni projekt podr\u0161ke nacionalnim institucijama za za\u0161titu ljudskih prava (NHRI) u pra\u0107enju [&hellip;]<\/p>\n","protected":false},"author":3,"featured_media":0,"parent":0,"menu_order":0,"comment_status":"closed","ping_status":"closed","template":"","meta":{"footnotes":""},"tags":[],"class_list":["post-18047","page","type-page","status-publish","hentry"],"_links":{"self":[{"href":"https:\/\/www.ombudsman.hr\/hr\/wp-json\/wp\/v2\/pages\/18047","targetHints":{"allow":["GET"]}}],"collection":[{"href":"https:\/\/www.ombudsman.hr\/hr\/wp-json\/wp\/v2\/pages"}],"about":[{"href":"https:\/\/www.ombudsman.hr\/hr\/wp-json\/wp\/v2\/types\/page"}],"author":[{"embeddable":true,"href":"https:\/\/www.ombudsman.hr\/hr\/wp-json\/wp\/v2\/users\/3"}],"replies":[{"embeddable":true,"href":"https:\/\/www.ombudsman.hr\/hr\/wp-json\/wp\/v2\/comments?post=18047"}],"version-history":[{"count":22,"href":"https:\/\/www.ombudsman.hr\/hr\/wp-json\/wp\/v2\/pages\/18047\/revisions"}],"predecessor-version":[{"id":20836,"href":"https:\/\/www.ombudsman.hr\/hr\/wp-json\/wp\/v2\/pages\/18047\/revisions\/20836"}],"wp:attachment":[{"href":"https:\/\/www.ombudsman.hr\/hr\/wp-json\/wp\/v2\/media?parent=18047"}],"wp:term":[{"taxonomy":"post_tag","embeddable":true,"href":"https:\/\/www.ombudsman.hr\/hr\/wp-json\/wp\/v2\/tags?post=18047"}],"curies":[{"name":"wp","href":"https:\/\/api.w.org\/{rel}","templated":true}]}}