{"id":3715,"date":"2019-04-16T21:53:42","date_gmt":"2019-04-16T21:53:42","guid":{"rendered":"https:\/\/site2.ombudsman.hr\/?page_id=3715"},"modified":"2025-06-06T15:48:17","modified_gmt":"2025-06-06T13:48:17","slug":"zastita-dostojanstva-drzavnih-sluzbenika-i-namjestenika","status":"publish","type":"page","link":"https:\/\/www.ombudsman.hr\/en\/zastita-dostojanstva-drzavnih-sluzbenika-i-namjestenika\/","title":{"rendered":""},"content":{"rendered":"\t\t<div data-elementor-type=\"wp-page\" data-elementor-id=\"3715\" class=\"elementor elementor-3715\" data-elementor-post-type=\"page\">\n\t\t\t\t\t\t<section class=\"elementor-section elementor-top-section elementor-element elementor-element-19f7176b elementor-section-height-min-height elementor-section-boxed elementor-section-height-default elementor-section-items-middle\" data-id=\"19f7176b\" data-element_type=\"section\" data-e-type=\"section\" data-settings=\"{&quot;background_background&quot;:&quot;classic&quot;}\">\n\t\t\t\t\t\t<div class=\"elementor-container elementor-column-gap-default\">\n\t\t\t\t\t<div class=\"elementor-column elementor-col-100 elementor-top-column elementor-element elementor-element-7ae6fbb8\" data-id=\"7ae6fbb8\" data-element_type=\"column\" data-e-type=\"column\">\n\t\t\t<div class=\"elementor-widget-wrap elementor-element-populated\">\n\t\t\t\t\t\t<div class=\"elementor-element elementor-element-618f84aa elementor-widget elementor-widget-heading\" data-id=\"618f84aa\" data-element_type=\"widget\" data-e-type=\"widget\" data-widget_type=\"heading.default\">\n\t\t\t\t<div class=\"elementor-widget-container\">\n\t\t\t\t\t<h1 class=\"elementor-heading-title elementor-size-default\">Za\u0161tita dostojanstva dr\u017eavnih slu\u017ebenika i namje\u0161tenika<\/h1>\t\t\t\t<\/div>\n\t\t\t\t<\/div>\n\t\t\t\t\t<\/div>\n\t\t<\/div>\n\t\t\t\t\t<\/div>\n\t\t<\/section>\n\t\t\t\t<section class=\"elementor-section elementor-top-section elementor-element elementor-element-3b825f3c elementor-section-boxed elementor-section-height-default elementor-section-height-default\" data-id=\"3b825f3c\" data-element_type=\"section\" data-e-type=\"section\">\n\t\t\t\t\t\t<div class=\"elementor-container elementor-column-gap-default\">\n\t\t\t\t\t<div class=\"elementor-column elementor-col-100 elementor-top-column elementor-element elementor-element-8523972\" data-id=\"8523972\" data-element_type=\"column\" data-e-type=\"column\">\n\t\t\t<div class=\"elementor-widget-wrap elementor-element-populated\">\n\t\t\t\t\t\t<div class=\"elementor-element elementor-element-2600daf5 elementor-widget elementor-widget-text-editor\" data-id=\"2600daf5\" data-element_type=\"widget\" data-e-type=\"widget\" data-widget_type=\"text-editor.default\">\n\t\t\t\t<div class=\"elementor-widget-container\">\n\t\t\t\t\t\t\t\t\t<p>Osoba imenovana na du\u017enost povjerljive savjetnice za za\u0161titu dostojanstva dr\u017eavnih slu\u017ebenika i namje\u0161tenika u Uredu pu\u010dke pravobraniteljice je savjetnica Ivana \u010cop.<br><br><\/p>\n<p>telefon: 051 563 786<\/p>\n<p>e-mail: ivana.cop@ombudsman.hr<br><br><\/p>\n<p>Osoba ovla\u0161tena za primanje i rje\u0161avanje pritu\u017ebi zaposlenika Ureda pu\u010dke pravobraniteljice, vezanih uz za\u0161titu dostojanstva iz \u010dlanka 79. Kolektivnoga ugovora za dr\u017eavne slu\u017ebenike i namje\u0161tenike du\u017ena je zaprimati, ispitivati i rje\u0161avati pritu\u017ebe o za\u0161titi osobnosti i dostojanstva dr\u017eavnih slu\u017ebenika i namje\u0161tenika, poduzimati mjere radi spre\u010davanja nastanka uznemiravanja dr\u017eavnih slu\u017ebenika i namje\u0161tenika, izvje\u0161tavati Zajedni\u010dku komisiju za tuma\u010denje odredaba i pra\u0107enja primjene Kolektivnog ugovora te zaprimati obavijesti o pritu\u017ebama koje su podnesene nadre\u0111enom slu\u017ebeniku ili sindikalnom povjereniku.<br><br><\/p>\n<p><a href=\"https:\/\/www.ombudsman.hr\/wp-content\/uploads\/2022\/07\/Odluka-o-imenovanju-povjerljive-osobe-Ivana-Cop-26.7.2022..pdf\">Odluka o imenovanju povjerljive savjetnice<\/a><\/p>\t\t\t\t\t\t\t\t<\/div>\n\t\t\t\t<\/div>\n\t\t\t\t\t<\/div>\n\t\t<\/div>\n\t\t\t\t\t<\/div>\n\t\t<\/section>\n\t\t\t\t<\/div>\n\t\t","protected":false},"excerpt":{"rendered":"","protected":false},"author":1,"featured_media":0,"parent":0,"menu_order":0,"comment_status":"closed","ping_status":"closed","template":"","meta":{"footnotes":""},"tags":[],"class_list":["post-3715","page","type-page","status-publish","hentry"],"_links":{"self":[{"href":"https:\/\/www.ombudsman.hr\/en\/wp-json\/wp\/v2\/pages\/3715","targetHints":{"allow":["GET"]}}],"collection":[{"href":"https:\/\/www.ombudsman.hr\/en\/wp-json\/wp\/v2\/pages"}],"about":[{"href":"https:\/\/www.ombudsman.hr\/en\/wp-json\/wp\/v2\/types\/page"}],"author":[{"embeddable":true,"href":"https:\/\/www.ombudsman.hr\/en\/wp-json\/wp\/v2\/users\/1"}],"replies":[{"embeddable":true,"href":"https:\/\/www.ombudsman.hr\/en\/wp-json\/wp\/v2\/comments?post=3715"}],"version-history":[{"count":18,"href":"https:\/\/www.ombudsman.hr\/en\/wp-json\/wp\/v2\/pages\/3715\/revisions"}],"predecessor-version":[{"id":20788,"href":"https:\/\/www.ombudsman.hr\/en\/wp-json\/wp\/v2\/pages\/3715\/revisions\/20788"}],"wp:attachment":[{"href":"https:\/\/www.ombudsman.hr\/en\/wp-json\/wp\/v2\/media?parent=3715"}],"wp:term":[{"taxonomy":"post_tag","embeddable":true,"href":"https:\/\/www.ombudsman.hr\/en\/wp-json\/wp\/v2\/tags?post=3715"}],"curies":[{"name":"wp","href":"https:\/\/api.w.org\/{rel}","templated":true}]}}