{"id":3709,"date":"2019-04-16T21:46:39","date_gmt":"2019-04-16T21:46:39","guid":{"rendered":"https:\/\/site2.ombudsman.hr\/?page_id=3709"},"modified":"2025-06-06T15:46:48","modified_gmt":"2025-06-06T13:46:48","slug":"osoba-za-nepravilnosti-u-uredu-puckog-pravobranitelja","status":"publish","type":"page","link":"https:\/\/www.ombudsman.hr\/en\/osoba-za-nepravilnosti-u-uredu-puckog-pravobranitelja\/","title":{"rendered":""},"content":{"rendered":"\t\t<div data-elementor-type=\"wp-page\" data-elementor-id=\"3709\" class=\"elementor elementor-3709\" data-elementor-post-type=\"page\">\n\t\t\t\t\t\t<section class=\"elementor-section elementor-top-section elementor-element elementor-element-56bbc831 elementor-section-height-min-height elementor-section-boxed elementor-section-height-default elementor-section-items-middle\" data-id=\"56bbc831\" data-element_type=\"section\" data-e-type=\"section\" data-settings=\"{&quot;background_background&quot;:&quot;classic&quot;}\">\n\t\t\t\t\t\t<div class=\"elementor-container elementor-column-gap-default\">\n\t\t\t\t\t<div class=\"elementor-column elementor-col-100 elementor-top-column elementor-element elementor-element-4ca213b6\" data-id=\"4ca213b6\" data-element_type=\"column\" data-e-type=\"column\">\n\t\t\t<div class=\"elementor-widget-wrap elementor-element-populated\">\n\t\t\t\t\t\t<div class=\"elementor-element elementor-element-34758edd elementor-widget elementor-widget-heading\" data-id=\"34758edd\" data-element_type=\"widget\" data-e-type=\"widget\" data-widget_type=\"heading.default\">\n\t\t\t\t<div class=\"elementor-widget-container\">\n\t\t\t\t\t<h1 class=\"elementor-heading-title elementor-size-default\">Osoba za nepravilnosti u Uredu pu\u010dke pravobraniteljice <\/h1>\t\t\t\t<\/div>\n\t\t\t\t<\/div>\n\t\t\t\t\t<\/div>\n\t\t<\/div>\n\t\t\t\t\t<\/div>\n\t\t<\/section>\n\t\t\t\t<section class=\"elementor-section elementor-top-section elementor-element elementor-element-7a69842 elementor-section-boxed elementor-section-height-default elementor-section-height-default\" data-id=\"7a69842\" data-element_type=\"section\" data-e-type=\"section\">\n\t\t\t\t\t\t<div class=\"elementor-container elementor-column-gap-default\">\n\t\t\t\t\t<div class=\"elementor-column elementor-col-100 elementor-top-column elementor-element elementor-element-5da0df91\" data-id=\"5da0df91\" data-element_type=\"column\" data-e-type=\"column\">\n\t\t\t<div class=\"elementor-widget-wrap elementor-element-populated\">\n\t\t\t\t\t\t<div class=\"elementor-element elementor-element-2a4934e4 elementor-widget elementor-widget-text-editor\" data-id=\"2a4934e4\" data-element_type=\"widget\" data-e-type=\"widget\" data-widget_type=\"text-editor.default\">\n\t\t\t\t<div class=\"elementor-widget-container\">\n\t\t\t\t\t\t\t\t\t<p>Osoba zadu\u017eena za nepravilnosti u Uredu pu\u010dke pravobraniteljice je Vatroslav Suboti\u0107.<br><br><\/p>\n<p>Telefon: (01) 4851 855<\/p>\n<p>e-mail: vatroslav.subotic@ombudsman.hr<br><br><\/p>\n<p>U skladu s odredbama \u010dlanka 43. stavka 2. Zakona o sustavu unutarnjih kontrola u javnom sektoru (\u201eNarodne novine\u201c, br. 78\/15 i 102\/19 ) i \u010dlanka 8. Naputka o otkrivanju, postupanju i izvje\u0161\u0107ivanju o nepravilnostima u upravljanju sredstvima prora\u010duna, prora\u010dunskih i izvanprora\u010dunskih korisnika (\u201eNarodne novine\u201c, br.70\/12), osoba za nepravilnosti obvezna je:<br><br><\/p>\n<p>1. zaprimati obavijesti o nepravilnostima,<\/p>\n<p>2. pratiti tijek postupanja po utvr\u0111enim nepravilnostima,<\/p>\n<p>3. sastavljati polugodi\u0161nje i godi\u0161nje izvje\u0161\u0107e o nepravilnostima iz \u010dlanka 12., 14. i 15. Naputka o otkrivanju, postupanju i izvje\u0161\u0107ivanju o nepravilnostima u upravljanju sredstvima prora\u010duna, prora\u010dunskih i izvanprora\u010dunskih korisnika,<\/p>\n<p>4. sura\u0111ivati s nadle\u017enom ustrojstvenom jedinicom u Ministarstvu financija u \u010dijem je djelokrugu prora\u010dunski nadzor i drugim nadle\u017enim tijelima.<\/p>\t\t\t\t\t\t\t\t<\/div>\n\t\t\t\t<\/div>\n\t\t\t\t\t<\/div>\n\t\t<\/div>\n\t\t\t\t\t<\/div>\n\t\t<\/section>\n\t\t\t\t<\/div>\n\t\t","protected":false},"excerpt":{"rendered":"","protected":false},"author":1,"featured_media":0,"parent":0,"menu_order":0,"comment_status":"closed","ping_status":"closed","template":"","meta":{"footnotes":""},"tags":[],"class_list":["post-3709","page","type-page","status-publish","hentry"],"_links":{"self":[{"href":"https:\/\/www.ombudsman.hr\/en\/wp-json\/wp\/v2\/pages\/3709","targetHints":{"allow":["GET"]}}],"collection":[{"href":"https:\/\/www.ombudsman.hr\/en\/wp-json\/wp\/v2\/pages"}],"about":[{"href":"https:\/\/www.ombudsman.hr\/en\/wp-json\/wp\/v2\/types\/page"}],"author":[{"embeddable":true,"href":"https:\/\/www.ombudsman.hr\/en\/wp-json\/wp\/v2\/users\/1"}],"replies":[{"embeddable":true,"href":"https:\/\/www.ombudsman.hr\/en\/wp-json\/wp\/v2\/comments?post=3709"}],"version-history":[{"count":17,"href":"https:\/\/www.ombudsman.hr\/en\/wp-json\/wp\/v2\/pages\/3709\/revisions"}],"predecessor-version":[{"id":20776,"href":"https:\/\/www.ombudsman.hr\/en\/wp-json\/wp\/v2\/pages\/3709\/revisions\/20776"}],"wp:attachment":[{"href":"https:\/\/www.ombudsman.hr\/en\/wp-json\/wp\/v2\/media?parent=3709"}],"wp:term":[{"taxonomy":"post_tag","embeddable":true,"href":"https:\/\/www.ombudsman.hr\/en\/wp-json\/wp\/v2\/tags?post=3709"}],"curies":[{"name":"wp","href":"https:\/\/api.w.org\/{rel}","templated":true}]}}