{"id":3676,"date":"2019-01-23T15:40:51","date_gmt":"2019-01-23T15:40:51","guid":{"rendered":"https:\/\/site2.ombudsman.hr\/?page_id=3676"},"modified":"2025-01-13T12:50:57","modified_gmt":"2025-01-13T10:50:57","slug":"prema-drustvenim-skupinama","status":"publish","type":"page","link":"https:\/\/www.ombudsman.hr\/en\/prema-drustvenim-skupinama\/","title":{"rendered":""},"content":{"rendered":"\t\t<div data-elementor-type=\"wp-page\" data-elementor-id=\"3676\" class=\"elementor elementor-3676\" data-elementor-post-type=\"page\">\n\t\t\t\t\t\t<section class=\"elementor-section elementor-top-section elementor-element elementor-element-5d92065e elementor-section-height-min-height elementor-section-boxed elementor-section-height-default elementor-section-items-middle\" data-id=\"5d92065e\" data-element_type=\"section\" data-e-type=\"section\" data-settings=\"{&quot;background_background&quot;:&quot;classic&quot;}\">\n\t\t\t\t\t\t<div class=\"elementor-container elementor-column-gap-default\">\n\t\t\t\t\t<div class=\"elementor-column elementor-col-100 elementor-top-column elementor-element elementor-element-2196c831\" data-id=\"2196c831\" data-element_type=\"column\" data-e-type=\"column\">\n\t\t\t<div class=\"elementor-widget-wrap elementor-element-populated\">\n\t\t\t\t\t\t<div class=\"elementor-element elementor-element-14587427 elementor-widget elementor-widget-heading\" data-id=\"14587427\" data-element_type=\"widget\" data-e-type=\"widget\" data-widget_type=\"heading.default\">\n\t\t\t\t<div class=\"elementor-widget-container\">\n\t\t\t\t\t<h1 class=\"elementor-heading-title elementor-size-default\">Prema dru\u0161tvenim skupinama<\/h1>\t\t\t\t<\/div>\n\t\t\t\t<\/div>\n\t\t\t\t\t<\/div>\n\t\t<\/div>\n\t\t\t\t\t<\/div>\n\t\t<\/section>\n\t\t\t\t<section class=\"elementor-section elementor-top-section elementor-element elementor-element-69f5f2e elementor-section-boxed elementor-section-height-default elementor-section-height-default\" data-id=\"69f5f2e\" data-element_type=\"section\" data-e-type=\"section\">\n\t\t\t\t\t\t<div class=\"elementor-container elementor-column-gap-default\">\n\t\t\t\t\t<div class=\"elementor-column elementor-col-100 elementor-top-column elementor-element elementor-element-0cb08a3\" data-id=\"0cb08a3\" data-element_type=\"column\" data-e-type=\"column\">\n\t\t\t<div class=\"elementor-widget-wrap elementor-element-populated\">\n\t\t\t\t\t\t<div class=\"elementor-element elementor-element-aaac4f9 elementor-widget elementor-widget-text-editor\" data-id=\"aaac4f9\" data-element_type=\"widget\" data-e-type=\"widget\" data-widget_type=\"text-editor.default\">\n\t\t\t\t<div class=\"elementor-widget-container\">\n\t\t\t\t\t\t\t\t\t<p>Pravo da se obrati pu\u010dkoj pravobraniteljici ima svaki gra\u0111anin Republike Hrvatske i uop\u0107e svatko tko smatra da su mu radom dr\u017eavnih tijela povrije\u0111ena prava ili da je diskriminiran. Odre\u0111ene dru\u0161tvene skupine s \u010dijim se pritu\u017ebama u svom radu susre\u0107emo su posebno ranjive, poput starijih ili nezaposlenih, ili su njihova prava va\u017ena za uredno funkcioniranje demokratskog sustava i njegovog aparata, poput nacionalnih i vjerskih manjina ili \u017ertava i svjedoka u kaznenom postupku.<\/p><p><br \/>\u0160to pu\u010dki pravobranitelj mo\u017ee u\u010diniti unutar svojih ovlasti i nadle\u017enosti prona\u0111ite\u00a0<a href=\"https:\/\/www.ombudsman.hr\/hr\/ovlasti-i-nadleznosti\/\">ovdje<\/a>.<\/p><p><br \/>Sadr\u017eaj mre\u017ene stranice razvrstan po dru\u0161tvenim skupinama mo\u017eete prona\u0107i na ni\u017eim oznakama.<\/p>\t\t\t\t\t\t\t\t<\/div>\n\t\t\t\t<\/div>\n\t\t\t\t\t<\/div>\n\t\t<\/div>\n\t\t\t\t\t<\/div>\n\t\t<\/section>\n\t\t\t\t<section class=\"elementor-section elementor-top-section elementor-element elementor-element-ced69c3 elementor-section-boxed elementor-section-height-default elementor-section-height-default\" data-id=\"ced69c3\" data-element_type=\"section\" data-e-type=\"section\">\n\t\t\t\t\t\t<div class=\"elementor-container elementor-column-gap-default\">\n\t\t\t\t\t<div class=\"elementor-column elementor-col-100 elementor-top-column elementor-element elementor-element-b12743d\" data-id=\"b12743d\" data-element_type=\"column\" data-e-type=\"column\">\n\t\t\t<div class=\"elementor-widget-wrap elementor-element-populated\">\n\t\t\t\t\t\t<div class=\"elementor-element elementor-element-3e23508 elementor-widget elementor-widget-text-editor\" data-id=\"3e23508\" data-element_type=\"widget\" data-e-type=\"widget\" data-widget_type=\"text-editor.default\">\n\t\t\t\t<div class=\"elementor-widget-container\">\n\t\t\t\t\t\t\t\t\t<p><a href=\"https:\/\/www.ombudsman.hr\/hr\/?s=besku%C4%87nici\">#besku\u0107nici<\/a><br \/><a href=\"https:\/\/www.ombudsman.hr\/hr\/?s=branitelji\">#branitelji<\/a><br \/><a href=\"https:\/\/www.ombudsman.hr\/hr\/?s=civilne+%C5%BErtve+rata\">#civilne \u017ertve rata<\/a><br \/><a href=\"https:\/\/www.ombudsman.hr\/hr\/?s=dr%C5%BEavni+i+javni+slu%C5%BEbenici\">#dr\u017eavni i javni slu\u017ebenici<\/a><br \/><a href=\"https:\/\/www.ombudsman.hr\/hr\/?s=migranti\">#migranti<\/a><br \/><a href=\"https:\/\/www.ombudsman.hr\/hr\/?s=mladi\">#mladi<\/a><br \/><a href=\"https:\/\/www.ombudsman.hr\/hr\/?s=nacionalne+manjine\">#nacionalne manjine<\/a><br \/><a href=\"https:\/\/www.ombudsman.hr\/hr\/?s=nezaposleni\">#nezaposleni<\/a><br \/><a href=\"https:\/\/www.ombudsman.hr\/hr\/?s=novinari\">#novinari<\/a><br \/><a href=\"https:\/\/www.ombudsman.hr\/hr\/?s=zatvorenici\">#osobe li\u0161ene slobode<\/a><br \/><a href=\"https:\/\/www.ombudsman.hr\/hr\/?s=osobe+naru%C5%A1enog+zdravlja\">#osobe naru\u0161enog zdravlja<\/a><br \/><a href=\"https:\/\/www.ombudsman.hr\/hr\/?s=osobe+s+du%C5%A1evnim+smetnjama\">#osobe s du\u0161evnim smetnjama<\/a><br \/><a href=\"https:\/\/www.ombudsman.hr\/hr\/?s=ovr%C5%A1eni\">#ovr\u0161eni<\/a><br \/><a href=\"https:\/\/www.ombudsman.hr\/hr\/?s=pacijenti\">#pacijenti<\/a><br \/><a href=\"https:\/\/www.ombudsman.hr\/hr\/?s=zvi%C5%BEda%C4%8Di\">#prijavitelji nepravilnosti tzv. zvi\u017eda\u010di<\/a><br \/><a href=\"https:\/\/www.ombudsman.hr\/hr\/?s=radnici\">#radnici<\/a><br \/><a href=\"https:\/\/www.ombudsman.hr\/hr\/?s=romska+manjina\">#romska manjina<\/a><br \/><a href=\"https:\/\/www.ombudsman.hr\/hr\/?s=socijalno+ugro%C5%BEeni\">#socijalno ugro\u017eeni<\/a><br \/><a href=\"https:\/\/www.ombudsman.hr\/hr\/?s=srpska+manjina\">#srpska manjina<\/a><br \/><a href=\"https:\/\/www.ombudsman.hr\/hr\/?s=stanari\">#stanari<\/a><br \/><a href=\"https:\/\/www.ombudsman.hr\/hr\/?s=stanovnici+ruralnih+podru%C4%8Dja\">#stanovnici ruralnih podru\u010dja<\/a><br \/><a href=\"https:\/\/www.ombudsman.hr\/hr\/?s=starije+osobe\">#starije osobe<\/a><br \/><a href=\"https:\/\/www.ombudsman.hr\/hr\/?s=studenti\">#studenti<\/a><br \/><a href=\"https:\/\/www.ombudsman.hr\/hr\/?s=umirovljenici\">#umirovljenici<\/a><br \/><a href=\"https:\/\/www.ombudsman.hr\/hr\/?s=vjernici\">#vjernici\/nereligiozne osobe<\/a><br \/><a href=\"https:\/\/www.ombudsman.hr\/hr\/?s=za%C5%A1titnici+ljudskih+prava\">#za\u0161titnici ljudskih prava<\/a><br \/><a href=\"https:\/\/www.ombudsman.hr\/hr\/?s=zatvorenici\">#zatvorenici<\/a><br \/><a href=\"https:\/\/www.ombudsman.hr\/hr\/?s=%C5%BErtve+i+svjedoci\">#\u017ertve i svjedoci<\/a><br \/><a href=\"https:\/\/www.ombudsman.hr\/hr\/?s=izbjeglice\">#izbjeglice<\/a><\/p>\t\t\t\t\t\t\t\t<\/div>\n\t\t\t\t<\/div>\n\t\t\t\t\t<\/div>\n\t\t<\/div>\n\t\t\t\t\t<\/div>\n\t\t<\/section>\n\t\t\t\t<\/div>\n\t\t","protected":false},"excerpt":{"rendered":"","protected":false},"author":2,"featured_media":0,"parent":0,"menu_order":0,"comment_status":"closed","ping_status":"closed","template":"","meta":{"footnotes":""},"tags":[],"class_list":["post-3676","page","type-page","status-publish","hentry"],"_links":{"self":[{"href":"https:\/\/www.ombudsman.hr\/en\/wp-json\/wp\/v2\/pages\/3676","targetHints":{"allow":["GET"]}}],"collection":[{"href":"https:\/\/www.ombudsman.hr\/en\/wp-json\/wp\/v2\/pages"}],"about":[{"href":"https:\/\/www.ombudsman.hr\/en\/wp-json\/wp\/v2\/types\/page"}],"author":[{"embeddable":true,"href":"https:\/\/www.ombudsman.hr\/en\/wp-json\/wp\/v2\/users\/2"}],"replies":[{"embeddable":true,"href":"https:\/\/www.ombudsman.hr\/en\/wp-json\/wp\/v2\/comments?post=3676"}],"version-history":[{"count":16,"href":"https:\/\/www.ombudsman.hr\/en\/wp-json\/wp\/v2\/pages\/3676\/revisions"}],"predecessor-version":[{"id":20065,"href":"https:\/\/www.ombudsman.hr\/en\/wp-json\/wp\/v2\/pages\/3676\/revisions\/20065"}],"wp:attachment":[{"href":"https:\/\/www.ombudsman.hr\/en\/wp-json\/wp\/v2\/media?parent=3676"}],"wp:term":[{"taxonomy":"post_tag","embeddable":true,"href":"https:\/\/www.ombudsman.hr\/en\/wp-json\/wp\/v2\/tags?post=3676"}],"curies":[{"name":"wp","href":"https:\/\/api.w.org\/{rel}","templated":true}]}}