{"id":3674,"date":"2019-01-23T15:40:25","date_gmt":"2019-01-23T15:40:25","guid":{"rendered":"https:\/\/site2.ombudsman.hr\/?page_id=3674"},"modified":"2025-01-13T12:51:15","modified_gmt":"2025-01-13T10:51:15","slug":"prema-podrucjima","status":"publish","type":"page","link":"https:\/\/www.ombudsman.hr\/en\/prema-podrucjima\/","title":{"rendered":""},"content":{"rendered":"\t\t<div data-elementor-type=\"wp-page\" data-elementor-id=\"3674\" class=\"elementor elementor-3674\" data-elementor-post-type=\"page\">\n\t\t\t\t\t\t<section class=\"elementor-section elementor-top-section elementor-element elementor-element-2fca2b53 elementor-section-height-min-height elementor-section-boxed elementor-section-height-default elementor-section-items-middle\" data-id=\"2fca2b53\" data-element_type=\"section\" data-e-type=\"section\" data-settings=\"{&quot;background_background&quot;:&quot;classic&quot;}\">\n\t\t\t\t\t\t<div class=\"elementor-container elementor-column-gap-default\">\n\t\t\t\t\t<div class=\"elementor-column elementor-col-100 elementor-top-column elementor-element elementor-element-1147bf70\" data-id=\"1147bf70\" data-element_type=\"column\" data-e-type=\"column\">\n\t\t\t<div class=\"elementor-widget-wrap elementor-element-populated\">\n\t\t\t\t\t\t<div class=\"elementor-element elementor-element-4eacaeee elementor-widget elementor-widget-heading\" data-id=\"4eacaeee\" data-element_type=\"widget\" data-e-type=\"widget\" data-widget_type=\"heading.default\">\n\t\t\t\t<div class=\"elementor-widget-container\">\n\t\t\t\t\t<h1 class=\"elementor-heading-title elementor-size-default\">Prema podru\u010djima<\/h1>\t\t\t\t<\/div>\n\t\t\t\t<\/div>\n\t\t\t\t\t<\/div>\n\t\t<\/div>\n\t\t\t\t\t<\/div>\n\t\t<\/section>\n\t\t\t\t<section class=\"elementor-section elementor-top-section elementor-element elementor-element-1b783424 elementor-section-boxed elementor-section-height-default elementor-section-height-default\" data-id=\"1b783424\" data-element_type=\"section\" data-e-type=\"section\">\n\t\t\t\t\t\t<div class=\"elementor-container elementor-column-gap-default\">\n\t\t\t\t\t<div class=\"elementor-column elementor-col-100 elementor-top-column elementor-element elementor-element-22a690df\" data-id=\"22a690df\" data-element_type=\"column\" data-e-type=\"column\">\n\t\t\t<div class=\"elementor-widget-wrap elementor-element-populated\">\n\t\t\t\t\t\t<div class=\"elementor-element elementor-element-64d6cce3 elementor-widget elementor-widget-text-editor\" data-id=\"64d6cce3\" data-element_type=\"widget\" data-e-type=\"widget\" data-widget_type=\"text-editor.default\">\n\t\t\t\t<div class=\"elementor-widget-container\">\n\t\t\t\t\t\t\t\t\t<p>U svom radu pu\u010dka pravobraniteljica razmatra pritu\u017ebe iz brojnih podru\u010dja \u017eivota, o \u010demu i redovno izvje\u0161tava u svojim godi\u0161njim izvje\u0161\u0107ima. Pojedina podru\u010dja izravno su povezana s Ustavom zajam\u010denim ljudskim pravima i slobodama, a neka se odnose na dijelove sustave dr\u017eavne uprave ili dr\u017eavne vlasti poput pravosu\u0111a i policije koji u svojem radu ograni\u010davaju ljudska prava ili su izuzetno va\u017eni za njihovo ostvarivanje,\u00a0 ili su, poput rada i zapo\u0161ljavanja te za\u0161tite okoli\u0161a, povezana s procesima o kojima ovisi \u010dovjekova egzistencija i dostojanstvo.<\/p><p><br \/>\u0160to pu\u010dki pravobranitelj mo\u017ee u\u010diniti unutar svojih ovlasti i nadle\u017enosti prona\u0111ite\u00a0<a href=\"https:\/\/www.ombudsman.hr\/hr\/ovlasti-i-nadleznosti\/\">ovdje<\/a>.<\/p><p><br \/>Na svakoj od oznaka mo\u017eete prona\u0107i sav sadr\u017eaj koji je na pojedinu temu objavljen na mre\u017enoj stranici pu\u010dke pravobraniteljice.<\/p>\t\t\t\t\t\t\t\t<\/div>\n\t\t\t\t<\/div>\n\t\t\t\t\t<\/div>\n\t\t<\/div>\n\t\t\t\t\t<\/div>\n\t\t<\/section>\n\t\t\t\t<section class=\"elementor-section elementor-top-section elementor-element elementor-element-0a49fa0 elementor-section-boxed elementor-section-height-default elementor-section-height-default\" data-id=\"0a49fa0\" data-element_type=\"section\" data-e-type=\"section\">\n\t\t\t\t\t\t<div class=\"elementor-container elementor-column-gap-default\">\n\t\t\t\t\t<div class=\"elementor-column elementor-col-100 elementor-top-column elementor-element elementor-element-82e1527\" data-id=\"82e1527\" data-element_type=\"column\" data-e-type=\"column\">\n\t\t\t<div class=\"elementor-widget-wrap elementor-element-populated\">\n\t\t\t\t\t\t<div class=\"elementor-element elementor-element-651835e elementor-widget elementor-widget-text-editor\" data-id=\"651835e\" data-element_type=\"widget\" data-e-type=\"widget\" data-widget_type=\"text-editor.default\">\n\t\t\t\t<div class=\"elementor-widget-container\">\n\t\t\t\t\t\t\t\t\t<p><a href=\"https:\/\/www.ombudsman.hr\/hr\/?s=besplatna+pravna+pomo%C4%87\">#besplatna pravna pomo\u0107<\/a><br \/><a href=\"https:\/\/www.ombudsman.hr\/hr\/?s=civilna+za%C5%A1tita\">#civilna za\u0161tita<\/a><br \/><a href=\"https:\/\/www.ombudsman.hr\/hr\/?s=domovi+za+starije+i+nemo%C4%87ne\">#domovi za starije i nemo\u0107ne<\/a><br \/><a href=\"https:\/\/www.ombudsman.hr\/hr\/?s=dostupnost+javnih+usluga\">#dostupnost javnih usluga<\/a><br \/><a href=\"https:\/\/www.ombudsman.hr\/hr\/?s=energetsko+siroma%C5%A1tvo\">#energetsko siroma\u0161tvo<\/a><br \/><a href=\"https:\/\/www.ombudsman.hr\/hr\/?s=govor+mr%C5%BEnje\">#govor mr\u017enje<\/a><br \/><a href=\"https:\/\/www.ombudsman.hr\/hr\/?s=graditeljstvo+i+prostorno+ure%C4%91enje\">#graditeljstvo i prostorno ure\u0111enje<\/a><br \/><a href=\"https:\/\/www.ombudsman.hr\/hr\/?s=integracijske+politike\">#integracijske politike<\/a><br \/><a href=\"https:\/\/www.ombudsman.hr\/hr\/?s=iseljavanje\">#iseljavanje<\/a><br \/><a href=\"https:\/\/www.ombudsman.hr\/hr\/?s=komunalne+usluge\">#komunalne usluge<\/a><br \/><a href=\"https:\/\/www.ombudsman.hr\/hr\/?s=koronavirus\">#koronavirus<\/a><br \/><a href=\"https:\/\/www.ombudsman.hr\/hr\/?s=jedinice+lokalne\">#lokalna i regionalna samouprava<\/a><br \/><a href=\"https:\/\/www.ombudsman.hr\/hr\/?s=mediji\">#mediji<\/a><br \/><a href=\"https:\/\/www.ombudsman.hr\/hr\/?s=migracije\">#migracije<\/a><br \/><a href=\"https:\/\/www.ombudsman.hr\/hr\/?s=mirovinski+sustav\">#mirovinski sustav<\/a><br \/><a href=\"https:\/\/www.ombudsman.hr\/hr\/?s=nasilje+u+obitelji\">#nasilje u obitelji<\/a><br \/><a href=\"https:\/\/www.ombudsman.hr\/hr\/?s=obitelji\">#obitelj<\/a><br \/><a href=\"https:\/\/www.ombudsman.hr\/hr\/?s=obrazovanje\">#obrazovanje<\/a><br \/><a href=\"https:\/\/www.ombudsman.hr\/hr\/?s=organizacije+civilnog+dru%C5%A1tva\">#organizacije civilnog dru\u0161tva<\/a><br \/><a href=\"https:\/\/www.ombudsman.hr\/hr\/?s=ovrhe\">#ovrhe<\/a><br \/><a href=\"https:\/\/www.ombudsman.hr\/hr\/?s=policija\">#policija<\/a><br \/><a href=\"https:\/\/www.ombudsman.hr\/hr\/?s=poplave\">#poplave<\/a><br \/><a href=\"https:\/\/www.ombudsman.hr\/hr\/?s=porezi\">#porezi<\/a><br \/><a href=\"https:\/\/www.ombudsman.hr\/hr\/?s=povrat+imovine\">#povrat imovine<\/a><br \/><a href=\"https:\/\/www.ombudsman.hr\/hr\/?s=po%C5%BEari\">#po\u017eari<\/a><br \/><a href=\"https:\/\/www.ombudsman.hr\/hr\/?s=pravosu%C4%91e\">#pravosu\u0111e<\/a><br \/><a href=\"https:\/\/www.ombudsman.hr\/hr\/?s=privatnost\">#privatnost<\/a><br \/><a href=\"https:\/\/www.ombudsman.hr\/hr\/?s=priziv+savjesti\">#priziv savjesti<\/a><br \/><a href=\"https:\/\/www.ombudsman.hr\/hr\/?s=psihijatrijske+ustanove\">#psihijatrijske ustanove<\/a><br \/><a href=\"https:\/\/www.ombudsman.hr\/hr\/?s=rad+i+zapo%C5%A1ljavanje\">#rad i zapo\u0161ljavanje<\/a><br \/><a href=\"https:\/\/www.ombudsman.hr\/hr\/?s=rad+na+odre%C4%91eno\">#rad na odre\u0111eno<\/a><br \/><a href=\"https:\/\/www.ombudsman.hr\/hr\/?s=regionalni+razvoj\">#regionalni razvoj<\/a><br \/><a href=\"https:\/\/www.ombudsman.hr\/hr\/?s=ruralna+podru%C4%8Dja\">#ruralna podru\u010dja<\/a><br \/><a href=\"https:\/\/www.ombudsman.hr\/hr\/?s=sindikati\">#sindikati<\/a><br \/><a href=\"https:\/\/www.ombudsman.hr\/hr\/?s=siroma%C5%A1tvo\">#siroma\u0161tvo<\/a><br \/><a href=\"https:\/\/www.ombudsman.hr\/hr\/?s=sloboda+izra%C5%BEavanja\">#sloboda izra\u017eavanja<\/a><br \/><a href=\"https:\/\/www.ombudsman.hr\/hr\/?s=sloboda+kretanja\">#sloboda kretanja<\/a><br \/><a href=\"https:\/\/www.ombudsman.hr\/hr\/?s=sloboda+vjeroispovijedi\">#sloboda vjeroispovijedi<\/a><br \/><a href=\"https:\/\/www.ombudsman.hr\/hr\/?s=socijalna+skrb\">#socijalna skrb<\/a><br \/><a href=\"https:\/\/www.ombudsman.hr\/hr\/?s=stambeno+zbrinjavanje\">#stambeno zbrinjavanje<\/a><br \/><a href=\"https:\/\/www.ombudsman.hr\/hr\/?s=stanovanje\">#stanovanje<\/a><br \/><a href=\"https:\/\/www.ombudsman.hr\/hr\/?s=statusna+prava\">#statusna prava<\/a><br \/><a href=\"https:\/\/www.ombudsman.hr\/hr\/?s=ugovori+o+uzdr%C5%BEavanju\">#ugovori o uzdr\u017eavanju<\/a><br \/><a href=\"https:\/\/www.ombudsman.hr\/hr\/?s=voda\">#voda<\/a><br \/><a href=\"https:\/\/www.ombudsman.hr\/hr\/?s=za%C5%A1tita+okoli%C5%A1a\">#za\u0161tita okoli\u0161a<\/a><br \/><a href=\"https:\/\/www.ombudsman.hr\/hr\/?s=zvi%C5%BEda%C4%8Di\">#za\u0161tita prijavitelja nepravilnosti \u2013 zvi\u017eda\u010da<\/a><br \/><a href=\"https:\/\/www.ombudsman.hr\/hr\/?s=za%C5%A1tita+%C5%BErtava+i+svjedoka\">#za\u0161tita \u017ertava i svjedoka<\/a><br \/><a href=\"https:\/\/www.ombudsman.hr\/hr\/?s=zatvorski+sustav\">#zatvorski sustav<\/a><br \/><a href=\"https:\/\/www.ombudsman.hr\/hr\/?s=zdravlje\">#zdravlje<\/a><br \/><a href=\"https:\/\/www.ombudsman.hr\/hr\/?s=zdravstvo\">#zdravstvo<\/a><br \/><a href=\"https:\/\/www.ombudsman.hr\/hr\/?s=zlo%C4%8Dini+iz+mr%C5%BEnje\">#zlo\u010dini iz mr\u017enje<\/a><br \/><a href=\"https:\/\/www.ombudsman.hr\/hr\/?s=analiza\">#analiza<\/a><br \/><a href=\"https:\/\/www.ombudsman.hr\/hr\/?s=intersekcionalnost\">#intersekcionalnost<\/a><br \/><a href=\"https:\/\/www.ombudsman.hr\/hr\/?s=umjetna+inteligencija\">#umjetna inteligencija<\/a><br \/><a href=\"https:\/\/www.ombudsman.hr\/hr\/?s=rat+u+ukrajini\">#Ukrajina<\/a><br \/><a href=\"https:\/\/www.ombudsman.hr\/hr\/?s=privremena+za%C5%A1tita\">#privremena za\u0161tita<\/a><\/p>\t\t\t\t\t\t\t\t<\/div>\n\t\t\t\t<\/div>\n\t\t\t\t\t<\/div>\n\t\t<\/div>\n\t\t\t\t\t<\/div>\n\t\t<\/section>\n\t\t\t\t<\/div>\n\t\t","protected":false},"excerpt":{"rendered":"","protected":false},"author":2,"featured_media":0,"parent":0,"menu_order":0,"comment_status":"closed","ping_status":"closed","template":"","meta":{"footnotes":""},"tags":[],"class_list":["post-3674","page","type-page","status-publish","hentry"],"_links":{"self":[{"href":"https:\/\/www.ombudsman.hr\/en\/wp-json\/wp\/v2\/pages\/3674","targetHints":{"allow":["GET"]}}],"collection":[{"href":"https:\/\/www.ombudsman.hr\/en\/wp-json\/wp\/v2\/pages"}],"about":[{"href":"https:\/\/www.ombudsman.hr\/en\/wp-json\/wp\/v2\/types\/page"}],"author":[{"embeddable":true,"href":"https:\/\/www.ombudsman.hr\/en\/wp-json\/wp\/v2\/users\/2"}],"replies":[{"embeddable":true,"href":"https:\/\/www.ombudsman.hr\/en\/wp-json\/wp\/v2\/comments?post=3674"}],"version-history":[{"count":19,"href":"https:\/\/www.ombudsman.hr\/en\/wp-json\/wp\/v2\/pages\/3674\/revisions"}],"predecessor-version":[{"id":20068,"href":"https:\/\/www.ombudsman.hr\/en\/wp-json\/wp\/v2\/pages\/3674\/revisions\/20068"}],"wp:attachment":[{"href":"https:\/\/www.ombudsman.hr\/en\/wp-json\/wp\/v2\/media?parent=3674"}],"wp:term":[{"taxonomy":"post_tag","embeddable":true,"href":"https:\/\/www.ombudsman.hr\/en\/wp-json\/wp\/v2\/tags?post=3674"}],"curies":[{"name":"wp","href":"https:\/\/api.w.org\/{rel}","templated":true}]}}