{"id":3670,"date":"2019-01-23T15:39:34","date_gmt":"2019-01-23T15:39:34","guid":{"rendered":"https:\/\/site2.ombudsman.hr\/?page_id=3670"},"modified":"2025-06-05T15:22:20","modified_gmt":"2025-06-05T13:22:20","slug":"kako-dobiti-besplatnu-pravnu-pomoc","status":"publish","type":"page","link":"https:\/\/www.ombudsman.hr\/en\/kako-dobiti-besplatnu-pravnu-pomoc\/","title":{"rendered":""},"content":{"rendered":"\t\t<div data-elementor-type=\"wp-page\" data-elementor-id=\"3670\" class=\"elementor elementor-3670\" data-elementor-post-type=\"page\">\n\t\t\t\t\t\t<section class=\"elementor-section elementor-top-section elementor-element elementor-element-1e82586f elementor-section-height-min-height elementor-section-boxed elementor-section-height-default elementor-section-items-middle\" data-id=\"1e82586f\" data-element_type=\"section\" data-e-type=\"section\" data-settings=\"{&quot;background_background&quot;:&quot;classic&quot;}\">\n\t\t\t\t\t\t<div class=\"elementor-container elementor-column-gap-default\">\n\t\t\t\t\t<div class=\"elementor-column elementor-col-100 elementor-top-column elementor-element elementor-element-7f0c01ff\" data-id=\"7f0c01ff\" data-element_type=\"column\" data-e-type=\"column\">\n\t\t\t<div class=\"elementor-widget-wrap elementor-element-populated\">\n\t\t\t\t\t\t<div class=\"elementor-element elementor-element-374c3951 elementor-widget elementor-widget-heading\" data-id=\"374c3951\" data-element_type=\"widget\" data-e-type=\"widget\" data-widget_type=\"heading.default\">\n\t\t\t\t<div class=\"elementor-widget-container\">\n\t\t\t\t\t<h1 class=\"elementor-heading-title elementor-size-default\">Kako dobiti besplatnu pravnu pomo\u0107?<\/h1>\t\t\t\t<\/div>\n\t\t\t\t<\/div>\n\t\t\t\t\t<\/div>\n\t\t<\/div>\n\t\t\t\t\t<\/div>\n\t\t<\/section>\n\t\t\t\t<section class=\"elementor-section elementor-top-section elementor-element elementor-element-51a88fbc elementor-section-boxed elementor-section-height-default elementor-section-height-default\" data-id=\"51a88fbc\" data-element_type=\"section\" data-e-type=\"section\">\n\t\t\t\t\t\t<div class=\"elementor-container elementor-column-gap-default\">\n\t\t\t\t\t<div class=\"elementor-column elementor-col-100 elementor-top-column elementor-element elementor-element-18c5917e\" data-id=\"18c5917e\" data-element_type=\"column\" data-e-type=\"column\">\n\t\t\t<div class=\"elementor-widget-wrap elementor-element-populated\">\n\t\t\t\t\t\t<div class=\"elementor-element elementor-element-26107910 elementor-widget elementor-widget-text-editor\" data-id=\"26107910\" data-element_type=\"widget\" data-e-type=\"widget\" data-widget_type=\"text-editor.default\">\n\t\t\t\t<div class=\"elementor-widget-container\">\n\t\t\t\t\t\t\t\t\t<p><strong>Besplatnu pravnu pomo\u0107<\/strong>&nbsp;pru\u017eaju&nbsp;<strong>ovla\u0161tene udruge<\/strong>&nbsp;i&nbsp;<strong>pravne klinike<\/strong>,&nbsp;<strong>upravna tijela<\/strong>&nbsp;<strong>u \u017eupanijama<\/strong>&nbsp;i nadle\u017eno&nbsp;<strong>upravno tijelo Grada Zagreba<\/strong>, odnosno&nbsp;<strong>odvjetnici<\/strong>, a mo\u017ee biti&nbsp;<strong>primarna<\/strong>&nbsp;i&nbsp;<strong>sekundarna<\/strong>.<\/p>\n<p><br>Pravo na nju imaju gra\u0111ani u takvim materijalnim prilikama da bi im pla\u0107anje stru\u010dne pravne pomo\u0107i moglo ugroziti uzdr\u017eavanje ku\u0107anstva, odnosno svi oni kojima&nbsp;<strong>prihodi ne prelaze imovinski prag<\/strong>&nbsp;vezan uz prora\u010dunsku osnovicu.<\/p>\n<p><br>Osoba koja \u017eeli ostvariti pravo na besplatnu pravnu pomo\u0107 treba&nbsp;<strong>podnijeti ispunjen odgovaraju\u0107i obrazac<\/strong>, te uz taj zahtjev prilo\u017eiti i suglasnost podnositelja i punoljetnih \u010dlanova njegova ku\u0107anstva o dopu\u0161tenju uvida u sve podatke o ukupnim prihodima i imovini. Zahtjev se&nbsp;<strong>podnosi u pisanom obliku<\/strong>, neposredno ili preporu\u010denom po\u0161tanskom po\u0161iljkom,<strong>&nbsp;nadle\u017enom upravnom tijelu u \u017eupaniji<\/strong>&nbsp;ili ispostavi ureda prema mjestu prebivali\u0161ta, tj. boravi\u0161ta.<\/p>\n<p><br>Osim hrvatskih dr\u017eavljana,&nbsp;<strong>pravo na besplatnu pravnu pomo\u0107 imaju<\/strong>&nbsp;i djeca koja nemaju hrvatsko dr\u017eavljanstvo, a zate\u010dena su u Republici Hrvatskoj bez pratnje odgovorne odrasle osobe, stranci na privremenom boravku uz uvjet uzajamnosti i stranac na stalnom boravku, stranci pod privremenom za\u0161titom, stranci koji nezakonito borave u Hrvatskoj te stranci na kratkotrajnom boravku u postupcima dono\u0161enja rje\u0161enja o protjerivanju ili napu\u0161tanju.<\/p>\n<p><br>Odobrena pravna pomo\u0107 mo\u017ee se odnositi na&nbsp;<strong>potpuno ili djelomi\u010dno podmirenje tro\u0161kova<\/strong>&nbsp;pravne pomo\u0107i, ovisno o imovinskom stanju podnositelja. Kad je pravna pomo\u0107 odobrena djelomi\u010dno, nepokriveni dio tro\u0161kova&nbsp;<strong>nadokna\u0111uje korisnik<\/strong>&nbsp;<strong>pravne pomo\u0107i<\/strong>.<\/p>\n<p><br>Detaljne informacije o na\u010dinu ostvarivanja prava na besplatnu pravnu pomo\u0107 te potrebni obrasci mogu se prona\u0107i na&nbsp;<strong><a href=\"https:\/\/mpu.gov.hr\/besplatna-pravna-pomoc\/6184\">web stranici Ministarstva pravosu\u0111a<\/a>&nbsp;<\/strong>(ako link vodi na naslovnicu Ministarstva, informacije prona\u0111ite u rubrici Gra\u0111ani i me\u0111u ponu\u0111enim temama odaberite \u201cBesplatnu pravnu pomo\u0107\u201d). Eventualna pitanja vezana uz ovu tematiku mogu se postaviti na adresu elektroni\u010dke po\u0161te&nbsp;<strong><a href=\"mailto:besplatna.pravna.pomoc@pravosudje.hr\">besplatna.pravna.pomoc@pravosudje.hr<\/a>,<\/strong>&nbsp;odnosno upravnim tijelima u \u017eupanijama.<\/p>\t\t\t\t\t\t\t\t<\/div>\n\t\t\t\t<\/div>\n\t\t\t\t\t<\/div>\n\t\t<\/div>\n\t\t\t\t\t<\/div>\n\t\t<\/section>\n\t\t\t\t<\/div>\n\t\t","protected":false},"excerpt":{"rendered":"","protected":false},"author":2,"featured_media":0,"parent":0,"menu_order":0,"comment_status":"closed","ping_status":"closed","template":"","meta":{"footnotes":""},"tags":[],"class_list":["post-3670","page","type-page","status-publish","hentry"],"_links":{"self":[{"href":"https:\/\/www.ombudsman.hr\/en\/wp-json\/wp\/v2\/pages\/3670","targetHints":{"allow":["GET"]}}],"collection":[{"href":"https:\/\/www.ombudsman.hr\/en\/wp-json\/wp\/v2\/pages"}],"about":[{"href":"https:\/\/www.ombudsman.hr\/en\/wp-json\/wp\/v2\/types\/page"}],"author":[{"embeddable":true,"href":"https:\/\/www.ombudsman.hr\/en\/wp-json\/wp\/v2\/users\/2"}],"replies":[{"embeddable":true,"href":"https:\/\/www.ombudsman.hr\/en\/wp-json\/wp\/v2\/comments?post=3670"}],"version-history":[{"count":20,"href":"https:\/\/www.ombudsman.hr\/en\/wp-json\/wp\/v2\/pages\/3670\/revisions"}],"predecessor-version":[{"id":20696,"href":"https:\/\/www.ombudsman.hr\/en\/wp-json\/wp\/v2\/pages\/3670\/revisions\/20696"}],"wp:attachment":[{"href":"https:\/\/www.ombudsman.hr\/en\/wp-json\/wp\/v2\/media?parent=3670"}],"wp:term":[{"taxonomy":"post_tag","embeddable":true,"href":"https:\/\/www.ombudsman.hr\/en\/wp-json\/wp\/v2\/tags?post=3670"}],"curies":[{"name":"wp","href":"https:\/\/api.w.org\/{rel}","templated":true}]}}