{"id":3648,"date":"2019-01-18T19:42:54","date_gmt":"2019-01-18T19:42:54","guid":{"rendered":"https:\/\/site2.ombudsman.hr\/?page_id=3648"},"modified":"2025-01-13T13:39:48","modified_gmt":"2025-01-13T11:39:48","slug":"sto-radimo","status":"publish","type":"page","link":"https:\/\/www.ombudsman.hr\/en\/sto-radimo\/","title":{"rendered":""},"content":{"rendered":"\t\t<div data-elementor-type=\"wp-page\" data-elementor-id=\"3648\" class=\"elementor elementor-3648\" data-elementor-post-type=\"page\">\n\t\t\t\t\t\t<section class=\"elementor-section elementor-top-section elementor-element elementor-element-f9f7f68 elementor-section-height-min-height elementor-section-boxed elementor-section-height-default elementor-section-items-middle\" data-id=\"f9f7f68\" data-element_type=\"section\" data-e-type=\"section\" data-settings=\"{&quot;background_background&quot;:&quot;classic&quot;}\">\n\t\t\t\t\t\t<div class=\"elementor-container elementor-column-gap-default\">\n\t\t\t\t\t<div class=\"elementor-column elementor-col-100 elementor-top-column elementor-element elementor-element-fd44c20\" data-id=\"fd44c20\" data-element_type=\"column\" data-e-type=\"column\">\n\t\t\t<div class=\"elementor-widget-wrap elementor-element-populated\">\n\t\t\t\t\t\t<div class=\"elementor-element elementor-element-ab658b5 elementor-widget elementor-widget-heading\" data-id=\"ab658b5\" data-element_type=\"widget\" data-e-type=\"widget\" data-widget_type=\"heading.default\">\n\t\t\t\t<div class=\"elementor-widget-container\">\n\t\t\t\t\t<h1 class=\"elementor-heading-title elementor-size-default\">\u0160to radimo?<\/h1>\t\t\t\t<\/div>\n\t\t\t\t<\/div>\n\t\t\t\t\t<\/div>\n\t\t<\/div>\n\t\t\t\t\t<\/div>\n\t\t<\/section>\n\t\t\t\t<section class=\"elementor-section elementor-top-section elementor-element elementor-element-201c56b elementor-section-boxed elementor-section-height-default elementor-section-height-default\" data-id=\"201c56b\" data-element_type=\"section\" data-e-type=\"section\">\n\t\t\t\t\t\t<div class=\"elementor-container elementor-column-gap-default\">\n\t\t\t\t\t<div class=\"elementor-column elementor-col-100 elementor-top-column elementor-element elementor-element-8f96fcb\" data-id=\"8f96fcb\" data-element_type=\"column\" data-e-type=\"column\">\n\t\t\t<div class=\"elementor-widget-wrap elementor-element-populated\">\n\t\t\t\t\t\t<div class=\"elementor-element elementor-element-3f48ef2 elementor-widget elementor-widget-text-editor\" data-id=\"3f48ef2\" data-element_type=\"widget\" data-e-type=\"widget\" data-widget_type=\"text-editor.default\">\n\t\t\t\t<div class=\"elementor-widget-container\">\n\t\t\t\t\t\t\t\t\t<p><span style=\"font-size: 16px;\">Pu\u010dka pravobraniteljica <strong>opunomo\u0107enica je Hrvatskoga sabora za za\u0161titu i promicanje ljudskih prava i sloboda<\/strong>, <strong>sredi\u0161nje je tijelo za suzbijanje diskriminacije<\/strong>, djeluje kao <strong>Nacionalni preventivni mehanizam za spre\u010davanje mu\u010denja i drugih okrutnih, neljudskih ili poni\u017eavaju\u0107ih postupaka ili ka\u017enjavanja<\/strong> (osobe li\u0161ene slobode), a nadle\u017ena je i za <strong>vanjsko prijavljivanje nepravilnosti<\/strong>. <\/span><\/p><p><span style=\"font-size: 16px;\">U svom radu je<strong> samostalna<\/strong> i <strong>neovisna<\/strong>.<\/span><\/p><p><span style=\"font-size: 16px;\">Pu\u010dkog pravobranitelja i njegove zamjenike bira Hrvatski sabor na razdoblje od <strong>8 godina<\/strong>.<\/span><\/p><p><span style=\"font-size: 16px;\"><strong>19. o\u017eujka 2021.<\/strong> godine za pu\u010dku pravobraniteljicu izabrana je <strong>Tena \u0160imonovi\u0107 Einwalter<\/strong>.<\/span><\/p>\t\t\t\t\t\t\t\t<\/div>\n\t\t\t\t<\/div>\n\t\t\t\t\t<\/div>\n\t\t<\/div>\n\t\t\t\t\t<\/div>\n\t\t<\/section>\n\t\t\t\t<section class=\"elementor-section elementor-top-section elementor-element elementor-element-db5da10 elementor-section-boxed elementor-section-height-default elementor-section-height-default\" data-id=\"db5da10\" data-element_type=\"section\" data-e-type=\"section\">\n\t\t\t\t\t\t<div class=\"elementor-container elementor-column-gap-default\">\n\t\t\t\t\t<div class=\"elementor-column elementor-col-100 elementor-top-column elementor-element elementor-element-f7b8c4b\" data-id=\"f7b8c4b\" data-element_type=\"column\" data-e-type=\"column\">\n\t\t\t<div class=\"elementor-widget-wrap elementor-element-populated\">\n\t\t\t\t\t\t<div class=\"elementor-element elementor-element-77cd2c1 elementor-widget elementor-widget-image\" data-id=\"77cd2c1\" data-element_type=\"widget\" data-e-type=\"widget\" data-widget_type=\"image.default\">\n\t\t\t\t<div class=\"elementor-widget-container\">\n\t\t\t\t\t\t\t\t\t\t\t\t\t\t\t<img fetchpriority=\"high\" decoding=\"async\" width=\"800\" height=\"450\" src=\"https:\/\/www.ombudsman.hr\/wp-content\/uploads\/2024\/03\/PUCKA-PRAVOBRANITELJICA-2-1024x576-1.png\" class=\"attachment-large size-large wp-image-19032\" alt=\"\" srcset=\"https:\/\/www.ombudsman.hr\/wp-content\/uploads\/2024\/03\/PUCKA-PRAVOBRANITELJICA-2-1024x576-1.png 1024w, https:\/\/www.ombudsman.hr\/wp-content\/uploads\/2024\/03\/PUCKA-PRAVOBRANITELJICA-2-1024x576-1-300x169.png 300w, https:\/\/www.ombudsman.hr\/wp-content\/uploads\/2024\/03\/PUCKA-PRAVOBRANITELJICA-2-1024x576-1-768x432.png 768w\" sizes=\"(max-width: 800px) 100vw, 800px\" \/>\t\t\t\t\t\t\t\t\t\t\t\t\t\t\t<\/div>\n\t\t\t\t<\/div>\n\t\t\t\t\t<\/div>\n\t\t<\/div>\n\t\t\t\t\t<\/div>\n\t\t<\/section>\n\t\t\t\t<\/div>\n\t\t","protected":false},"excerpt":{"rendered":"","protected":false},"author":2,"featured_media":0,"parent":0,"menu_order":0,"comment_status":"closed","ping_status":"closed","template":"","meta":{"footnotes":""},"tags":[],"class_list":["post-3648","page","type-page","status-publish","hentry"],"_links":{"self":[{"href":"https:\/\/www.ombudsman.hr\/en\/wp-json\/wp\/v2\/pages\/3648","targetHints":{"allow":["GET"]}}],"collection":[{"href":"https:\/\/www.ombudsman.hr\/en\/wp-json\/wp\/v2\/pages"}],"about":[{"href":"https:\/\/www.ombudsman.hr\/en\/wp-json\/wp\/v2\/types\/page"}],"author":[{"embeddable":true,"href":"https:\/\/www.ombudsman.hr\/en\/wp-json\/wp\/v2\/users\/2"}],"replies":[{"embeddable":true,"href":"https:\/\/www.ombudsman.hr\/en\/wp-json\/wp\/v2\/comments?post=3648"}],"version-history":[{"count":39,"href":"https:\/\/www.ombudsman.hr\/en\/wp-json\/wp\/v2\/pages\/3648\/revisions"}],"predecessor-version":[{"id":20083,"href":"https:\/\/www.ombudsman.hr\/en\/wp-json\/wp\/v2\/pages\/3648\/revisions\/20083"}],"wp:attachment":[{"href":"https:\/\/www.ombudsman.hr\/en\/wp-json\/wp\/v2\/media?parent=3648"}],"wp:term":[{"taxonomy":"post_tag","embeddable":true,"href":"https:\/\/www.ombudsman.hr\/en\/wp-json\/wp\/v2\/tags?post=3648"}],"curies":[{"name":"wp","href":"https:\/\/api.w.org\/{rel}","templated":true}]}}