{"id":20301,"date":"2025-01-23T16:00:47","date_gmt":"2025-01-23T14:00:47","guid":{"rendered":"https:\/\/stagesite.ombudsman.hr\/hr\/?page_id=20301"},"modified":"2025-06-06T15:56:40","modified_gmt":"2025-06-06T13:56:40","slug":"antidiskriminacijske-kontakt-to-ke","status":"publish","type":"page","link":"https:\/\/www.ombudsman.hr\/en\/antidiskriminacijske-kontakt-to-ke\/","title":{"rendered":""},"content":{"rendered":"\t\t<div data-elementor-type=\"wp-page\" data-elementor-id=\"20301\" class=\"elementor elementor-20301\" data-elementor-post-type=\"page\">\n\t\t\t\t\t\t<section class=\"elementor-section elementor-top-section elementor-element elementor-element-89366dd elementor-section-height-min-height elementor-section-boxed elementor-section-height-default elementor-section-items-middle\" data-id=\"89366dd\" data-element_type=\"section\" data-e-type=\"section\" data-settings=\"{&quot;background_background&quot;:&quot;classic&quot;}\">\n\t\t\t\t\t\t<div class=\"elementor-container elementor-column-gap-default\">\n\t\t\t\t\t<div class=\"elementor-column elementor-col-100 elementor-top-column elementor-element elementor-element-7ece42e\" data-id=\"7ece42e\" data-element_type=\"column\" data-e-type=\"column\">\n\t\t\t<div class=\"elementor-widget-wrap elementor-element-populated\">\n\t\t\t\t\t\t<div class=\"elementor-element elementor-element-c5f7b86 elementor-widget elementor-widget-heading\" data-id=\"c5f7b86\" data-element_type=\"widget\" data-e-type=\"widget\" data-widget_type=\"heading.default\">\n\t\t\t\t<div class=\"elementor-widget-container\">\n\t\t\t\t\t<h1 class=\"elementor-heading-title elementor-size-default\">Antidiskriminacijske kontakt to\u010dke<\/h1>\t\t\t\t<\/div>\n\t\t\t\t<\/div>\n\t\t\t\t\t<\/div>\n\t\t<\/div>\n\t\t\t\t\t<\/div>\n\t\t<\/section>\n\t\t\t\t<section class=\"elementor-section elementor-top-section elementor-element elementor-element-668313c elementor-section-boxed elementor-section-height-default elementor-section-height-default\" data-id=\"668313c\" data-element_type=\"section\" data-e-type=\"section\">\n\t\t\t\t\t\t<div class=\"elementor-container elementor-column-gap-default\">\n\t\t\t\t\t<div class=\"elementor-column elementor-col-100 elementor-top-column elementor-element elementor-element-99d9db7\" data-id=\"99d9db7\" data-element_type=\"column\" data-e-type=\"column\">\n\t\t\t<div class=\"elementor-widget-wrap elementor-element-populated\">\n\t\t\t\t\t\t<div class=\"elementor-element elementor-element-ed52b22 elementor-widget elementor-widget-text-editor\" data-id=\"ed52b22\" data-element_type=\"widget\" data-e-type=\"widget\" data-widget_type=\"text-editor.default\">\n\t\t\t\t<div class=\"elementor-widget-container\">\n\t\t\t\t\t\t\t\t\t<p>Pu\u010dka pravobraniteljica kao sredi\u0161nje tijelo za suzbijanje diskriminacije sura\u0111uje s brojnim akterima, a me\u0111u njima su i antidiskriminacijske kontakt to\u010dke. S njima je pu\u010dka pravobraniteljice potpisala sporazum o suradnji.<\/p><p>\u00a0<\/p><p>Rije\u010d je o 11 organizacija civilnog dru\u0161tva koje su odabrane 2018. godine nakon javnog poziva, s ciljem sna\u017eenja borbe protiv diskriminacije na nacionalnoj, regionalnoj i lokalnoj razini.<\/p><p>\u00a0<\/p><p>Antidiskriminacijske kontakt to\u010dke su udruge: B.a.B.e., Centar za gra\u0111anske inicijative Pore\u010d, Centar za mir, nenasilje i ljudska prava Osijek, Centar za mirovne studije, Festival suvremenog \u017eidovskog filma Zagreb, Udruga za ljudska prava i gra\u0111ansku participaciju PaRiter iz Rijeke, Informativno pravni centar iz Slavonskog Broda, Projekt gra\u0111anskih prava Sisak, SOS Rijeka \u2013 Centar za nenasilje i ljudska prava iz Rijeke, Srpsko narodno vije\u0107e \u2013 Nacionalna koordinacija vije\u0107a srpske nacionalne manjine u Hrvatskoj i udruga Status M.<\/p><p>\u00a0<\/p><p>Od stupanja na snagu Zakona o suzbijanju diskriminacije 2009., institucija sura\u0111uje s nizom organizacija civilnoga dru\u0161tva pri izradi godi\u0161njih izvje\u0161\u0107a, kako je ovim Zakonom i predvi\u0111eno. Intenzivnija suradnja uspostavljena je 2012. s pet organizacija, koje su funkcionirale kao regionalne antidiskriminacijske kontakt to\u010dke. Suradnja je 2018. godine dodatno pro\u0161irena te je uspostavljena \u0161ira mre\u017ea koja \u0107e slu\u017eiti i razmjeni informacija te planiranju zajedni\u010dkih inicijativa usmjerenih na borbu protiv nejednakosti, ali i promicanje jednakog postupanja.<\/p>\t\t\t\t\t\t\t\t<\/div>\n\t\t\t\t<\/div>\n\t\t\t\t\t<\/div>\n\t\t<\/div>\n\t\t\t\t\t<\/div>\n\t\t<\/section>\n\t\t\t\t<\/div>\n\t\t","protected":false},"excerpt":{"rendered":"","protected":false},"author":1,"featured_media":0,"parent":0,"menu_order":0,"comment_status":"closed","ping_status":"closed","template":"","meta":{"footnotes":""},"tags":[],"class_list":["post-20301","page","type-page","status-publish","hentry"],"_links":{"self":[{"href":"https:\/\/www.ombudsman.hr\/en\/wp-json\/wp\/v2\/pages\/20301","targetHints":{"allow":["GET"]}}],"collection":[{"href":"https:\/\/www.ombudsman.hr\/en\/wp-json\/wp\/v2\/pages"}],"about":[{"href":"https:\/\/www.ombudsman.hr\/en\/wp-json\/wp\/v2\/types\/page"}],"author":[{"embeddable":true,"href":"https:\/\/www.ombudsman.hr\/en\/wp-json\/wp\/v2\/users\/1"}],"replies":[{"embeddable":true,"href":"https:\/\/www.ombudsman.hr\/en\/wp-json\/wp\/v2\/comments?post=20301"}],"version-history":[{"count":10,"href":"https:\/\/www.ombudsman.hr\/en\/wp-json\/wp\/v2\/pages\/20301\/revisions"}],"predecessor-version":[{"id":20830,"href":"https:\/\/www.ombudsman.hr\/en\/wp-json\/wp\/v2\/pages\/20301\/revisions\/20830"}],"wp:attachment":[{"href":"https:\/\/www.ombudsman.hr\/en\/wp-json\/wp\/v2\/media?parent=20301"}],"wp:term":[{"taxonomy":"post_tag","embeddable":true,"href":"https:\/\/www.ombudsman.hr\/en\/wp-json\/wp\/v2\/tags?post=20301"}],"curies":[{"name":"wp","href":"https:\/\/api.w.org\/{rel}","templated":true}]}}