{"id":20296,"date":"2025-01-23T15:58:39","date_gmt":"2025-01-23T13:58:39","guid":{"rendered":"https:\/\/stagesite.ombudsman.hr\/hr\/?page_id=20296"},"modified":"2025-06-06T15:53:40","modified_gmt":"2025-06-06T13:53:40","slug":"me-uinstitucionalna-suradnja","status":"publish","type":"page","link":"https:\/\/www.ombudsman.hr\/en\/me-uinstitucionalna-suradnja\/","title":{"rendered":""},"content":{"rendered":"\t\t<div data-elementor-type=\"wp-page\" data-elementor-id=\"20296\" class=\"elementor elementor-20296\" data-elementor-post-type=\"page\">\n\t\t\t\t\t\t<section class=\"elementor-section elementor-top-section elementor-element elementor-element-1085878 elementor-section-height-min-height elementor-section-boxed elementor-section-height-default elementor-section-items-middle\" data-id=\"1085878\" data-element_type=\"section\" data-e-type=\"section\" data-settings=\"{&quot;background_background&quot;:&quot;classic&quot;}\">\n\t\t\t\t\t\t<div class=\"elementor-container elementor-column-gap-default\">\n\t\t\t\t\t<div class=\"elementor-column elementor-col-100 elementor-top-column elementor-element elementor-element-fe9370c\" data-id=\"fe9370c\" data-element_type=\"column\" data-e-type=\"column\">\n\t\t\t<div class=\"elementor-widget-wrap elementor-element-populated\">\n\t\t\t\t\t\t<div class=\"elementor-element elementor-element-6d6c750 elementor-widget elementor-widget-heading\" data-id=\"6d6c750\" data-element_type=\"widget\" data-e-type=\"widget\" data-widget_type=\"heading.default\">\n\t\t\t\t<div class=\"elementor-widget-container\">\n\t\t\t\t\t<h1 class=\"elementor-heading-title elementor-size-default\">Me\u0111uinstitucionalna suradnja<\/h1>\t\t\t\t<\/div>\n\t\t\t\t<\/div>\n\t\t\t\t\t<\/div>\n\t\t<\/div>\n\t\t\t\t\t<\/div>\n\t\t<\/section>\n\t\t\t\t<section class=\"elementor-section elementor-top-section elementor-element elementor-element-10e7b0d elementor-section-boxed elementor-section-height-default elementor-section-height-default\" data-id=\"10e7b0d\" data-element_type=\"section\" data-e-type=\"section\">\n\t\t\t\t\t\t<div class=\"elementor-container elementor-column-gap-default\">\n\t\t\t\t\t<div class=\"elementor-column elementor-col-100 elementor-top-column elementor-element elementor-element-e45dabc\" data-id=\"e45dabc\" data-element_type=\"column\" data-e-type=\"column\">\n\t\t\t<div class=\"elementor-widget-wrap elementor-element-populated\">\n\t\t\t\t\t\t<div class=\"elementor-element elementor-element-3870699 elementor-widget elementor-widget-text-editor\" data-id=\"3870699\" data-element_type=\"widget\" data-e-type=\"widget\" data-widget_type=\"text-editor.default\">\n\t\t\t\t<div class=\"elementor-widget-container\">\n\t\t\t\t\t\t\t\t\t<p>Osim Ustavom RH osnovane institucije pu\u010dke pravobraniteljice, u sustavu za\u0161tite ljudskih prava i suzbijanja diskriminacije u Hrvatskoj djeluju i zakonom osnovane institucije posebnih pravobraniteljstava \u2013 za djecu, za ravnopravnost spolova i za osobe s invaliditetom.<\/p><p>\u00a0<\/p><p>Na taj na\u010din, sustav za\u0161tite i promicanja ljudskih prava i jednakosti je segmentiran, zbog \u010dega je me\u0111usobna suradnja osobito va\u017ena. Upravo stoga, a s ciljem ja\u010danja za\u0161tite gra\u0111ana, 10. prosinca 2013. godine potpisan je <a href=\"https:\/\/www.ombudsman.hr\/wp-content\/uploads\/2021\/09\/Sporazum-o-meduinstitucionalnoj-suradnji-pravobraniteljskih-institucija.pdf\">Sporazum o me\u0111uinstitucionalnoj suradnji<\/a> izme\u0111u pu\u010dke pravobraniteljice, pravobraniteljice za ravnopravnost spolova, pravobraniteljice za osobe s invaliditetom i pravobraniteljice za djecu.<\/p><p>\u00a0<\/p><p>Sporazum posebice nagla\u0161ava suradnju u radu na pritu\u017ebama gra\u0111ana, kod obilazaka i pregleda mjesta na kojima se nalaze osobe li\u0161ene slobode, provo\u0111enju istra\u017eivanja, izvje\u0161tavanju o pitanjima diskriminacije, edukaciji zaposlenika te na raznim projektima, u javnim nastupima s ciljem za\u0161tite i promicanja ljudskih prava te suzbijanja diskriminacije i promicanja jednakosti.<\/p>\t\t\t\t\t\t\t\t<\/div>\n\t\t\t\t<\/div>\n\t\t\t\t\t<\/div>\n\t\t<\/div>\n\t\t\t\t\t<\/div>\n\t\t<\/section>\n\t\t\t\t<\/div>\n\t\t","protected":false},"excerpt":{"rendered":"","protected":false},"author":1,"featured_media":0,"parent":0,"menu_order":0,"comment_status":"closed","ping_status":"closed","template":"","meta":{"footnotes":""},"tags":[],"class_list":["post-20296","page","type-page","status-publish","hentry"],"_links":{"self":[{"href":"https:\/\/www.ombudsman.hr\/en\/wp-json\/wp\/v2\/pages\/20296","targetHints":{"allow":["GET"]}}],"collection":[{"href":"https:\/\/www.ombudsman.hr\/en\/wp-json\/wp\/v2\/pages"}],"about":[{"href":"https:\/\/www.ombudsman.hr\/en\/wp-json\/wp\/v2\/types\/page"}],"author":[{"embeddable":true,"href":"https:\/\/www.ombudsman.hr\/en\/wp-json\/wp\/v2\/users\/1"}],"replies":[{"embeddable":true,"href":"https:\/\/www.ombudsman.hr\/en\/wp-json\/wp\/v2\/comments?post=20296"}],"version-history":[{"count":10,"href":"https:\/\/www.ombudsman.hr\/en\/wp-json\/wp\/v2\/pages\/20296\/revisions"}],"predecessor-version":[{"id":20818,"href":"https:\/\/www.ombudsman.hr\/en\/wp-json\/wp\/v2\/pages\/20296\/revisions\/20818"}],"wp:attachment":[{"href":"https:\/\/www.ombudsman.hr\/en\/wp-json\/wp\/v2\/media?parent=20296"}],"wp:term":[{"taxonomy":"post_tag","embeddable":true,"href":"https:\/\/www.ombudsman.hr\/en\/wp-json\/wp\/v2\/tags?post=20296"}],"curies":[{"name":"wp","href":"https:\/\/api.w.org\/{rel}","templated":true}]}}