{"id":20288,"date":"2025-01-23T15:52:39","date_gmt":"2025-01-23T13:52:39","guid":{"rendered":"https:\/\/stagesite.ombudsman.hr\/hr\/?page_id=20288"},"modified":"2025-06-06T15:55:55","modified_gmt":"2025-06-06T13:55:55","slug":"savjet-za-ljudska-prava","status":"publish","type":"page","link":"https:\/\/www.ombudsman.hr\/en\/savjet-za-ljudska-prava\/","title":{"rendered":""},"content":{"rendered":"\t\t<div data-elementor-type=\"wp-page\" data-elementor-id=\"20288\" class=\"elementor elementor-20288\" data-elementor-post-type=\"page\">\n\t\t\t\t\t\t<section class=\"elementor-section elementor-top-section elementor-element elementor-element-eb6b431 elementor-section-height-min-height elementor-section-boxed elementor-section-height-default elementor-section-items-middle\" data-id=\"eb6b431\" data-element_type=\"section\" data-e-type=\"section\" data-settings=\"{&quot;background_background&quot;:&quot;classic&quot;}\">\n\t\t\t\t\t\t<div class=\"elementor-container elementor-column-gap-default\">\n\t\t\t\t\t<div class=\"elementor-column elementor-col-100 elementor-top-column elementor-element elementor-element-ed5d478\" data-id=\"ed5d478\" data-element_type=\"column\" data-e-type=\"column\">\n\t\t\t<div class=\"elementor-widget-wrap elementor-element-populated\">\n\t\t\t\t\t\t<div class=\"elementor-element elementor-element-fafb7bf elementor-widget elementor-widget-heading\" data-id=\"fafb7bf\" data-element_type=\"widget\" data-e-type=\"widget\" data-widget_type=\"heading.default\">\n\t\t\t\t<div class=\"elementor-widget-container\">\n\t\t\t\t\t<h1 class=\"elementor-heading-title elementor-size-default\">Savjet za ljudska prava pu\u010dke pravobraniteljice<\/h1>\t\t\t\t<\/div>\n\t\t\t\t<\/div>\n\t\t\t\t\t<\/div>\n\t\t<\/div>\n\t\t\t\t\t<\/div>\n\t\t<\/section>\n\t\t\t\t<section class=\"elementor-section elementor-top-section elementor-element elementor-element-26f7e6e elementor-section-boxed elementor-section-height-default elementor-section-height-default\" data-id=\"26f7e6e\" data-element_type=\"section\" data-e-type=\"section\">\n\t\t\t\t\t\t<div class=\"elementor-container elementor-column-gap-default\">\n\t\t\t\t\t<div class=\"elementor-column elementor-col-100 elementor-top-column elementor-element elementor-element-84a9f01\" data-id=\"84a9f01\" data-element_type=\"column\" data-e-type=\"column\">\n\t\t\t<div class=\"elementor-widget-wrap elementor-element-populated\">\n\t\t\t\t\t\t<div class=\"elementor-element elementor-element-ee4ee09 elementor-widget elementor-widget-text-editor\" data-id=\"ee4ee09\" data-element_type=\"widget\" data-e-type=\"widget\" data-widget_type=\"text-editor.default\">\n\t\t\t\t<div class=\"elementor-widget-container\">\n\t\t\t\t\t\t\t\t\t<p>Savjet za ljudska prava pu\u010dke pravobraniteljice savjetodavno je tijelo od osam \u010dlanova, po dva predstavnika organizacija civilnog dru\u0161tva, nacionalnih manjina, akademske zajednice i medija.<\/p><p>\u00a0<\/p><p>\u010clanovi aktualnog Savjeta za ljudska prava su Ana Horvat Vukovi\u0107 (Pravni fakultet Sveu\u010dili\u0161ta u Zagrebu) i Matija Milo\u0161 (Pravni fakultet Sveu\u010dili\u0161ta u Rijeci) kao predstavnici akademske zajednice, Paulina Arbutina kao predstavnica srpske nacionalne manjine i Rosa Or\u0161u\u0161 kao predstavnica romske nacionalne manjine, Marija Udiljak (HINA) i Melisa Skender (HND) kao predstavnice medija te \u017deljka Leljak Gracin (Zelena akcija) i Natalija Havelka (Centar za mir, nenasilje i ljudska prava Osijek) kao predstavnice civilnog dru\u0161tva.<\/p><p>\u00a0<\/p><p>Prema Zakonu o pu\u010dkom pravobranitelju, Savjet za ljudska prava pu\u010dkog pravobranitelja savjetodavno je tijelo koje razmatra i predla\u017ee strate\u0161ke smjernice u podru\u010dju promicanja ljudskih prava i sloboda, osigurava kontinuiranu suradnju u podru\u010dju ljudskih prava i sloboda izme\u0111u pu\u010dkog pravobranitelja, civilnog dru\u0161tva, akademske zajednice i medija te razmatra druga pitanja od zna\u010daja za rad pu\u010dkog pravobranitelja u podru\u010dju promicanja ljudskih prava i sloboda.<\/p><p>\u00a0<\/p><p>\u010clanove Savjeta imenuje pu\u010dki pravobranitelj na vrijeme od \u010detiri godine. \u010clanovi za svoj rad u Savjetu ne primaju naknadu.<\/p><p>\u00a0<\/p><p>\u010clanovi prethodnog saziva Savjeta bili su: Tvrtko Barun (Isusova\u010dka slu\u017eba za izbjeglice), Sanja Bari\u0107 (Pravni fakultet Sveu\u010dili\u0161ta u Rijeci), Gordana Vilovi\u0107 (Fakultet politi\u010dkih znanosti Sveu\u010dili\u0161ta u Zagrebu), Ema Tarabochia (HND), Antonija Petri\u010du\u0161i\u0107 (predstavnica srpske nacionalne manjine), Milan Mitrovi\u0107 (predstavnik romske nacionalne manjine) i Ivan Novosel (Ku\u0107a ljudskih prava.<\/p><p>\u00a0<\/p><p>\u010clanovi prvog saziva Savjeta bili su: \u0110ordana Barbari\u0107 (udruga MoSt iz Splita), Enes Kulenovi\u0107 (Fakultet politi\u010dkih znanosti Sveu\u010dili\u0161ta u Zagrebu), Mira Luli\u0107 (Pravni fakultet Sveu\u010dili\u0161ta u Osijeku), Dragutin Lu\u010di\u0107 (novinar i urednik), Darko Marku\u0161i\u0107 (novinar i urednik), Ljubo Manojlovi\u0107 (predstavnik srpske nacionalne manjine), Amina Nani\u0107 (predstavnica bo\u0161nja\u010dke nacionalne manjine), Ivan Novosel (Ku\u0107a ljudskih prava),<\/p>\t\t\t\t\t\t\t\t<\/div>\n\t\t\t\t<\/div>\n\t\t\t\t\t<\/div>\n\t\t<\/div>\n\t\t\t\t\t<\/div>\n\t\t<\/section>\n\t\t\t\t<\/div>\n\t\t","protected":false},"excerpt":{"rendered":"","protected":false},"author":1,"featured_media":0,"parent":0,"menu_order":0,"comment_status":"closed","ping_status":"closed","template":"","meta":{"footnotes":""},"tags":[],"class_list":["post-20288","page","type-page","status-publish","hentry"],"_links":{"self":[{"href":"https:\/\/www.ombudsman.hr\/en\/wp-json\/wp\/v2\/pages\/20288","targetHints":{"allow":["GET"]}}],"collection":[{"href":"https:\/\/www.ombudsman.hr\/en\/wp-json\/wp\/v2\/pages"}],"about":[{"href":"https:\/\/www.ombudsman.hr\/en\/wp-json\/wp\/v2\/types\/page"}],"author":[{"embeddable":true,"href":"https:\/\/www.ombudsman.hr\/en\/wp-json\/wp\/v2\/users\/1"}],"replies":[{"embeddable":true,"href":"https:\/\/www.ombudsman.hr\/en\/wp-json\/wp\/v2\/comments?post=20288"}],"version-history":[{"count":13,"href":"https:\/\/www.ombudsman.hr\/en\/wp-json\/wp\/v2\/pages\/20288\/revisions"}],"predecessor-version":[{"id":20824,"href":"https:\/\/www.ombudsman.hr\/en\/wp-json\/wp\/v2\/pages\/20288\/revisions\/20824"}],"wp:attachment":[{"href":"https:\/\/www.ombudsman.hr\/en\/wp-json\/wp\/v2\/media?parent=20288"}],"wp:term":[{"taxonomy":"post_tag","embeddable":true,"href":"https:\/\/www.ombudsman.hr\/en\/wp-json\/wp\/v2\/tags?post=20288"}],"curies":[{"name":"wp","href":"https:\/\/api.w.org\/{rel}","templated":true}]}}