{"id":18414,"date":"2023-12-13T12:38:54","date_gmt":"2023-12-13T10:38:54","guid":{"rendered":"https:\/\/stagesite.ombudsman.hr\/hr\/o-nama\/"},"modified":"2025-09-09T14:23:14","modified_gmt":"2025-09-09T12:23:14","slug":"o-nama","status":"publish","type":"page","link":"https:\/\/www.ombudsman.hr\/en\/o-nama\/","title":{"rendered":""},"content":{"rendered":"\t\t<div data-elementor-type=\"wp-page\" data-elementor-id=\"18414\" class=\"elementor elementor-18414\" data-elementor-post-type=\"page\">\n\t\t\t\t\t\t<section class=\"elementor-section elementor-top-section elementor-element elementor-element-5e3b7940 elementor-section-height-min-height elementor-section-boxed elementor-section-height-default elementor-section-items-middle\" data-id=\"5e3b7940\" data-element_type=\"section\" data-e-type=\"section\" data-settings=\"{&quot;background_background&quot;:&quot;classic&quot;}\">\n\t\t\t\t\t\t<div class=\"elementor-container elementor-column-gap-default\">\n\t\t\t\t\t<div class=\"elementor-column elementor-col-100 elementor-top-column elementor-element elementor-element-5453be7a\" data-id=\"5453be7a\" data-element_type=\"column\" data-e-type=\"column\">\n\t\t\t<div class=\"elementor-widget-wrap elementor-element-populated\">\n\t\t\t\t\t\t<div class=\"elementor-element elementor-element-7143612f elementor-widget elementor-widget-heading\" data-id=\"7143612f\" data-element_type=\"widget\" data-e-type=\"widget\" data-widget_type=\"heading.default\">\n\t\t\t\t<div class=\"elementor-widget-container\">\n\t\t\t\t\t<h1 class=\"elementor-heading-title elementor-size-default\">O nama<\/h1>\t\t\t\t<\/div>\n\t\t\t\t<\/div>\n\t\t\t\t\t<\/div>\n\t\t<\/div>\n\t\t\t\t\t<\/div>\n\t\t<\/section>\n\t\t\t\t<section class=\"elementor-section elementor-top-section elementor-element elementor-element-5f8c3dba elementor-section-boxed elementor-section-height-default elementor-section-height-default\" data-id=\"5f8c3dba\" data-element_type=\"section\" data-e-type=\"section\">\n\t\t\t\t\t\t<div class=\"elementor-container elementor-column-gap-default\">\n\t\t\t\t\t<div class=\"elementor-column elementor-col-100 elementor-top-column elementor-element elementor-element-7896f5c4\" data-id=\"7896f5c4\" data-element_type=\"column\" data-e-type=\"column\">\n\t\t\t<div class=\"elementor-widget-wrap elementor-element-populated\">\n\t\t\t\t\t\t<div class=\"elementor-element elementor-element-36965d45 elementor-widget elementor-widget-text-editor\" data-id=\"36965d45\" data-element_type=\"widget\" data-e-type=\"widget\" data-widget_type=\"text-editor.default\">\n\t\t\t\t<div class=\"elementor-widget-container\">\n\t\t\t\t\t\t\t\t\t<p>Pu\u010dka pravobraniteljica opunomo\u0107enica je Hrvatskoga sabora za za\u0161titu i promicanje ljudskih prava i sloboda. U svom radu je neovisna i samostalna.<\/p><p>Poslovi institucije uklju\u010duju:<\/p><ul><li>izvje\u0161tavanje Hrvatskog sabora o stanju ljudskih prava i jednakosti<\/li><li>postupanje po pritu\u017ebama gra\u0111ana<\/li><li>pokretanje ispitnih postupaka na vlastitu inicijativu<\/li><li>davanje mi\u0161ljenja, prijedloga, preporuka i upozorenja u slu\u010daju povrede ljudskih prava i jednakosti<\/li><li>obilaske mjesta na kojima se nalaze ili bi se mogle nalaziti ranjive skupine i osobe li\u0161ene slobode i izradu izvje\u0161\u0107a o obilasku s preporukama<\/li><li>davanje prijedloga i komentara za kvalitetnije zakone i druge propise, kao i strate\u0161ke dokumente<\/li><li>suradnju s javnopravnim tijelima na svim razinama vlasti, Hrvatskim saborom, posebnim pravobraniteljstvima, organizacijama civilnog dru\u0161tva, sveu\u010dili\u0161tima, neovisnim stru\u010dnjacima, srodnim institucijama iz drugih zemalja, europskim i me\u0111unarodnim mehanizmima za za\u0161titu ljudskih prava i brojnim drugima (UN i Vije\u0107e Europe)<\/li><li>promicanje ljudskih prava i jednakosti<\/li><li>provo\u0111enje istra\u017eivanja<\/li><li>i brojne druge.<\/li><\/ul>\t\t\t\t\t\t\t\t<\/div>\n\t\t\t\t<\/div>\n\t\t\t\t\t<\/div>\n\t\t<\/div>\n\t\t\t\t\t<\/div>\n\t\t<\/section>\n\t\t\t\t<section class=\"elementor-section elementor-top-section elementor-element elementor-element-291f1a32 elementor-section-boxed elementor-section-height-default elementor-section-height-default\" data-id=\"291f1a32\" data-element_type=\"section\" data-e-type=\"section\">\n\t\t\t\t\t\t<div class=\"elementor-container elementor-column-gap-default\">\n\t\t\t\t\t<div class=\"elementor-column elementor-col-100 elementor-top-column elementor-element elementor-element-1f2a601d\" data-id=\"1f2a601d\" data-element_type=\"column\" data-e-type=\"column\">\n\t\t\t<div class=\"elementor-widget-wrap elementor-element-populated\">\n\t\t\t\t\t\t<div class=\"elementor-element elementor-element-69269c06 elementor-widget elementor-widget-heading\" data-id=\"69269c06\" data-element_type=\"widget\" data-e-type=\"widget\" data-widget_type=\"heading.default\">\n\t\t\t\t<div class=\"elementor-widget-container\">\n\t\t\t\t\t<h2 class=\"elementor-heading-title elementor-size-default\">Pu\u010dka pravobraniteljica ove poslove obavlja djeluju\u0107i kroz \u010dak <a href=\"https:\/\/https:\/\/www.ombudsman.hr\/hr\/brosura-30-godina-institucije\/\/\">pet mandata<\/a>. To su:<\/h2>\t\t\t\t<\/div>\n\t\t\t\t<\/div>\n\t\t\t\t\t<\/div>\n\t\t<\/div>\n\t\t\t\t\t<\/div>\n\t\t<\/section>\n\t\t\t\t<section class=\"elementor-section elementor-top-section elementor-element elementor-element-4eb3b48 elementor-section-boxed elementor-section-height-default elementor-section-height-default\" data-id=\"4eb3b48\" data-element_type=\"section\" data-e-type=\"section\">\n\t\t\t\t\t\t<div class=\"elementor-container elementor-column-gap-default\">\n\t\t\t\t\t<div class=\"elementor-column elementor-col-33 elementor-top-column elementor-element elementor-element-754c70f3\" data-id=\"754c70f3\" data-element_type=\"column\" data-e-type=\"column\" data-settings=\"{&quot;background_background&quot;:&quot;classic&quot;}\">\n\t\t\t<div class=\"elementor-widget-wrap elementor-element-populated\">\n\t\t\t\t\t\t<div class=\"elementor-element elementor-element-18b7013 elementor-widget elementor-widget-heading\" data-id=\"18b7013\" data-element_type=\"widget\" data-e-type=\"widget\" data-widget_type=\"heading.default\">\n\t\t\t\t<div class=\"elementor-widget-container\">\n\t\t\t\t\t<h2 class=\"elementor-heading-title elementor-size-default\"><a href=\"https:\/\/www.ombudsman.hr\/hr\/01-mandat-ombudsman\/\">1.<\/a><\/h2>\t\t\t\t<\/div>\n\t\t\t\t<\/div>\n\t\t\t\t<div class=\"elementor-element elementor-element-1e6138ca elementor-widget elementor-widget-heading\" data-id=\"1e6138ca\" data-element_type=\"widget\" data-e-type=\"widget\" data-widget_type=\"heading.default\">\n\t\t\t\t<div class=\"elementor-widget-container\">\n\t\t\t\t\t<h3 class=\"elementor-heading-title elementor-size-default\"><a href=\"https:\/\/www.ombudsman.hr\/hr\/01-mandat-ombudsman\/\">ombudsman<\/a><\/h3>\t\t\t\t<\/div>\n\t\t\t\t<\/div>\n\t\t\t\t\t<\/div>\n\t\t<\/div>\n\t\t\t\t<div class=\"elementor-column elementor-col-33 elementor-top-column elementor-element elementor-element-757ed365\" data-id=\"757ed365\" data-element_type=\"column\" data-e-type=\"column\" data-settings=\"{&quot;background_background&quot;:&quot;classic&quot;}\">\n\t\t\t<div class=\"elementor-widget-wrap elementor-element-populated\">\n\t\t\t\t\t\t<div class=\"elementor-element elementor-element-693805ce elementor-widget elementor-widget-heading\" data-id=\"693805ce\" data-element_type=\"widget\" data-e-type=\"widget\" data-widget_type=\"heading.default\">\n\t\t\t\t<div class=\"elementor-widget-container\">\n\t\t\t\t\t<h2 class=\"elementor-heading-title elementor-size-default\"><a href=\"https:\/\/www.ombudsman.hr\/hr\/02-mandat-nacionalna-institucija-za-ljudska-prava-nhri\/\">2.<\/a><\/h2>\t\t\t\t<\/div>\n\t\t\t\t<\/div>\n\t\t\t\t<div class=\"elementor-element elementor-element-4260e5af elementor-widget elementor-widget-heading\" data-id=\"4260e5af\" data-element_type=\"widget\" data-e-type=\"widget\" data-widget_type=\"heading.default\">\n\t\t\t\t<div class=\"elementor-widget-container\">\n\t\t\t\t\t<h3 class=\"elementor-heading-title elementor-size-default\"><a href=\"https:\/\/www.ombudsman.hr\/hr\/02-mandat-nacionalna-institucija-za-ljudska-prava-nhri\/\">Nacionalna institucija za ljudska prava<\/a><\/h3>\t\t\t\t<\/div>\n\t\t\t\t<\/div>\n\t\t\t\t\t<\/div>\n\t\t<\/div>\n\t\t\t\t<div class=\"elementor-column elementor-col-33 elementor-top-column elementor-element elementor-element-246d2d37\" data-id=\"246d2d37\" data-element_type=\"column\" data-e-type=\"column\" data-settings=\"{&quot;background_background&quot;:&quot;classic&quot;}\">\n\t\t\t<div class=\"elementor-widget-wrap elementor-element-populated\">\n\t\t\t\t\t\t<div class=\"elementor-element elementor-element-61e18e01 elementor-widget elementor-widget-heading\" data-id=\"61e18e01\" data-element_type=\"widget\" data-e-type=\"widget\" data-widget_type=\"heading.default\">\n\t\t\t\t<div class=\"elementor-widget-container\">\n\t\t\t\t\t<h2 class=\"elementor-heading-title elementor-size-default\"><a href=\"https:\/\/www.ombudsman.hr\/hr\/03-mandat-sredisnje-tijelo-za-suzbijanje-diskriminacije\/\">3.<\/a><\/h2>\t\t\t\t<\/div>\n\t\t\t\t<\/div>\n\t\t\t\t<div class=\"elementor-element elementor-element-619ec58d elementor-widget elementor-widget-heading\" data-id=\"619ec58d\" data-element_type=\"widget\" data-e-type=\"widget\" data-widget_type=\"heading.default\">\n\t\t\t\t<div class=\"elementor-widget-container\">\n\t\t\t\t\t<h3 class=\"elementor-heading-title elementor-size-default\"><a href=\"https:\/\/www.ombudsman.hr\/hr\/03-mandat-sredisnje-tijelo-za-suzbijanje-diskriminacije\/\">Sredi\u0161nje tijelo za suzbijanje diskriminacije<\/a><\/h3>\t\t\t\t<\/div>\n\t\t\t\t<\/div>\n\t\t\t\t\t<\/div>\n\t\t<\/div>\n\t\t\t\t\t<\/div>\n\t\t<\/section>\n\t\t\t\t<section class=\"elementor-section elementor-top-section elementor-element elementor-element-700a0d3f elementor-section-boxed elementor-section-height-default elementor-section-height-default\" data-id=\"700a0d3f\" data-element_type=\"section\" data-e-type=\"section\">\n\t\t\t\t\t\t<div class=\"elementor-container elementor-column-gap-default\">\n\t\t\t\t\t<div class=\"elementor-column elementor-col-33 elementor-top-column elementor-element elementor-element-177892d5\" data-id=\"177892d5\" data-element_type=\"column\" data-e-type=\"column\" data-settings=\"{&quot;background_background&quot;:&quot;classic&quot;}\">\n\t\t\t<div class=\"elementor-widget-wrap elementor-element-populated\">\n\t\t\t\t\t\t<div class=\"elementor-element elementor-element-3ece297e elementor-widget elementor-widget-heading\" data-id=\"3ece297e\" data-element_type=\"widget\" data-e-type=\"widget\" data-widget_type=\"heading.default\">\n\t\t\t\t<div class=\"elementor-widget-container\">\n\t\t\t\t\t<h2 class=\"elementor-heading-title elementor-size-default\"><a href=\"https:\/\/www.ombudsman.hr\/hr\/04-mandar-nacionalni-preventivni-mehanizam-npm\/\">4.<\/a><\/h2>\t\t\t\t<\/div>\n\t\t\t\t<\/div>\n\t\t\t\t<div class=\"elementor-element elementor-element-4c2dd5e0 elementor-widget elementor-widget-heading\" data-id=\"4c2dd5e0\" data-element_type=\"widget\" data-e-type=\"widget\" data-widget_type=\"heading.default\">\n\t\t\t\t<div class=\"elementor-widget-container\">\n\t\t\t\t\t<h3 class=\"elementor-heading-title elementor-size-default\"><a href=\"https:\/\/www.ombudsman.hr\/hr\/04-mandar-nacionalni-preventivni-mehanizam-npm\/\">NPM - Nacionalni preventivni mehanizam za spre\u010davanje mu\u010denja i drugih okrutnih, neljudskih ili poni\u017eavaju\u0107ih postupaka ili ka\u017enjavanja<\/a><\/h3>\t\t\t\t<\/div>\n\t\t\t\t<\/div>\n\t\t\t\t\t<\/div>\n\t\t<\/div>\n\t\t\t\t<div class=\"elementor-column elementor-col-33 elementor-top-column elementor-element elementor-element-5380a396\" data-id=\"5380a396\" data-element_type=\"column\" data-e-type=\"column\" data-settings=\"{&quot;background_background&quot;:&quot;classic&quot;}\">\n\t\t\t<div class=\"elementor-widget-wrap elementor-element-populated\">\n\t\t\t\t\t\t<div class=\"elementor-element elementor-element-97d6403 elementor-widget elementor-widget-heading\" data-id=\"97d6403\" data-element_type=\"widget\" data-e-type=\"widget\" data-widget_type=\"heading.default\">\n\t\t\t\t<div class=\"elementor-widget-container\">\n\t\t\t\t\t<h2 class=\"elementor-heading-title elementor-size-default\"><a href=\"https:\/\/www.ombudsman.hr\/hr\/05-mandat-vanjsko-tijelo-za-prijavljivanje-nepravilnosti-zvizdaci\/\">5.<\/a><\/h2>\t\t\t\t<\/div>\n\t\t\t\t<\/div>\n\t\t\t\t<div class=\"elementor-element elementor-element-77acff44 elementor-widget elementor-widget-heading\" data-id=\"77acff44\" data-element_type=\"widget\" data-e-type=\"widget\" data-widget_type=\"heading.default\">\n\t\t\t\t<div class=\"elementor-widget-container\">\n\t\t\t\t\t<h3 class=\"elementor-heading-title elementor-size-default\"><a href=\"https:\/\/www.ombudsman.hr\/hr\/05-mandat-vanjsko-tijelo-za-prijavljivanje-nepravilnosti-zvizdaci\/\">Tijelo za vanjsko prijavljivanje nepravilnosti<\/a><\/h3>\t\t\t\t<\/div>\n\t\t\t\t<\/div>\n\t\t\t\t\t<\/div>\n\t\t<\/div>\n\t\t\t\t<div class=\"elementor-column elementor-col-33 elementor-top-column elementor-element elementor-element-3078c7b\" data-id=\"3078c7b\" data-element_type=\"column\" data-e-type=\"column\" data-settings=\"{&quot;background_background&quot;:&quot;classic&quot;}\">\n\t\t\t<div class=\"elementor-widget-wrap\">\n\t\t\t\t\t\t\t<\/div>\n\t\t<\/div>\n\t\t\t\t\t<\/div>\n\t\t<\/section>\n\t\t\t\t<section class=\"elementor-section elementor-top-section elementor-element elementor-element-4a1c00ae elementor-section-height-min-height elementor-section-boxed elementor-section-height-default elementor-section-items-middle\" data-id=\"4a1c00ae\" data-element_type=\"section\" data-e-type=\"section\" data-settings=\"{&quot;background_background&quot;:&quot;classic&quot;}\">\n\t\t\t\t\t\t\t<div class=\"elementor-background-overlay\"><\/div>\n\t\t\t\t\t\t\t<div class=\"elementor-container elementor-column-gap-default\">\n\t\t\t\t\t<div class=\"elementor-column elementor-col-100 elementor-top-column elementor-element elementor-element-34edf171\" data-id=\"34edf171\" data-element_type=\"column\" data-e-type=\"column\">\n\t\t\t<div class=\"elementor-widget-wrap elementor-element-populated\">\n\t\t\t\t\t\t<div class=\"elementor-element elementor-element-1cbe92e4 elementor-widget elementor-widget-text-editor\" data-id=\"1cbe92e4\" data-element_type=\"widget\" data-e-type=\"widget\" data-widget_type=\"text-editor.default\">\n\t\t\t\t<div class=\"elementor-widget-container\">\n\t\t\t\t\t\t\t\t\t<p>Institucija radi u okviru <a href=\"https:\/\/www.ombudsman.hr\/hr\/propisi\/\">Ustava, Zakona o pu\u010dkom pravobranitelju, Zakona o suzbijanju diskriminacije, Zakona o nacionalnom preventivnom mehanizmu za spre\u010davanje mu\u010denja i drugih okrutnih, neljudskih ili poni\u017eavaju\u0107ih postupanja ili ka\u017enjavanja i Zakona o za\u0161titi prijavitelja nepravilnosti<\/a>.<\/p><p>Osobu na \u010delu institucije pu\u010dkog pravobranitelja i njezine zamjenike bira Hrvatski sabor na razdoblje od 8 godina.<\/p><p>19. o\u017eujka 2021. godine za pu\u010dku pravobraniteljicu izabrana je <a href=\"https:\/\/www.ombudsman.hr\/hr\/pravobraniteljica\/\">Tena \u0160imonovi\u0107 Einwalter<\/a>. Njezini zamjenici su <a href=\"https:\/\/www.ombudsman.hr\/hr\/zamjenici\/\">Dijana Kesonja, Tatjana Vla\u0161i\u0107, Sa\u0161a Raji\u0107 i Sedina Dubrav\u010di\u0107<\/a>. Vi\u0161e o povijesti institucije doznajte <a href=\"https:\/\/www.ombudsman.hr\/hr\/povijest-institucije\/\">ovdje<\/a>.<\/p><p>Uredi pu\u010dke pravobraniteljice nalaze se u Zagrebu, Splitu, Osijeku i Rijeci. Sve kontakte, adrese i uredovno vrijeme za rad sa strankama <a href=\"https:\/\/www.ombudsman.hr\/hr\/kontakti\/\">mo\u017eete prona\u0107i ovdje<\/a>.<\/p><p>Pu\u010dka pravobraniteljica \u010dlanica je svih relevantnih me\u0111unarodnih mre\u017ea u podru\u010dju ljudskih prava:<\/p><ul><li>Europske mre\u017ee nacionalnih institucija za ljudska prava (ENNHRI)<\/li><li>Europske mre\u017ee tijela za jednakost (Equinet)<\/li><li>Globalnog saveza nacionalnih institucija za ljudska prava (GANHRI)<\/li><li>Me\u0111unarodnog instituta ombudsmana (IOI)<\/li><li>Mre\u017ea mediteranskih ombudsmana (AOM)<\/li><li>Mre\u017ee NPM-ova jugoisto\u010dne Europe (NPM JEE)<\/li><li>Mre\u017ee europskih tijela za za\u0161titu zvi\u017eda\u010da (NEIWA)<\/li><\/ul><p>Me\u0111unarodna suradnja uklju\u010duje brojne organizacije i institucije u okviru Europske unije, Vije\u0107a Europe, Ujedinjenih naroda i drugih.<\/p>\t\t\t\t\t\t\t\t<\/div>\n\t\t\t\t<\/div>\n\t\t\t\t\t<\/div>\n\t\t<\/div>\n\t\t\t\t\t<\/div>\n\t\t<\/section>\n\t\t\t\t<section class=\"elementor-section elementor-top-section elementor-element elementor-element-10bb744 elementor-section-boxed elementor-section-height-default elementor-section-height-default\" data-id=\"10bb744\" data-element_type=\"section\" data-e-type=\"section\">\n\t\t\t\t\t\t<div class=\"elementor-container elementor-column-gap-default\">\n\t\t\t\t\t<div class=\"elementor-column elementor-col-100 elementor-top-column elementor-element elementor-element-0bae5cc\" data-id=\"0bae5cc\" data-element_type=\"column\" data-e-type=\"column\">\n\t\t\t<div class=\"elementor-widget-wrap elementor-element-populated\">\n\t\t\t\t\t\t<div class=\"elementor-element elementor-element-9fa291a elementor-widget elementor-widget-heading\" data-id=\"9fa291a\" data-element_type=\"widget\" data-e-type=\"widget\" data-widget_type=\"heading.default\">\n\t\t\t\t<div class=\"elementor-widget-container\">\n\t\t\t\t\t<h2 class=\"elementor-heading-title elementor-size-default\">Vizija i misija:<\/h2>\t\t\t\t<\/div>\n\t\t\t\t<\/div>\n\t\t\t\t\t<\/div>\n\t\t<\/div>\n\t\t\t\t\t<\/div>\n\t\t<\/section>\n\t\t\t\t<section class=\"elementor-section elementor-top-section elementor-element elementor-element-040058e elementor-section-boxed elementor-section-height-default elementor-section-height-default\" data-id=\"040058e\" data-element_type=\"section\" data-e-type=\"section\">\n\t\t\t\t\t\t<div class=\"elementor-container elementor-column-gap-default\">\n\t\t\t\t\t<div class=\"elementor-column elementor-col-100 elementor-top-column elementor-element elementor-element-bea211f\" data-id=\"bea211f\" data-element_type=\"column\" data-e-type=\"column\">\n\t\t\t<div class=\"elementor-widget-wrap elementor-element-populated\">\n\t\t\t\t\t\t<section class=\"elementor-section elementor-inner-section elementor-element elementor-element-64a61bf elementor-section-boxed elementor-section-height-default elementor-section-height-default\" data-id=\"64a61bf\" data-element_type=\"section\" data-e-type=\"section\" data-settings=\"{&quot;motion_fx_motion_fx_scrolling&quot;:&quot;yes&quot;,&quot;motion_fx_translateY_effect&quot;:&quot;yes&quot;,&quot;motion_fx_translateY_speed&quot;:{&quot;unit&quot;:&quot;px&quot;,&quot;size&quot;:&quot;1&quot;,&quot;sizes&quot;:[]},&quot;motion_fx_translateY_affectedRange&quot;:{&quot;unit&quot;:&quot;%&quot;,&quot;size&quot;:&quot;&quot;,&quot;sizes&quot;:{&quot;start&quot;:&quot;0&quot;,&quot;end&quot;:&quot;50&quot;}},&quot;motion_fx_opacity_effect&quot;:&quot;yes&quot;,&quot;motion_fx_opacity_range&quot;:{&quot;unit&quot;:&quot;%&quot;,&quot;size&quot;:&quot;&quot;,&quot;sizes&quot;:{&quot;start&quot;:&quot;0&quot;,&quot;end&quot;:&quot;30&quot;}},&quot;motion_fx_devices&quot;:[&quot;desktop&quot;],&quot;motion_fx_opacity_direction&quot;:&quot;out-in&quot;,&quot;motion_fx_opacity_level&quot;:{&quot;unit&quot;:&quot;px&quot;,&quot;size&quot;:10,&quot;sizes&quot;:[]}}\">\n\t\t\t\t\t\t<div class=\"elementor-container elementor-column-gap-default\">\n\t\t\t\t\t<div class=\"elementor-column elementor-col-50 elementor-inner-column elementor-element elementor-element-dabc3e7\" data-id=\"dabc3e7\" data-element_type=\"column\" data-e-type=\"column\">\n\t\t\t<div class=\"elementor-widget-wrap elementor-element-populated\">\n\t\t\t\t\t\t<div class=\"elementor-element elementor-element-76c3639 elementor-cta--skin-cover elementor-cta--valign-middle elementor-widget elementor-widget-call-to-action\" data-id=\"76c3639\" data-element_type=\"widget\" data-e-type=\"widget\" data-widget_type=\"call-to-action.default\">\n\t\t\t\t<div class=\"elementor-widget-container\">\n\t\t\t\t\t\t\t<div class=\"elementor-cta\">\n\t\t\t\t\t<div class=\"elementor-cta__bg-wrapper\">\n\t\t\t\t<div class=\"elementor-cta__bg elementor-bg\" style=\"background-image: url();\" role=\"img\" aria-label=\"\"><\/div>\n\t\t\t\t<div class=\"elementor-cta__bg-overlay\"><\/div>\n\t\t\t<\/div>\n\t\t\t\t\t\t\t<div class=\"elementor-cta__content\">\n\t\t\t\t\n\t\t\t\t\t\t\t\t\t<h2 class=\"elementor-cta__title elementor-cta__content-item elementor-content-item\">\n\t\t\t\t\t\tVIZIJA\t\t\t\t\t<\/h2>\n\t\t\t\t\n\t\t\t\t\t\t\t\t\t<div class=\"elementor-cta__description elementor-cta__content-item elementor-content-item\">\n\t\t\t\t\t\tdru\u0161tvo u kojem se po\u0161tuju, promi\u010du i \u0161tite ljudska prava, u kojem je dr\u017eavna uprava pravi\u010dna, u\u010dinkovita i pristupa\u010dna, a svaki pojedinac ima jednake mogu\u0107nosti.\t\t\t\t\t<\/div>\n\t\t\t\t\n\t\t\t\t\t\t\t<\/div>\n\t\t\t\t\t\t<\/div>\n\t\t\t\t\t\t<\/div>\n\t\t\t\t<\/div>\n\t\t\t\t\t<\/div>\n\t\t<\/div>\n\t\t\t\t<div class=\"elementor-column elementor-col-50 elementor-inner-column elementor-element elementor-element-d70b34f\" data-id=\"d70b34f\" data-element_type=\"column\" data-e-type=\"column\">\n\t\t\t<div class=\"elementor-widget-wrap elementor-element-populated\">\n\t\t\t\t\t\t<div class=\"elementor-element elementor-element-ec7f6a9 elementor-cta--skin-cover elementor-cta--valign-middle elementor-widget elementor-widget-call-to-action\" data-id=\"ec7f6a9\" data-element_type=\"widget\" data-e-type=\"widget\" data-widget_type=\"call-to-action.default\">\n\t\t\t\t<div class=\"elementor-widget-container\">\n\t\t\t\t\t\t\t<div class=\"elementor-cta\">\n\t\t\t\t\t<div class=\"elementor-cta__bg-wrapper\">\n\t\t\t\t<div class=\"elementor-cta__bg elementor-bg\" style=\"background-image: url();\" role=\"img\" aria-label=\"\"><\/div>\n\t\t\t\t<div class=\"elementor-cta__bg-overlay\"><\/div>\n\t\t\t<\/div>\n\t\t\t\t\t\t\t<div class=\"elementor-cta__content\">\n\t\t\t\t\n\t\t\t\t\t\t\t\t\t<h2 class=\"elementor-cta__title elementor-cta__content-item elementor-content-item\">\n\t\t\t\t\t\tMISIJA\t\t\t\t\t<\/h2>\n\t\t\t\t\n\t\t\t\t\t\t\t\t\t<div class=\"elementor-cta__description elementor-cta__content-item elementor-content-item\">\n\t\t\t\t\t\tneovisan rad na za\u0161titi i promicanju ljudskih prava i temeljnih sloboda, suzbijanju diskriminacije, spre\u010davanju mu\u010denja djelovanjem nacionalnog preventivnog mehanizma i za\u0161titi prijavitelja nepravilnosti. Institucija koja svoje ciljeve ostvaruje izgradnjom autoriteta i povjerenja.\t\t\t\t\t<\/div>\n\t\t\t\t\n\t\t\t\t\t\t\t<\/div>\n\t\t\t\t\t\t<\/div>\n\t\t\t\t\t\t<\/div>\n\t\t\t\t<\/div>\n\t\t\t\t\t<\/div>\n\t\t<\/div>\n\t\t\t\t\t<\/div>\n\t\t<\/section>\n\t\t\t\t<section class=\"elementor-section elementor-inner-section elementor-element elementor-element-76783ca elementor-section-boxed elementor-section-height-default elementor-section-height-default\" data-id=\"76783ca\" data-element_type=\"section\" data-e-type=\"section\">\n\t\t\t\t\t\t<div class=\"elementor-container elementor-column-gap-default\">\n\t\t\t\t\t<div class=\"elementor-column elementor-col-100 elementor-inner-column elementor-element elementor-element-067ca15\" data-id=\"067ca15\" data-element_type=\"column\" data-e-type=\"column\">\n\t\t\t<div class=\"elementor-widget-wrap elementor-element-populated\">\n\t\t\t\t\t\t<div class=\"elementor-element elementor-element-44d122b elementor-widget elementor-widget-text-editor\" data-id=\"44d122b\" data-element_type=\"widget\" data-e-type=\"widget\" data-widget_type=\"text-editor.default\">\n\t\t\t\t<div class=\"elementor-widget-container\">\n\t\t\t\t\t\t\t\t\t<p>Ured pu\u010dke pravobraniteljice organiziran je po slu\u017ebama koje vodi \u010detvero zamjenika:<\/p><ul><li>Slu\u017eba za za\u0161titu ljudskih prava<\/li><li>Slu\u017eba za osobe li\u0161ene slobode i Nacionalni preventivni mehanizam<\/li><li>Slu\u017eba za suzbijanje diskriminacije<\/li><li>Slu\u017eba za komunikaciju, suradnju i promicanje ljudskih prava<\/li><li>Slu\u017eba za za\u0161titu prijavitelja nepravilnosti<\/li><li>Slu\u017eba za op\u0107e poslove<\/li><\/ul>\t\t\t\t\t\t\t\t<\/div>\n\t\t\t\t<\/div>\n\t\t\t\t\t<\/div>\n\t\t<\/div>\n\t\t\t\t\t<\/div>\n\t\t<\/section>\n\t\t\t\t\t<\/div>\n\t\t<\/div>\n\t\t\t\t\t<\/div>\n\t\t<\/section>\n\t\t\t\t<\/div>\n\t\t","protected":false},"excerpt":{"rendered":"","protected":false},"author":1,"featured_media":0,"parent":0,"menu_order":0,"comment_status":"closed","ping_status":"closed","template":"","meta":{"footnotes":""},"tags":[],"class_list":["post-18414","page","type-page","status-publish","hentry"],"_links":{"self":[{"href":"https:\/\/www.ombudsman.hr\/en\/wp-json\/wp\/v2\/pages\/18414","targetHints":{"allow":["GET"]}}],"collection":[{"href":"https:\/\/www.ombudsman.hr\/en\/wp-json\/wp\/v2\/pages"}],"about":[{"href":"https:\/\/www.ombudsman.hr\/en\/wp-json\/wp\/v2\/types\/page"}],"author":[{"embeddable":true,"href":"https:\/\/www.ombudsman.hr\/en\/wp-json\/wp\/v2\/users\/1"}],"replies":[{"embeddable":true,"href":"https:\/\/www.ombudsman.hr\/en\/wp-json\/wp\/v2\/comments?post=18414"}],"version-history":[{"count":133,"href":"https:\/\/www.ombudsman.hr\/en\/wp-json\/wp\/v2\/pages\/18414\/revisions"}],"predecessor-version":[{"id":22029,"href":"https:\/\/www.ombudsman.hr\/en\/wp-json\/wp\/v2\/pages\/18414\/revisions\/22029"}],"wp:attachment":[{"href":"https:\/\/www.ombudsman.hr\/en\/wp-json\/wp\/v2\/media?parent=18414"}],"wp:term":[{"taxonomy":"post_tag","embeddable":true,"href":"https:\/\/www.ombudsman.hr\/en\/wp-json\/wp\/v2\/tags?post=18414"}],"curies":[{"name":"wp","href":"https:\/\/api.w.org\/{rel}","templated":true}]}}